{"id":547,"date":"2022-02-14T11:42:55","date_gmt":"2022-02-14T10:42:55","guid":{"rendered":"https:\/\/antifraude.mmkt.dev\/plan-antifraude\/"},"modified":"2022-03-30T18:15:26","modified_gmt":"2022-03-30T16:15:26","slug":"pla-antifrau-recuperacio-transformacio-resiliencia","status":"publish","type":"page","link":"https:\/\/www.planantifraude.com.es\/ca\/pla-antifrau-recuperacio-transformacio-resiliencia\/","title":{"rendered":"Pla Antifrau"},"content":{"rendered":"<p>[vc_row][vc_column]<style>.ld_spacer_69fc928e2cd20{height:60px;}<\/style>\n<div class=\"ld-empty-space ld_spacer_69fc928e2cd20\"><\/div>[\/vc_column][\/vc_row][vc_row][vc_column]<style>.ld_fancy_heading_69fc928e2d047 h2{color:rgb(194, 22, 30);}@media (min-width: 1200px) { .ld_fancy_heading_69fc928e2d047 h2 {font-size:32px; }  } @media (min-width: 1200px) { .ld_fancy_heading_69fc928e2d047 h2 {font-weight:600; }  } .ld_fancy_heading_69fc928e2d047 .lqd-highlight-inner{height:0.275em!important;bottom:0px!important;}@media (min-width: 1200px) { .ld_fancy_heading_69fc928e2d047 h2 {font-size:32px; }  } @media (min-width: 1200px) { .ld_fancy_heading_69fc928e2d047 h2 {font-weight:600; }  } <\/style><div class=\"ld-fancy-heading text-center ld_fancy_heading_69fc928e2d047\">\n\t<h2 class=\"ld-fh-element lqd-highlight-underline lqd-highlight-grow-left text-decoration-default\"   >  D\u2019on venen els plans antifrau?<\/h2><\/div><style>.ld_spacer_69fc928e2d502{height:20px;}<\/style>\n<div class=\"ld-empty-space ld_spacer_69fc928e2d502\"><\/div>[vc_column_text]Les <strong>Institucions Europees<\/strong>, per tal de <strong>pal\u00b7liar els efectes econ\u00f2mics i socials derivats de la pand\u00e8mia de Covid-19<\/strong>, han posat en marxa un instrument excepcional de recuperaci\u00f3 temporal conegut com <strong><em>Next Generation UE<\/em><\/strong> (NGUE)<em>.<\/em>[\/vc_column_text][vc_row_inner full_width=&#8221;&#8221; content_placement=&#8221;middle&#8221;][vc_column_inner width=&#8221;1\/2&#8243;][vc_column_text]Els fons NGUE s\u2019articulen a trav\u00e9s de diversos programes, d\u2019entre els quals en destaca el <strong>Mecanisme de Recuperaci\u00f3 i Resili\u00e8ncia (MRR),<\/strong> que constitueix el nucli del Fons de Recuperaci\u00f3, i que es vertebra a partir del Reglament (UE) 2021\/241 del Parlament Europeu i del Consell de 12 de febrer de 2021 pel qual s&#8217;estableix el Mecanisme de Recuperaci\u00f3 i Resili\u00e8ncia.<\/p>\n<p>A <strong>nivell estatal<\/strong>, els fons MRR s\u2019han vehiculat a trav\u00e9s <strong>del Pla de Recuperaci\u00f3, Transformaci\u00f3 i Resili\u00e8ncia (PRTR)<\/strong>, que fixa un conjunt de fites i objectius d\u2019estricte compliment.[\/vc_column_text][\/vc_column_inner][vc_column_inner width=&#8221;1\/2&#8243;]<style>.ld_spacer_69fc928e2d5b6{height:32px;}<\/style>\n<div class=\"ld-empty-space ld_spacer_69fc928e2d5b6\"><\/div>[vc_single_image image=&#8221;103&#8243; css=&#8221;.vc_custom_1645173561927{border-radius: 5px !important;}&#8221;][\/vc_column_inner][\/vc_row_inner][vc_row_inner full_width=&#8221;&#8221; content_placement=&#8221;middle&#8221;][vc_column_inner width=&#8221;1\/2&#8243;][vc_single_image image=&#8221;104&#8243; css=&#8221;.vc_custom_1645173566574{border-radius: 5px !important;}&#8221;][\/vc_column_inner][vc_column_inner width=&#8221;1\/2&#8243;][vc_column_text]Amb la finalitat de configurar i desenvolupar un sistema de gesti\u00f3 orientat a definir, planificar, executar, seguir i controlar els projectes i subprojectes previstos al PRTR, va ser aprovada <strong>l\u2019Ordre HFP\/1030\/2021<\/strong>, de 29 de setembre, que <strong>configura el sistema de gesti\u00f3 del Pla de Recuperaci\u00f3, Transformaci\u00f3 i Resili\u00e8ncia.<\/strong><\/p>\n<p>L\u2019Ordre recull un seguit de principis, d\u2019entre els quals en destaca el refor\u00e7 dels mecanismes de prevenci\u00f3, detecci\u00f3 i correcci\u00f3 del frau, la corrupci\u00f3 i els conflictes d\u2019inter\u00e8s en la gesti\u00f3 i execuci\u00f3 dels fons vinculats al PRTR. Concretament, l\u2019Ordre estableix <strong>l\u2019obligaci\u00f3 que tota entitat decisora o executora que participi en l\u2019execuci\u00f3 de les mesures del PRTR haur\u00e0 de disposar d\u2019un Pla de Mesures Antifrau.<\/strong>[\/vc_column_text][\/vc_column_inner][\/vc_row_inner][\/vc_column][\/vc_row][vc_row][vc_column]<style>.ld_spacer_69fc928e2d660{height:60px;}<\/style>\n<div class=\"ld-empty-space ld_spacer_69fc928e2d660\"><\/div>[\/vc_column][\/vc_row][vc_row enable_overlay=&#8221;yes&#8221; css=&#8221;.vc_custom_1641901704616{background-image: url(https:\/\/agendaurbana.info\/wp-content\/uploads\/2022\/01\/background-equipo-daleph-agenda.jpg?id=9369) !important;background-position: center !important;background-repeat: no-repeat !important;background-size: cover !important;}&#8221; overlay_bg=&#8221;rgba(255, 255, 255, 0.67)&#8221;][vc_column]<style>.ld_spacer_69fc928e2d6eb{height:80px;}<\/style>\n<div class=\"ld-empty-space ld_spacer_69fc928e2d6eb\"><\/div><style>.ld_fancy_heading_69fc928e2d8c9 h3{color:rgb(194, 22, 30);}@media (min-width: 1200px) { .ld_fancy_heading_69fc928e2d8c9 h3 {font-size:32px; }  } @media (min-width: 1200px) { .ld_fancy_heading_69fc928e2d8c9 h3 {font-weight:600; }  } .ld_fancy_heading_69fc928e2d8c9 .lqd-highlight-inner{height:0.275em!important;bottom:0px!important;}@media (min-width: 1200px) { .ld_fancy_heading_69fc928e2d8c9 h3 {font-size:32px; }  } @media (min-width: 1200px) { .ld_fancy_heading_69fc928e2d8c9 h3 {font-weight:600; }  } <\/style><div class=\"ld-fancy-heading text-center ld_fancy_heading_69fc928e2d8c9\">\n\t<h3 class=\"ld-fh-element lqd-highlight-underline lqd-highlight-grow-left text-decoration-default\"   >  Per qu\u00e8 implementar un pla antifrau?<\/h3><\/div><style>.ld_spacer_69fc928e2dab8{height:45px;}<\/style>\n<div class=\"ld-empty-space ld_spacer_69fc928e2dab8\"><\/div>[vc_row_inner content_placement=&#8221;middle&#8221; gap=&#8221;30&#8243;][vc_column_inner offset=&#8221;vc_col-lg-7&#8243;]<style>.ld_icon_box_69fc928e2dd98 .lqd-iconbox-title{margin-bottom:15px;font-size:22px;}.ld_icon_box_69fc928e2dd98{background:rgb(255, 255, 255);}.ld_icon_box_69fc928e2dd98 .iconbox-icon-container{border-radius:px;}<\/style>\n<div class=\"iconbox iconbox-side text-align-default align-items-center iconbox-round iconbox-shadow iconbox-md iconbox-filled blue-icon ld_icon_box_69fc928e2dd98\" id=\"ld_icon_box_69fc928e2dd98\"   >\n\t\n\t\t\t\t\t\n\t\n\t<div class=\"iconbox-icon-wrap\"><span class=\"iconbox-icon-container\"><img decoding=\"async\" src=\"https:\/\/www.planantifraude.com.es\/wp-content\/uploads\/2022\/02\/Icono-diana.png\" class=\"liquid-image-icon\" \/><\/span><\/div>\t\n\t\t\n\t<div class=\"contents\">\t\n\t\t\n\t\t<p>Perqu\u00e8 suposa dotar a l\u2019entitat de<strong> mecanismes efica\u00e7os de lluita contra el frau i la corrupci\u00f3.<\/strong><\/p>\n\t\t\n\t<\/div>\t\n\t\n<\/div>\n<style>.ld_icon_box_69fc928e30a18 .lqd-iconbox-title{margin-bottom:15px;font-size:22px;}.ld_icon_box_69fc928e30a18{background:rgb(255, 255, 255);}.ld_icon_box_69fc928e30a18 .iconbox-icon-container{border-radius:px;}<\/style>\n<div class=\"iconbox iconbox-side text-align-default align-items-center iconbox-round iconbox-shadow iconbox-md iconbox-filled blue-icon ld_icon_box_69fc928e30a18\" id=\"ld_icon_box_69fc928e30a18\"   >\n\t\n\t\t\t\t\t\n\t\n\t<div class=\"iconbox-icon-wrap\"><span class=\"iconbox-icon-container\"><img decoding=\"async\" src=\"https:\/\/www.planantifraude.com.es\/wp-content\/uploads\/2022\/02\/Icono-billete.png\" class=\"liquid-image-icon\" \/><\/span><\/div>\t\n\t\t\n\t<div class=\"contents\">\t\n\t\t\n\t\t<p>Perqu\u00e8 permetr\u00e0 a l\u2019entitat optar a ser <strong>gestora o executora de fons europeus Next Generartion.<\/strong><\/p>\n\t\t\n\t<\/div>\t\n\t\n<\/div>\n<style>.ld_icon_box_69fc928e330cc .lqd-iconbox-title{margin-bottom:15px;font-size:22px;}.ld_icon_box_69fc928e330cc{background:rgb(255, 255, 255);}.ld_icon_box_69fc928e330cc .iconbox-icon-container{border-radius:px;}<\/style>\n<div class=\"iconbox iconbox-side text-align-default align-items-center iconbox-round iconbox-shadow iconbox-xl iconbox-filled blue-icon ld_icon_box_69fc928e330cc\" id=\"ld_icon_box_69fc928e330cc\"   >\n\t\n\t\t\t\t\t\n\t\n\t<div class=\"iconbox-icon-wrap\"><span class=\"iconbox-icon-container\"><img decoding=\"async\" src=\"https:\/\/www.planantifraude.com.es\/wp-content\/uploads\/2022\/02\/Icono-manos.png\" class=\"liquid-image-icon\" \/><\/span><\/div>\t\n\t\t\n\t<div class=\"contents\">\t\n\t\t\n\t\t<p>Perqu\u00e8 possibilitar\u00e0 a l\u2019entitat garantir i declarar que, en l\u2019\u00e0mbit de la seva actuaci\u00f3<strong>, els fons corresponents s\u2019han utilitzat de conformitat amb les normes aplicables.<\/strong><\/p>\n\t\t\n\t<\/div>\t\n\t\n<\/div>\n<style>.ld_icon_box_69fc928e3422f .lqd-iconbox-title{margin-bottom:15px;font-size:22px;}.ld_icon_box_69fc928e3422f{background:rgb(255, 255, 255);}.ld_icon_box_69fc928e3422f .iconbox-icon-container{border-radius:px;}<\/style>\n<div class=\"iconbox iconbox-side text-align-default align-items-center iconbox-round iconbox-shadow iconbox-xl iconbox-filled blue-icon ld_icon_box_69fc928e3422f\" id=\"ld_icon_box_69fc928e3422f\"   >\n\t\n\t\t\t\t\t\n\t\n\t<div class=\"iconbox-icon-wrap\"><span class=\"iconbox-icon-container\"><img decoding=\"async\" src=\"https:\/\/www.planantifraude.com.es\/wp-content\/uploads\/2022\/02\/Icono-bombilla.png\" class=\"liquid-image-icon\" \/><\/span><\/div>\t\n\t\t\n\t<div class=\"contents\">\t\n\t\t\n\t\t<p>Perqu\u00e8 propiciar\u00e0 un <strong>impuls al desenvolupament i gesti\u00f3 de la integritat p\u00fablica a l\u2019entitat<\/strong>, refor\u00e7ant la confian\u00e7a de la ciutadania en relaci\u00f3 amb la gesti\u00f3 de fons p\u00fablics.<\/p>\n\t\t\n\t<\/div>\t\n\t\n<\/div>\n<style>.ld_spacer_69fc928e348e4{height:45px;}<\/style>\n<div class=\"ld-empty-space vc_hidden-lg ld_spacer_69fc928e348e4\"><\/div>[\/vc_column_inner][vc_column_inner offset=&#8221;vc_col-lg-5&#8243;][vc_single_image image=&#8221;370&#8243; css=&#8221;.vc_custom_1646298259924{margin-bottom: 0px !important;border-radius: 20px !important;}&#8221;][\/vc_column_inner][\/vc_row_inner]<style>.ld_spacer_69fc928e3497f{height:80px;}<\/style>\n<div class=\"ld-empty-space ld_spacer_69fc928e3497f\"><\/div>[\/vc_column][\/vc_row][vc_row][vc_column]<style>.ld_spacer_69fc928e349e9{height:80px;}<\/style>\n<div class=\"ld-empty-space ld_spacer_69fc928e349e9\"><\/div>[\/vc_column][\/vc_row][vc_row][vc_column]<style>.ld_fancy_heading_69fc928e34b76 h3{color:rgb(194, 22, 30);}@media (min-width: 1200px) { .ld_fancy_heading_69fc928e34b76 h3 {font-size:32px; }  } @media (min-width: 1200px) { .ld_fancy_heading_69fc928e34b76 h3 {font-weight:600; }  } .ld_fancy_heading_69fc928e34b76 .lqd-highlight-inner{height:0.275em!important;bottom:0px!important;}@media (min-width: 1200px) { .ld_fancy_heading_69fc928e34b76 h3 {font-size:32px; }  } @media (min-width: 1200px) { .ld_fancy_heading_69fc928e34b76 h3 {font-weight:600; }  } <\/style><div class=\"ld-fancy-heading text-center ld_fancy_heading_69fc928e34b76\">\n\t<h3 class=\"ld-fh-element lqd-highlight-underline lqd-highlight-grow-left text-decoration-default\"   >  Quins beneficis aporta?<\/h3><\/div>[\/vc_column][\/vc_row][vc_row][vc_column]<style>.ld_spacer_69fc928e35b46{height:20px;}<\/style>\n<div class=\"ld-empty-space ld_spacer_69fc928e35b46\"><\/div>[\/vc_column][\/vc_row][vc_row][vc_column][vc_column_text]La implementaci\u00f3 d\u2019un Pla de mesures antifrau aporta beneficis des d\u2019una doble perspectiva. D\u2019una banda, permet a l&#8217;entitat o administraci\u00f3 establir eines eficaces de lluita contra el frau, promocionant una gesti\u00f3 m\u00e9s eficient i transparent dels recursos p\u00fablics. I de l\u2019altra, possibilita que l\u2019entitat sigui benefici\u00e0ria de fons Next Generation, garantint i declarant que, en l\u2019\u00e0mbit de la seva actuaci\u00f3, els fons s\u2019han utilitzat de conformitat amb les normes aplicables.[\/vc_column_text][\/vc_column][\/vc_row][vc_row][vc_column]<style>.ld_spacer_69fc928e35bfc{height:80px;}<\/style>\n<div class=\"ld-empty-space ld_spacer_69fc928e35bfc\"><\/div>[\/vc_column][\/vc_row]<\/p>\n","protected":false},"excerpt":{"rendered":"<p>[vc_row][vc_column][\/vc_column][\/vc_row][vc_row][vc_column][vc_column_text]Les Institucions Europees, per tal de pal\u00b7liar els efectes econ\u00f2mics i socials derivats de la pand\u00e8mia de Covid-19, han posat en marxa un instrument excepcional de recuperaci\u00f3 temporal conegut com Next Generation UE (NGUE).[\/vc_column_text][vc_row_inner full_width=&#8221;&#8221; content_placement=&#8221;middle&#8221;][vc_column_inner width=&#8221;1\/2&#8243;][vc_column_text]Els fons NGUE s\u2019articulen a trav\u00e9s de diversos programes, d\u2019entre els quals en destaca el Mecanisme de Recuperaci\u00f3 i [&hellip;]<\/p>\n","protected":false},"author":1,"featured_media":0,"parent":0,"menu_order":0,"comment_status":"closed","ping_status":"closed","template":"","meta":{"inline_featured_image":false,"footnotes":""},"class_list":["post-547","page","type-page","status-publish","hentry"],"yoast_head":"<!-- This site is optimized with the Yoast SEO plugin v19.9 - https:\/\/yoast.com\/wordpress\/plugins\/seo\/ -->\n<title>Plan Antifrau - Pla de Recuperaci\u00f3, Transformaci\u00f3 i Resili\u00e8ncia<\/title>\n<meta name=\"description\" content=\"Tot sobre el Pla de Recuperaci\u00f3, Transformaci\u00f3 i Resili\u00e8ncia, i el Mecanisme de Recuperaci\u00f3 i Resili\u00e8ncia, per experts en gesti\u00f3 de fons eu.\" \/>\n<meta name=\"robots\" content=\"index, follow, max-snippet:-1, max-image-preview:large, max-video-preview:-1\" \/>\n<link rel=\"canonical\" href=\"https:\/\/www.planantifraude.com.es\/ca\/pla-antifrau-recuperacio-transformacio-resiliencia\/\" \/>\n<meta property=\"og:locale\" content=\"ca_ES\" \/>\n<meta property=\"og:type\" content=\"article\" \/>\n<meta property=\"og:title\" content=\"Plan Antifrau - Pla de Recuperaci\u00f3, Transformaci\u00f3 i Resili\u00e8ncia\" \/>\n<meta property=\"og:description\" content=\"Tot sobre el Pla de Recuperaci\u00f3, Transformaci\u00f3 i Resili\u00e8ncia, i el Mecanisme de Recuperaci\u00f3 i Resili\u00e8ncia, per experts en gesti\u00f3 de fons eu.\" \/>\n<meta property=\"og:url\" content=\"https:\/\/www.planantifraude.com.es\/ca\/pla-antifrau-recuperacio-transformacio-resiliencia\/\" \/>\n<meta property=\"og:site_name\" content=\"Plan Antifraude\" \/>\n<meta property=\"article:modified_time\" content=\"2022-03-30T16:15:26+00:00\" \/>\n<meta name=\"twitter:card\" content=\"summary_large_image\" \/>\n<meta name=\"twitter:label1\" content=\"Temps estimat de lectura\" \/>\n\t<meta name=\"twitter:data1\" content=\"3 minuts\" \/>\n<script type=\"application\/ld+json\" class=\"yoast-schema-graph\">{\"@context\":\"https:\/\/schema.org\",\"@graph\":[{\"@type\":\"WebPage\",\"@id\":\"https:\/\/www.planantifraude.com.es\/ca\/pla-antifrau-recuperacio-transformacio-resiliencia\/\",\"url\":\"https:\/\/www.planantifraude.com.es\/ca\/pla-antifrau-recuperacio-transformacio-resiliencia\/\",\"name\":\"Plan Antifrau - Pla de Recuperaci\u00f3, Transformaci\u00f3 i Resili\u00e8ncia\",\"isPartOf\":{\"@id\":\"https:\/\/www.planantifraude.com.es\/ca\/#website\"},\"datePublished\":\"2022-02-14T10:42:55+00:00\",\"dateModified\":\"2022-03-30T16:15:26+00:00\",\"description\":\"Tot sobre el Pla de Recuperaci\u00f3, Transformaci\u00f3 i Resili\u00e8ncia, i el Mecanisme de Recuperaci\u00f3 i Resili\u00e8ncia, per experts en gesti\u00f3 de fons eu.\",\"breadcrumb\":{\"@id\":\"https:\/\/www.planantifraude.com.es\/ca\/pla-antifrau-recuperacio-transformacio-resiliencia\/#breadcrumb\"},\"inLanguage\":\"ca\",\"potentialAction\":[{\"@type\":\"ReadAction\",\"target\":[\"https:\/\/www.planantifraude.com.es\/ca\/pla-antifrau-recuperacio-transformacio-resiliencia\/\"]}]},{\"@type\":\"BreadcrumbList\",\"@id\":\"https:\/\/www.planantifraude.com.es\/ca\/pla-antifrau-recuperacio-transformacio-resiliencia\/#breadcrumb\",\"itemListElement\":[{\"@type\":\"ListItem\",\"position\":1,\"name\":\"Portada\",\"item\":\"https:\/\/www.planantifraude.com.es\/ca\/\"},{\"@type\":\"ListItem\",\"position\":2,\"name\":\"Pla Antifrau\"}]},{\"@type\":\"WebSite\",\"@id\":\"https:\/\/www.planantifraude.com.es\/ca\/#website\",\"url\":\"https:\/\/www.planantifraude.com.es\/ca\/\",\"name\":\"Plan Antifraude\",\"description\":\"Just another WordPress site\",\"publisher\":{\"@id\":\"https:\/\/www.planantifraude.com.es\/ca\/#organization\"},\"potentialAction\":[{\"@type\":\"SearchAction\",\"target\":{\"@type\":\"EntryPoint\",\"urlTemplate\":\"https:\/\/www.planantifraude.com.es\/ca\/?s={search_term_string}\"},\"query-input\":\"required name=search_term_string\"}],\"inLanguage\":\"ca\"},{\"@type\":\"Organization\",\"@id\":\"https:\/\/www.planantifraude.com.es\/ca\/#organization\",\"name\":\"Plan Antifraude Daleph\",\"url\":\"https:\/\/www.planantifraude.com.es\/ca\/\",\"logo\":{\"@type\":\"ImageObject\",\"inLanguage\":\"ca\",\"@id\":\"https:\/\/www.planantifraude.com.es\/ca\/#\/schema\/logo\/image\/\",\"url\":\"https:\/\/www.planantifraude.com.es\/wp-content\/uploads\/2022\/02\/Logo-Daleph-Antifraude-02.svg\",\"contentUrl\":\"https:\/\/www.planantifraude.com.es\/wp-content\/uploads\/2022\/02\/Logo-Daleph-Antifraude-02.svg\",\"width\":\"1024\",\"height\":\"1024\",\"caption\":\"Plan Antifraude Daleph\"},\"image\":{\"@id\":\"https:\/\/www.planantifraude.com.es\/ca\/#\/schema\/logo\/image\/\"}}]}<\/script>\n<!-- \/ Yoast SEO plugin. -->","yoast_head_json":{"title":"Plan Antifrau - Pla de Recuperaci\u00f3, Transformaci\u00f3 i Resili\u00e8ncia","description":"Tot sobre el Pla de Recuperaci\u00f3, Transformaci\u00f3 i Resili\u00e8ncia, i el Mecanisme de Recuperaci\u00f3 i Resili\u00e8ncia, per experts en gesti\u00f3 de fons eu.","robots":{"index":"index","follow":"follow","max-snippet":"max-snippet:-1","max-image-preview":"max-image-preview:large","max-video-preview":"max-video-preview:-1"},"canonical":"https:\/\/www.planantifraude.com.es\/ca\/pla-antifrau-recuperacio-transformacio-resiliencia\/","og_locale":"ca_ES","og_type":"article","og_title":"Plan Antifrau - Pla de Recuperaci\u00f3, Transformaci\u00f3 i Resili\u00e8ncia","og_description":"Tot sobre el Pla de Recuperaci\u00f3, Transformaci\u00f3 i Resili\u00e8ncia, i el Mecanisme de Recuperaci\u00f3 i Resili\u00e8ncia, per experts en gesti\u00f3 de fons eu.","og_url":"https:\/\/www.planantifraude.com.es\/ca\/pla-antifrau-recuperacio-transformacio-resiliencia\/","og_site_name":"Plan Antifraude","article_modified_time":"2022-03-30T16:15:26+00:00","twitter_card":"summary_large_image","twitter_misc":{"Temps estimat de lectura":"3 minuts"},"schema":{"@context":"https:\/\/schema.org","@graph":[{"@type":"WebPage","@id":"https:\/\/www.planantifraude.com.es\/ca\/pla-antifrau-recuperacio-transformacio-resiliencia\/","url":"https:\/\/www.planantifraude.com.es\/ca\/pla-antifrau-recuperacio-transformacio-resiliencia\/","name":"Plan Antifrau - Pla de Recuperaci\u00f3, Transformaci\u00f3 i Resili\u00e8ncia","isPartOf":{"@id":"https:\/\/www.planantifraude.com.es\/ca\/#website"},"datePublished":"2022-02-14T10:42:55+00:00","dateModified":"2022-03-30T16:15:26+00:00","description":"Tot sobre el Pla de Recuperaci\u00f3, Transformaci\u00f3 i Resili\u00e8ncia, i el Mecanisme de Recuperaci\u00f3 i Resili\u00e8ncia, per experts en gesti\u00f3 de fons eu.","breadcrumb":{"@id":"https:\/\/www.planantifraude.com.es\/ca\/pla-antifrau-recuperacio-transformacio-resiliencia\/#breadcrumb"},"inLanguage":"ca","potentialAction":[{"@type":"ReadAction","target":["https:\/\/www.planantifraude.com.es\/ca\/pla-antifrau-recuperacio-transformacio-resiliencia\/"]}]},{"@type":"BreadcrumbList","@id":"https:\/\/www.planantifraude.com.es\/ca\/pla-antifrau-recuperacio-transformacio-resiliencia\/#breadcrumb","itemListElement":[{"@type":"ListItem","position":1,"name":"Portada","item":"https:\/\/www.planantifraude.com.es\/ca\/"},{"@type":"ListItem","position":2,"name":"Pla Antifrau"}]},{"@type":"WebSite","@id":"https:\/\/www.planantifraude.com.es\/ca\/#website","url":"https:\/\/www.planantifraude.com.es\/ca\/","name":"Plan Antifraude","description":"Just another WordPress site","publisher":{"@id":"https:\/\/www.planantifraude.com.es\/ca\/#organization"},"potentialAction":[{"@type":"SearchAction","target":{"@type":"EntryPoint","urlTemplate":"https:\/\/www.planantifraude.com.es\/ca\/?s={search_term_string}"},"query-input":"required name=search_term_string"}],"inLanguage":"ca"},{"@type":"Organization","@id":"https:\/\/www.planantifraude.com.es\/ca\/#organization","name":"Plan Antifraude Daleph","url":"https:\/\/www.planantifraude.com.es\/ca\/","logo":{"@type":"ImageObject","inLanguage":"ca","@id":"https:\/\/www.planantifraude.com.es\/ca\/#\/schema\/logo\/image\/","url":"https:\/\/www.planantifraude.com.es\/wp-content\/uploads\/2022\/02\/Logo-Daleph-Antifraude-02.svg","contentUrl":"https:\/\/www.planantifraude.com.es\/wp-content\/uploads\/2022\/02\/Logo-Daleph-Antifraude-02.svg","width":"1024","height":"1024","caption":"Plan Antifraude Daleph"},"image":{"@id":"https:\/\/www.planantifraude.com.es\/ca\/#\/schema\/logo\/image\/"}}]}},"_links":{"self":[{"href":"https:\/\/www.planantifraude.com.es\/ca\/wp-json\/wp\/v2\/pages\/547","targetHints":{"allow":["GET"]}}],"collection":[{"href":"https:\/\/www.planantifraude.com.es\/ca\/wp-json\/wp\/v2\/pages"}],"about":[{"href":"https:\/\/www.planantifraude.com.es\/ca\/wp-json\/wp\/v2\/types\/page"}],"author":[{"embeddable":true,"href":"https:\/\/www.planantifraude.com.es\/ca\/wp-json\/wp\/v2\/users\/1"}],"replies":[{"embeddable":true,"href":"https:\/\/www.planantifraude.com.es\/ca\/wp-json\/wp\/v2\/comments?post=547"}],"version-history":[{"count":3,"href":"https:\/\/www.planantifraude.com.es\/ca\/wp-json\/wp\/v2\/pages\/547\/revisions"}],"predecessor-version":[{"id":757,"href":"https:\/\/www.planantifraude.com.es\/ca\/wp-json\/wp\/v2\/pages\/547\/revisions\/757"}],"wp:attachment":[{"href":"https:\/\/www.planantifraude.com.es\/ca\/wp-json\/wp\/v2\/media?parent=547"}],"curies":[{"name":"wp","href":"https:\/\/api.w.org\/{rel}","templated":true}]}}