{"id":552,"date":"2022-02-14T11:45:17","date_gmt":"2022-02-14T10:45:17","guid":{"rendered":"https:\/\/antifraude.mmkt.dev\/servicios\/"},"modified":"2022-03-30T18:17:54","modified_gmt":"2022-03-30T16:17:54","slug":"serveis-antifrau-catalunya","status":"publish","type":"page","link":"https:\/\/www.planantifraude.com.es\/ca\/serveis-antifrau-catalunya\/","title":{"rendered":"Serveis"},"content":{"rendered":"<p>[vc_row][vc_column]<style>.ld_spacer_69fc92739f892{height:100px;}<\/style>\n<div class=\"ld-empty-space ld_spacer_69fc92739f892\"><\/div>[\/vc_column][\/vc_row][vc_row][vc_column width=&#8221;1\/2&#8243;][vc_single_image image=&#8221;156&#8243; img_size=&#8221;550&#215;300&#8243; css=&#8221;.vc_custom_1645175816510{margin-bottom: 20px !important;border-radius: 5px !important;}&#8221;][vc_row_inner css=&#8221;.vc_custom_1575467932417{padding-right: 22px !important;padding-bottom: 35px !important;padding-left: 22px !important;}&#8221;][vc_column_inner]<style>.ld_fancy_heading_69fc92739fa58 h2 {font-size:24px; } .ld_fancy_heading_69fc92739fa58 h2 {line-height:24px; } .ld_fancy_heading_69fc92739fa58 h2 {--element-line-height:24px; } .ld_fancy_heading_69fc92739fa58 h2 {margin-bottom:0.35em !important;  } .ld_fancy_heading_69fc92739fa58 .lqd-highlight-inner{height:0.275em!important;bottom:0px!important;}.ld_fancy_heading_69fc92739fa58 h2 {font-size:24px; } .ld_fancy_heading_69fc92739fa58 h2 {line-height:24px; } .ld_fancy_heading_69fc92739fa58 h2 {--element-line-height:24px; } .ld_fancy_heading_69fc92739fa58 h2 {margin-bottom:0.35em !important;  } <\/style><div class=\"ld-fancy-heading ld_fancy_heading_69fc92739fa58\">\n\t<h2 class=\"ld-fh-element lqd-highlight-underline lqd-highlight-grow-left text-decoration-default\"   >  Pla d&#8217;Integritat<\/h2><\/div><style>.ld_fancy_heading_69fc92739fd63 p{color:rgb(112, 112, 112);}.ld_fancy_heading_69fc92739fd63 p {font-size:16px; } .ld_fancy_heading_69fc92739fd63 p {line-height:22px; } .ld_fancy_heading_69fc92739fd63 p {--element-line-height:22px; } .ld_fancy_heading_69fc92739fd63 p {margin-bottom:0.75em !important;  } .ld_fancy_heading_69fc92739fd63 .lqd-highlight-inner{height:0.275em!important;bottom:0px!important;}.ld_fancy_heading_69fc92739fd63 p {font-size:16px; } .ld_fancy_heading_69fc92739fd63 p {line-height:22px; } .ld_fancy_heading_69fc92739fd63 p {--element-line-height:22px; } .ld_fancy_heading_69fc92739fd63 p {margin-bottom:0.75em !important;  } <\/style><div class=\"ld-fancy-heading ld_fancy_heading_69fc92739fd63\">\n\t<p class=\"ld-fh-element lqd-highlight-underline lqd-highlight-grow-left text-decoration-default\"   >  DALEPH t\u00e9 experi\u00e8ncia en l\u2019elaboraci\u00f3 de Plans d\u2019Integritat que contribueixin a qu\u00e8 les organitzacions situin els pilars convenients per l\u2019implantaci\u00f3 i consolidaci\u00f3 d\u2019una pol\u00edtica d\u2019integritat p\u00fablica.<\/p><\/div><style>.ld_button_69fc92739ff21.btn-icon-solid .btn-icon{background:rgb(194, 22, 30);}.ld_button_69fc92739ff21.btn-icon-circle.btn-icon-ripple .btn-icon:before{border-color:rgb(194, 22, 30);}.ld_button_69fc92739ff21.btn-icon-solid:hover .btn-icon{background:rgb(139, 0, 0);}.ld_button_69fc92739ff21{color:rgb(194, 22, 30);}.ld_button_69fc92739ff21:hover{color:rgb(139, 0, 0);}.ld_button_69fc92739ff21 {font-size:14px; } .ld_button_69fc92739ff21 {font-size:14px; } .ld_button_69fc92739ff21 {font-size:14px; } <\/style><a href=\"https:\/\/www.planantifraude.com.es\/ca\/serveis-antifrau-catalunya\/pla-integritat-publica\/\" title=\"Pla d&#039;Integritat\" class=\"btn btn-naked btn-has-label button-servicios ld_button_69fc92739ff21\" >\n\t<span>\n\t\t\n\t\t\t\t\t<span class=\"btn-txt\" data-text=\"M\u00e9s informaci\u00f3\" >M\u00e9s informaci\u00f3<\/span>\n\t\t\t\n\t<span class=\"btn-icon\"><i class=\"lqd-icn-ess \"><\/i><\/span>\t\t\t\t<\/span>\n<\/a>\n[\/vc_column_inner][\/vc_row_inner][\/vc_column][vc_column width=&#8221;1\/2&#8243;][vc_single_image image=&#8221;157&#8243; img_size=&#8221;550&#215;300&#8243; css=&#8221;.vc_custom_1645175820494{margin-bottom: 20px !important;border-radius: 5px !important;}&#8221;][vc_row_inner css=&#8221;.vc_custom_1575467932417{padding-right: 22px !important;padding-bottom: 35px !important;padding-left: 22px !important;}&#8221;][vc_column_inner]<style>.ld_fancy_heading_69fc9273a0ddb h2 {font-size:24px; } .ld_fancy_heading_69fc9273a0ddb h2 {line-height:24px; } .ld_fancy_heading_69fc9273a0ddb h2 {--element-line-height:24px; } .ld_fancy_heading_69fc9273a0ddb h2 {margin-bottom:0.35em !important;  } .ld_fancy_heading_69fc9273a0ddb .lqd-highlight-inner{height:0.275em!important;bottom:0px!important;}.ld_fancy_heading_69fc9273a0ddb h2 {font-size:24px; } .ld_fancy_heading_69fc9273a0ddb h2 {line-height:24px; } .ld_fancy_heading_69fc9273a0ddb h2 {--element-line-height:24px; } .ld_fancy_heading_69fc9273a0ddb h2 {margin-bottom:0.35em !important;  } <\/style><div class=\"ld-fancy-heading ld_fancy_heading_69fc9273a0ddb\">\n\t<h2 class=\"ld-fh-element lqd-highlight-underline lqd-highlight-grow-left text-decoration-default\"   >  Pla Antifrau<\/h2><\/div><style>.ld_fancy_heading_69fc9273a191f p{color:rgb(112, 112, 112);}.ld_fancy_heading_69fc9273a191f p {font-size:16px; } .ld_fancy_heading_69fc9273a191f p {line-height:22px; } .ld_fancy_heading_69fc9273a191f p {--element-line-height:22px; } .ld_fancy_heading_69fc9273a191f p {margin-bottom:0.75em !important;  } .ld_fancy_heading_69fc9273a191f .lqd-highlight-inner{height:0.275em!important;bottom:0px!important;}.ld_fancy_heading_69fc9273a191f p {font-size:16px; } .ld_fancy_heading_69fc9273a191f p {line-height:22px; } .ld_fancy_heading_69fc9273a191f p {--element-line-height:22px; } .ld_fancy_heading_69fc9273a191f p {margin-bottom:0.75em !important;  } <\/style><div class=\"ld-fancy-heading ld_fancy_heading_69fc9273a191f\">\n\t<p class=\"ld-fh-element lqd-highlight-underline lqd-highlight-grow-left text-decoration-default\"   >  DALEPH est\u00e0 realitzant plans antifrau a Catalunya destinats a complir amb els requeriments de l\u2019Ordre HFP 1030\/2021 i que l\u2019entitat pugui optar a ser benefici\u00e0ria de fons Next Generation.<\/p><\/div><style>.ld_button_69fc9273a24da.btn-icon-solid .btn-icon{background:rgb(194, 22, 30);}.ld_button_69fc9273a24da.btn-icon-circle.btn-icon-ripple .btn-icon:before{border-color:rgb(194, 22, 30);}.ld_button_69fc9273a24da.btn-icon-solid:hover .btn-icon{background:rgb(0, 0, 0);}.ld_button_69fc9273a24da{color:rgb(194, 22, 30);}.ld_button_69fc9273a24da:hover{color:rgb(0, 0, 0);}.ld_button_69fc9273a24da {font-size:14px; } .ld_button_69fc9273a24da {font-size:14px; } .ld_button_69fc9273a24da {font-size:14px; } <\/style><a href=\"https:\/\/www.planantifraude.com.es\/ca\/serveis-antifrau-catalunya\/pla-mesures-antifrau\/\" title=\"Pla Antifrau Servei\" class=\"btn btn-naked btn-has-label button-servicios ld_button_69fc9273a24da\" >\n\t<span>\n\t\t\n\t\t\t\t\t<span class=\"btn-txt\" data-text=\"M\u00e9s informaci\u00f3\" >M\u00e9s informaci\u00f3<\/span>\n\t\t\t\n\t<span class=\"btn-icon\"><i class=\"lqd-icn-ess \"><\/i><\/span>\t\t\t\t<\/span>\n<\/a>\n[\/vc_column_inner][\/vc_row_inner][\/vc_column][\/vc_row][vc_row][vc_column]<style>.ld_spacer_69fc9273a3081{height:50px;}<\/style>\n<div class=\"ld-empty-space ld_spacer_69fc9273a3081\"><\/div>[\/vc_column][\/vc_row][vc_row][vc_column width=&#8221;1\/2&#8243;][vc_single_image image=&#8221;158&#8243; img_size=&#8221;550&#215;300&#8243; css=&#8221;.vc_custom_1645175827128{margin-bottom: 20px !important;border-radius: 5px !important;}&#8221;][vc_row_inner css=&#8221;.vc_custom_1575467932417{padding-right: 22px !important;padding-bottom: 35px !important;padding-left: 22px !important;}&#8221;][vc_column_inner]<style>.ld_fancy_heading_69fc9273a3214 h2 {font-size:24px; } .ld_fancy_heading_69fc9273a3214 h2 {line-height:24px; } .ld_fancy_heading_69fc9273a3214 h2 {--element-line-height:24px; } .ld_fancy_heading_69fc9273a3214 h2 {margin-bottom:0.35em !important;  } .ld_fancy_heading_69fc9273a3214 .lqd-highlight-inner{height:0.275em!important;bottom:0px!important;}.ld_fancy_heading_69fc9273a3214 h2 {font-size:24px; } .ld_fancy_heading_69fc9273a3214 h2 {line-height:24px; } .ld_fancy_heading_69fc9273a3214 h2 {--element-line-height:24px; } .ld_fancy_heading_69fc9273a3214 h2 {margin-bottom:0.35em !important;  } <\/style><div class=\"ld-fancy-heading ld_fancy_heading_69fc9273a3214\">\n\t<h2 class=\"ld-fh-element lqd-highlight-underline lqd-highlight-grow-left text-decoration-default\"   >  Formaci\u00f3 Pla Antifrau<\/h2><\/div><style>.ld_fancy_heading_69fc9273a3cea p{color:rgb(112, 112, 112);}.ld_fancy_heading_69fc9273a3cea p {font-size:16px; } .ld_fancy_heading_69fc9273a3cea p {line-height:22px; } .ld_fancy_heading_69fc9273a3cea p {--element-line-height:22px; } .ld_fancy_heading_69fc9273a3cea p {margin-bottom:0.75em !important;  } .ld_fancy_heading_69fc9273a3cea .lqd-highlight-inner{height:0.275em!important;bottom:0px!important;}.ld_fancy_heading_69fc9273a3cea p {font-size:16px; } .ld_fancy_heading_69fc9273a3cea p {line-height:22px; } .ld_fancy_heading_69fc9273a3cea p {--element-line-height:22px; } .ld_fancy_heading_69fc9273a3cea p {margin-bottom:0.75em !important;  } <\/style><div class=\"ld-fancy-heading ld_fancy_heading_69fc9273a3cea\">\n\t<p class=\"ld-fh-element lqd-highlight-underline lqd-highlight-grow-left text-decoration-default\"   >  DALEPH realitza sessions de formaci\u00f3, requisit de l\u2019Ordre HFP 1030\/2021, orientades a promoure l\u2019\u00e8tica p\u00fablica i facilitar la prevenci\u00f3 i detecci\u00f3 del frau.<\/p><\/div><style>.ld_button_69fc9273a4888.btn-icon-solid .btn-icon{background:rgb(194, 22, 30);}.ld_button_69fc9273a4888.btn-icon-circle.btn-icon-ripple .btn-icon:before{border-color:rgb(194, 22, 30);}.ld_button_69fc9273a4888.btn-icon-solid:hover .btn-icon{background:rgb(0, 0, 0);}.ld_button_69fc9273a4888{color:rgb(194, 22, 30);}.ld_button_69fc9273a4888:hover{color:rgb(0, 0, 0);}.ld_button_69fc9273a4888 {font-size:14px; } .ld_button_69fc9273a4888 {font-size:14px; } .ld_button_69fc9273a4888 {font-size:14px; } <\/style><a href=\"https:\/\/www.planantifraude.com.es\/ca\/serveis-antifrau-catalunya\/formacio-curs-antifrau\/\" title=\"Formaci\u00f3\" class=\"btn btn-naked btn-has-label button-servicios ld_button_69fc9273a4888\" >\n\t<span>\n\t\t\n\t\t\t\t\t<span class=\"btn-txt\" data-text=\"M\u00e9s informaci\u00f3\" >M\u00e9s informaci\u00f3<\/span>\n\t\t\t\n\t<span class=\"btn-icon\"><i class=\"lqd-icn-ess \"><\/i><\/span>\t\t\t\t<\/span>\n<\/a>\n[\/vc_column_inner][\/vc_row_inner][\/vc_column][vc_column width=&#8221;1\/2&#8243;][vc_single_image image=&#8221;159&#8243; img_size=&#8221;550&#215;300&#8243; css=&#8221;.vc_custom_1645175830641{margin-bottom: 20px !important;border-radius: 5px !important;}&#8221;][vc_row_inner css=&#8221;.vc_custom_1575467932417{padding-right: 22px !important;padding-bottom: 35px !important;padding-left: 22px !important;}&#8221;][vc_column_inner]<style>.ld_fancy_heading_69fc9273a5434 h2 {font-size:24px; } .ld_fancy_heading_69fc9273a5434 h2 {line-height:24px; } .ld_fancy_heading_69fc9273a5434 h2 {--element-line-height:24px; } .ld_fancy_heading_69fc9273a5434 h2 {margin-bottom:0.35em !important;  } .ld_fancy_heading_69fc9273a5434 .lqd-highlight-inner{height:0.275em!important;bottom:0px!important;}.ld_fancy_heading_69fc9273a5434 h2 {font-size:24px; } .ld_fancy_heading_69fc9273a5434 h2 {line-height:24px; } .ld_fancy_heading_69fc9273a5434 h2 {--element-line-height:24px; } .ld_fancy_heading_69fc9273a5434 h2 {margin-bottom:0.35em !important;  } <\/style><div class=\"ld-fancy-heading ld_fancy_heading_69fc9273a5434\">\n\t<h2 class=\"ld-fh-element lqd-highlight-underline lqd-highlight-grow-left text-decoration-default\"   >  Full de ruta<\/h2><\/div><style>.ld_fancy_heading_69fc9273a5fa0 p{color:rgb(112, 112, 112);}.ld_fancy_heading_69fc9273a5fa0 p {font-size:16px; } .ld_fancy_heading_69fc9273a5fa0 p {line-height:22px; } .ld_fancy_heading_69fc9273a5fa0 p {--element-line-height:22px; } .ld_fancy_heading_69fc9273a5fa0 p {margin-bottom:0.75em !important;  } .ld_fancy_heading_69fc9273a5fa0 .lqd-highlight-inner{height:0.275em!important;bottom:0px!important;}.ld_fancy_heading_69fc9273a5fa0 p {font-size:16px; } .ld_fancy_heading_69fc9273a5fa0 p {line-height:22px; } .ld_fancy_heading_69fc9273a5fa0 p {--element-line-height:22px; } .ld_fancy_heading_69fc9273a5fa0 p {margin-bottom:0.75em !important;  } <\/style><div class=\"ld-fancy-heading ld_fancy_heading_69fc9273a5fa0\">\n\t<p class=\"ld-fh-element lqd-highlight-underline lqd-highlight-grow-left text-decoration-default\"   >  DALEPH realitza una proposta destinada a desenvolupar els objectius de futur en mat\u00e8ria d\u2019integritat amb la finalitat que les entitats i administracions puguin ampliar i consolidar les mesures implantades al Pla de mesures antifrau.<\/p><\/div><style>.ld_button_69fc9273a6a8f.btn-icon-solid .btn-icon{background:rgb(194, 22, 30);}.ld_button_69fc9273a6a8f.btn-icon-circle.btn-icon-ripple .btn-icon:before{border-color:rgb(194, 22, 30);}.ld_button_69fc9273a6a8f.btn-icon-solid:hover .btn-icon{background:rgb(0, 0, 0);}.ld_button_69fc9273a6a8f{color:rgb(194, 22, 30);}.ld_button_69fc9273a6a8f:hover{color:rgb(0, 0, 0);}.ld_button_69fc9273a6a8f {font-size:14px; } .ld_button_69fc9273a6a8f {font-size:14px; } .ld_button_69fc9273a6a8f {font-size:14px; } <\/style><a href=\"https:\/\/www.planantifraude.com.es\/ca\/serveis-antifrau-catalunya\/full-de-ruta-politica-integritat\/\" title=\"Full de ruta Integritat\" class=\"btn btn-naked btn-has-label button-servicios ld_button_69fc9273a6a8f\" >\n\t<span>\n\t\t\n\t\t\t\t\t<span class=\"btn-txt\" data-text=\"M\u00e9s informaci\u00f3\" >M\u00e9s informaci\u00f3<\/span>\n\t\t\t\n\t<span class=\"btn-icon\"><i class=\"lqd-icn-ess \"><\/i><\/span>\t\t\t\t<\/span>\n<\/a>\n[\/vc_column_inner][\/vc_row_inner][\/vc_column][\/vc_row][vc_row][vc_column]<style>.ld_spacer_69fc9273a7434{height:100px;}<\/style>\n<div class=\"ld-empty-space ld_spacer_69fc9273a7434\"><\/div>[\/vc_column][\/vc_row]<\/p>\n","protected":false},"excerpt":{"rendered":"<p>[vc_row][vc_column][\/vc_column][\/vc_row][vc_row][vc_column width=&#8221;1\/2&#8243;][vc_single_image image=&#8221;156&#8243; img_size=&#8221;550&#215;300&#8243; css=&#8221;.vc_custom_1645175816510{margin-bottom: 20px !important;border-radius: 5px !important;}&#8221;][vc_row_inner css=&#8221;.vc_custom_1575467932417{padding-right: 22px !important;padding-bottom: 35px !important;padding-left: 22px !important;}&#8221;][vc_column_inner][\/vc_column_inner][\/vc_row_inner][\/vc_column][vc_column width=&#8221;1\/2&#8243;][vc_single_image image=&#8221;157&#8243; img_size=&#8221;550&#215;300&#8243; css=&#8221;.vc_custom_1645175820494{margin-bottom: 20px !important;border-radius: 5px !important;}&#8221;][vc_row_inner css=&#8221;.vc_custom_1575467932417{padding-right: 22px !important;padding-bottom: 35px !important;padding-left: 22px !important;}&#8221;][vc_column_inner][\/vc_column_inner][\/vc_row_inner][\/vc_column][\/vc_row][vc_row][vc_column][\/vc_column][\/vc_row][vc_row][vc_column width=&#8221;1\/2&#8243;][vc_single_image image=&#8221;158&#8243; img_size=&#8221;550&#215;300&#8243; css=&#8221;.vc_custom_1645175827128{margin-bottom: 20px !important;border-radius: 5px !important;}&#8221;][vc_row_inner css=&#8221;.vc_custom_1575467932417{padding-right: 22px !important;padding-bottom: 35px !important;padding-left: 22px !important;}&#8221;][vc_column_inner][\/vc_column_inner][\/vc_row_inner][\/vc_column][vc_column width=&#8221;1\/2&#8243;][vc_single_image image=&#8221;159&#8243; img_size=&#8221;550&#215;300&#8243; css=&#8221;.vc_custom_1645175830641{margin-bottom: 20px !important;border-radius: 5px !important;}&#8221;][vc_row_inner css=&#8221;.vc_custom_1575467932417{padding-right: [&hellip;]<\/p>\n","protected":false},"author":1,"featured_media":0,"parent":0,"menu_order":0,"comment_status":"closed","ping_status":"closed","template":"","meta":{"inline_featured_image":false,"footnotes":""},"class_list":["post-552","page","type-page","status-publish","hentry"],"yoast_head":"<!-- This site is optimized with the Yoast SEO plugin v19.9 - https:\/\/yoast.com\/wordpress\/plugins\/seo\/ -->\n<title>Serveis Plan Antifrau Catalunya \u2013 Integritat, Formaci\u00f3, Full de Ruta<\/title>\n<meta name=\"description\" content=\"Com experts en gesti\u00f3 d&#039;Antifrau Catalunya, a Daleph oferim serveis adaptats a cada situaci\u00f3 a nivell local. Consulteu amb nosaltres.\" \/>\n<meta name=\"robots\" content=\"index, follow, max-snippet:-1, max-image-preview:large, max-video-preview:-1\" \/>\n<link rel=\"canonical\" href=\"https:\/\/www.planantifraude.com.es\/ca\/serveis-antifrau-catalunya\/\" \/>\n<meta property=\"og:locale\" content=\"ca_ES\" \/>\n<meta property=\"og:type\" content=\"article\" \/>\n<meta property=\"og:title\" content=\"Serveis Plan Antifrau Catalunya \u2013 Integritat, Formaci\u00f3, Full de Ruta\" \/>\n<meta property=\"og:description\" content=\"Com experts en gesti\u00f3 d&#039;Antifrau Catalunya, a Daleph oferim serveis adaptats a cada situaci\u00f3 a nivell local. Consulteu amb nosaltres.\" \/>\n<meta property=\"og:url\" content=\"https:\/\/www.planantifraude.com.es\/ca\/serveis-antifrau-catalunya\/\" \/>\n<meta property=\"og:site_name\" content=\"Plan Antifraude\" \/>\n<meta property=\"article:modified_time\" content=\"2022-03-30T16:17:54+00:00\" \/>\n<meta name=\"twitter:card\" content=\"summary_large_image\" \/>\n<meta name=\"twitter:label1\" content=\"Temps estimat de lectura\" \/>\n\t<meta name=\"twitter:data1\" content=\"2 minuts\" \/>\n<script type=\"application\/ld+json\" class=\"yoast-schema-graph\">{\"@context\":\"https:\/\/schema.org\",\"@graph\":[{\"@type\":\"WebPage\",\"@id\":\"https:\/\/www.planantifraude.com.es\/ca\/serveis-antifrau-catalunya\/\",\"url\":\"https:\/\/www.planantifraude.com.es\/ca\/serveis-antifrau-catalunya\/\",\"name\":\"Serveis Plan Antifrau Catalunya \u2013 Integritat, Formaci\u00f3, Full de Ruta\",\"isPartOf\":{\"@id\":\"https:\/\/www.planantifraude.com.es\/ca\/#website\"},\"datePublished\":\"2022-02-14T10:45:17+00:00\",\"dateModified\":\"2022-03-30T16:17:54+00:00\",\"description\":\"Com experts en gesti\u00f3 d'Antifrau Catalunya, a Daleph oferim serveis adaptats a cada situaci\u00f3 a nivell local. Consulteu amb nosaltres.\",\"breadcrumb\":{\"@id\":\"https:\/\/www.planantifraude.com.es\/ca\/serveis-antifrau-catalunya\/#breadcrumb\"},\"inLanguage\":\"ca\",\"potentialAction\":[{\"@type\":\"ReadAction\",\"target\":[\"https:\/\/www.planantifraude.com.es\/ca\/serveis-antifrau-catalunya\/\"]}]},{\"@type\":\"BreadcrumbList\",\"@id\":\"https:\/\/www.planantifraude.com.es\/ca\/serveis-antifrau-catalunya\/#breadcrumb\",\"itemListElement\":[{\"@type\":\"ListItem\",\"position\":1,\"name\":\"Portada\",\"item\":\"https:\/\/www.planantifraude.com.es\/ca\/\"},{\"@type\":\"ListItem\",\"position\":2,\"name\":\"Serveis\"}]},{\"@type\":\"WebSite\",\"@id\":\"https:\/\/www.planantifraude.com.es\/ca\/#website\",\"url\":\"https:\/\/www.planantifraude.com.es\/ca\/\",\"name\":\"Plan Antifraude\",\"description\":\"Just another WordPress site\",\"publisher\":{\"@id\":\"https:\/\/www.planantifraude.com.es\/ca\/#organization\"},\"potentialAction\":[{\"@type\":\"SearchAction\",\"target\":{\"@type\":\"EntryPoint\",\"urlTemplate\":\"https:\/\/www.planantifraude.com.es\/ca\/?s={search_term_string}\"},\"query-input\":\"required name=search_term_string\"}],\"inLanguage\":\"ca\"},{\"@type\":\"Organization\",\"@id\":\"https:\/\/www.planantifraude.com.es\/ca\/#organization\",\"name\":\"Plan Antifraude Daleph\",\"url\":\"https:\/\/www.planantifraude.com.es\/ca\/\",\"logo\":{\"@type\":\"ImageObject\",\"inLanguage\":\"ca\",\"@id\":\"https:\/\/www.planantifraude.com.es\/ca\/#\/schema\/logo\/image\/\",\"url\":\"https:\/\/www.planantifraude.com.es\/wp-content\/uploads\/2022\/02\/Logo-Daleph-Antifraude-02.svg\",\"contentUrl\":\"https:\/\/www.planantifraude.com.es\/wp-content\/uploads\/2022\/02\/Logo-Daleph-Antifraude-02.svg\",\"width\":\"1024\",\"height\":\"1024\",\"caption\":\"Plan Antifraude Daleph\"},\"image\":{\"@id\":\"https:\/\/www.planantifraude.com.es\/ca\/#\/schema\/logo\/image\/\"}}]}<\/script>\n<!-- \/ Yoast SEO plugin. -->","yoast_head_json":{"title":"Serveis Plan Antifrau Catalunya \u2013 Integritat, Formaci\u00f3, Full de Ruta","description":"Com experts en gesti\u00f3 d'Antifrau Catalunya, a Daleph oferim serveis adaptats a cada situaci\u00f3 a nivell local. Consulteu amb nosaltres.","robots":{"index":"index","follow":"follow","max-snippet":"max-snippet:-1","max-image-preview":"max-image-preview:large","max-video-preview":"max-video-preview:-1"},"canonical":"https:\/\/www.planantifraude.com.es\/ca\/serveis-antifrau-catalunya\/","og_locale":"ca_ES","og_type":"article","og_title":"Serveis Plan Antifrau Catalunya \u2013 Integritat, Formaci\u00f3, Full de Ruta","og_description":"Com experts en gesti\u00f3 d'Antifrau Catalunya, a Daleph oferim serveis adaptats a cada situaci\u00f3 a nivell local. Consulteu amb nosaltres.","og_url":"https:\/\/www.planantifraude.com.es\/ca\/serveis-antifrau-catalunya\/","og_site_name":"Plan Antifraude","article_modified_time":"2022-03-30T16:17:54+00:00","twitter_card":"summary_large_image","twitter_misc":{"Temps estimat de lectura":"2 minuts"},"schema":{"@context":"https:\/\/schema.org","@graph":[{"@type":"WebPage","@id":"https:\/\/www.planantifraude.com.es\/ca\/serveis-antifrau-catalunya\/","url":"https:\/\/www.planantifraude.com.es\/ca\/serveis-antifrau-catalunya\/","name":"Serveis Plan Antifrau Catalunya \u2013 Integritat, Formaci\u00f3, Full de Ruta","isPartOf":{"@id":"https:\/\/www.planantifraude.com.es\/ca\/#website"},"datePublished":"2022-02-14T10:45:17+00:00","dateModified":"2022-03-30T16:17:54+00:00","description":"Com experts en gesti\u00f3 d'Antifrau Catalunya, a Daleph oferim serveis adaptats a cada situaci\u00f3 a nivell local. Consulteu amb nosaltres.","breadcrumb":{"@id":"https:\/\/www.planantifraude.com.es\/ca\/serveis-antifrau-catalunya\/#breadcrumb"},"inLanguage":"ca","potentialAction":[{"@type":"ReadAction","target":["https:\/\/www.planantifraude.com.es\/ca\/serveis-antifrau-catalunya\/"]}]},{"@type":"BreadcrumbList","@id":"https:\/\/www.planantifraude.com.es\/ca\/serveis-antifrau-catalunya\/#breadcrumb","itemListElement":[{"@type":"ListItem","position":1,"name":"Portada","item":"https:\/\/www.planantifraude.com.es\/ca\/"},{"@type":"ListItem","position":2,"name":"Serveis"}]},{"@type":"WebSite","@id":"https:\/\/www.planantifraude.com.es\/ca\/#website","url":"https:\/\/www.planantifraude.com.es\/ca\/","name":"Plan Antifraude","description":"Just another WordPress site","publisher":{"@id":"https:\/\/www.planantifraude.com.es\/ca\/#organization"},"potentialAction":[{"@type":"SearchAction","target":{"@type":"EntryPoint","urlTemplate":"https:\/\/www.planantifraude.com.es\/ca\/?s={search_term_string}"},"query-input":"required name=search_term_string"}],"inLanguage":"ca"},{"@type":"Organization","@id":"https:\/\/www.planantifraude.com.es\/ca\/#organization","name":"Plan Antifraude Daleph","url":"https:\/\/www.planantifraude.com.es\/ca\/","logo":{"@type":"ImageObject","inLanguage":"ca","@id":"https:\/\/www.planantifraude.com.es\/ca\/#\/schema\/logo\/image\/","url":"https:\/\/www.planantifraude.com.es\/wp-content\/uploads\/2022\/02\/Logo-Daleph-Antifraude-02.svg","contentUrl":"https:\/\/www.planantifraude.com.es\/wp-content\/uploads\/2022\/02\/Logo-Daleph-Antifraude-02.svg","width":"1024","height":"1024","caption":"Plan Antifraude Daleph"},"image":{"@id":"https:\/\/www.planantifraude.com.es\/ca\/#\/schema\/logo\/image\/"}}]}},"_links":{"self":[{"href":"https:\/\/www.planantifraude.com.es\/ca\/wp-json\/wp\/v2\/pages\/552","targetHints":{"allow":["GET"]}}],"collection":[{"href":"https:\/\/www.planantifraude.com.es\/ca\/wp-json\/wp\/v2\/pages"}],"about":[{"href":"https:\/\/www.planantifraude.com.es\/ca\/wp-json\/wp\/v2\/types\/page"}],"author":[{"embeddable":true,"href":"https:\/\/www.planantifraude.com.es\/ca\/wp-json\/wp\/v2\/users\/1"}],"replies":[{"embeddable":true,"href":"https:\/\/www.planantifraude.com.es\/ca\/wp-json\/wp\/v2\/comments?post=552"}],"version-history":[{"count":3,"href":"https:\/\/www.planantifraude.com.es\/ca\/wp-json\/wp\/v2\/pages\/552\/revisions"}],"predecessor-version":[{"id":759,"href":"https:\/\/www.planantifraude.com.es\/ca\/wp-json\/wp\/v2\/pages\/552\/revisions\/759"}],"wp:attachment":[{"href":"https:\/\/www.planantifraude.com.es\/ca\/wp-json\/wp\/v2\/media?parent=552"}],"curies":[{"name":"wp","href":"https:\/\/api.w.org\/{rel}","templated":true}]}}