{"id":554,"date":"2022-02-14T11:47:52","date_gmt":"2022-02-14T10:47:52","guid":{"rendered":"https:\/\/antifraude.mmkt.dev\/servicios\/formacion-plan-antifraude\/"},"modified":"2022-03-30T18:24:48","modified_gmt":"2022-03-30T16:24:48","slug":"formacio-curs-antifrau","status":"publish","type":"page","link":"https:\/\/www.planantifraude.com.es\/ca\/serveis-antifrau-catalunya\/formacio-curs-antifrau\/","title":{"rendered":"Formaci\u00f3 Pla Antifrau"},"content":{"rendered":"<p>[vc_row][vc_column]<style>.ld_spacer_69fc926ec6e41{height:120px;}<\/style>\n<div class=\"ld-empty-space ld_spacer_69fc926ec6e41\"><\/div>[\/vc_column][\/vc_row][vc_row content_placement=&#8221;middle&#8221;][vc_column width=&#8221;1\/2&#8243;][vc_column_text]Daleph, en el marc dels projectes d\u2019implementaci\u00f3 de Plans de mesures antifrau, ofereix la possibilitat de realitzar<strong> sessions de formaci\u00f3 orientades a promoure l\u2019\u00e8tica p\u00fablica i a facilitar la detecci\u00f3 del frau.<\/strong><\/p>\n<p><strong>\u00a0<\/strong>Cal recordar que aquestes sessions, en les que es promour\u00e0 la difusi\u00f3 i les implicacions del Pla de mesures antifrau, <strong>s\u00f3n un requeriment de l\u2019Ordre HFP\/1030\/2021 per aquelles entitats que vulguin ser benefici\u00e0ries de Fons Next Generation.<\/strong><\/p>\n<p>Les entitats han de ser conscients, a m\u00e9s, que donar a con\u00e8ixer els \u00e0mbits i conceptes de l\u2019acci\u00f3 antifrau i el contingut del Pla de mesures amb aquest curs antifrau\u00a0\u00e9s un prerequisit per al seu compliment i per aconseguir que l\u2019organitzaci\u00f3 integri la cultura de la integritat i el bon govern en el model de gesti\u00f3.<\/p>\n<p>En les sessions, orientades tant a personal t\u00e8cnic com a c\u00e0rrecs electes, l\u2019equip de Daleph dinamitzar\u00e0 la participaci\u00f3 dels assistents a trav\u00e9s de diferents din\u00e0miques, que inclouran l\u2019an\u00e0lisi de casos pr\u00e0ctics.[\/vc_column_text][\/vc_column][vc_column width=&#8221;1\/2&#8243;][vc_single_image image=&#8221;176&#8243; css=&#8221;.vc_custom_1645173414010{border-radius: 5px !important;}&#8221;][\/vc_column][\/vc_row][vc_row][vc_column]<style>.ld_spacer_69fc926ec70d0{height:50px;}<\/style>\n<div class=\"ld-empty-space ld_spacer_69fc926ec70d0\"><\/div>[\/vc_column][\/vc_row][vc_row gap=&#8221;35&#8243;][vc_column width=&#8221;1\/6&#8243;][\/vc_column][vc_column width=&#8221;1\/6&#8243; offset=&#8221;vc_col-xs-6&#8243; responsive_align=&#8221;text-center&#8221;]<style>.ld_button_69fc926ec7228.btn-icon-solid .btn-icon{background:rgb(194, 22, 30);}.ld_button_69fc926ec7228.btn-icon-circle.btn-icon-ripple .btn-icon:before{border-color:rgb(194, 22, 30);}.ld_button_69fc926ec7228.btn-icon-solid:hover .btn-icon{background:rgb(255, 255, 255);}.ld_button_69fc926ec7228{background-color:rgb(194, 22, 30);border-color:rgb(194, 22, 30);}.ld_button_69fc926ec7228:hover{background-color:rgb(255, 255, 255);border-color:rgb(255, 255, 255);color:rgb(194, 22, 30);}.ld_button_69fc926ec7228 .btn-gradient-bg-hover{background:-webkit-linear-gradient(to right, rgb(255, 255, 255) 0%, rgb(255, 255, 255) 100%);background:linear-gradient(to right, rgb(255, 255, 255) 0%, rgb(255, 255, 255) 100%);}.ld_button_69fc926ec7228 .btn-gradient-border defs stop:first-child{stop-color:rgb(194, 22, 30);}.ld_button_69fc926ec7228 .btn-gradient-border defs stop:last-child{stop-color:rgb(194, 22, 30);}.ld_button_69fc926ec7228:hover .btn-gradient-border defs stop:first-child{stop-color:rgb(255, 255, 255);}.ld_button_69fc926ec7228:hover .btn-gradient-border defs stop:last-child{stop-color:rgb(255, 255, 255);}<\/style><a href=\"https:\/\/www.planantifraude.com.es\/ca\/contacte-lluita-contra-frau\/\" title=\"Contacte\" class=\"btn btn-solid btn-lg border-thin btn-has-label button-servicios button-contactanos ld_button_69fc926ec7228 vc_custom_1646910572413\" >\n\t<span>\n\t\t\n\t\t\t\t\t<span class=\"btn-txt\" data-text=\"CONTACTA&#039;NS\" >CONTACTA'NS<\/span>\n\t\t\t\n\t\t\t\t\t<\/span>\n<\/a>\n[\/vc_column][vc_column width=&#8221;1\/6&#8243;][\/vc_column][vc_column width=&#8221;1\/6&#8243; offset=&#8221;vc_col-xs-6&#8243;]<style>.ld_button_69fc926ec8c62.btn-icon-solid .btn-icon{background:rgb(194, 22, 30);}.ld_button_69fc926ec8c62.btn-icon-circle.btn-icon-ripple .btn-icon:before{border-color:rgb(194, 22, 30);}.ld_button_69fc926ec8c62.btn-icon-solid:hover .btn-icon{background:rgb(255, 255, 255);}.ld_button_69fc926ec8c62{background-color:rgb(194, 22, 30);border-color:rgb(194, 22, 30);}.ld_button_69fc926ec8c62:hover{background-color:rgb(255, 255, 255);border-color:rgb(255, 255, 255);color:rgb(194, 22, 30);}.ld_button_69fc926ec8c62 .btn-gradient-bg-hover{background:-webkit-linear-gradient(to right, rgb(255, 255, 255) 0%, rgb(255, 255, 255) 100%);background:linear-gradient(to right, rgb(255, 255, 255) 0%, rgb(255, 255, 255) 100%);}.ld_button_69fc926ec8c62 .btn-gradient-border defs stop:first-child{stop-color:rgb(194, 22, 30);}.ld_button_69fc926ec8c62 .btn-gradient-border defs stop:last-child{stop-color:rgb(194, 22, 30);}.ld_button_69fc926ec8c62:hover .btn-gradient-border defs stop:first-child{stop-color:rgb(255, 255, 255);}.ld_button_69fc926ec8c62:hover .btn-gradient-border defs stop:last-child{stop-color:rgb(255, 255, 255);}<\/style><a href=\"https:\/\/www.planantifraude.com.es\/ca\/serveis-antifrau-catalunya\/\" title=\"Serveis\" class=\"btn btn-solid btn-lg border-thin btn-has-label button-servicios ld_button_69fc926ec8c62 vc_custom_1646825122911\" >\n\t<span>\n\t\t\n\t\t\t\t\t<span class=\"btn-txt\" data-text=\"SERVEIS\" >SERVEIS<\/span>\n\t\t\t\n\t\t\t\t\t<\/span>\n<\/a>\n[\/vc_column][vc_column width=&#8221;1\/6&#8243;][\/vc_column][vc_column width=&#8221;1\/6&#8243;][\/vc_column][\/vc_row][vc_row][vc_column]<style>.ld_spacer_69fc926ec9c7d{height:120px;}<\/style>\n<div class=\"ld-empty-space ld_spacer_69fc926ec9c7d\"><\/div>[\/vc_column][\/vc_row]<\/p>\n","protected":false},"excerpt":{"rendered":"<p>[vc_row][vc_column][\/vc_column][\/vc_row][vc_row content_placement=&#8221;middle&#8221;][vc_column width=&#8221;1\/2&#8243;][vc_column_text]Daleph, en el marc dels projectes d\u2019implementaci\u00f3 de Plans de mesures antifrau, ofereix la possibilitat de realitzar sessions de formaci\u00f3 orientades a promoure l\u2019\u00e8tica p\u00fablica i a facilitar la detecci\u00f3 del frau. \u00a0Cal recordar que aquestes sessions, en les que es promour\u00e0 la difusi\u00f3 i les implicacions del Pla de mesures antifrau, s\u00f3n [&hellip;]<\/p>\n","protected":false},"author":1,"featured_media":0,"parent":552,"menu_order":0,"comment_status":"closed","ping_status":"closed","template":"","meta":{"inline_featured_image":false,"footnotes":""},"class_list":["post-554","page","type-page","status-publish","hentry"],"yoast_head":"<!-- This site is optimized with the Yoast SEO plugin v19.9 - https:\/\/yoast.com\/wordpress\/plugins\/seo\/ -->\n<title>Formacions, Orientaci\u00f3 i Cursos Antifrau. Detecci\u00f3 i \u00e8tica.<\/title>\n<meta name=\"description\" content=\"Sessions requerides en l&#039;Ordre HFP 1030\/2021 sobre fons Next Generation. Formacions, Orientaci\u00f3 i Cursos Antifrau de Delph a entitats.\" \/>\n<meta name=\"robots\" content=\"index, follow, max-snippet:-1, max-image-preview:large, max-video-preview:-1\" \/>\n<link rel=\"canonical\" href=\"https:\/\/www.planantifraude.com.es\/ca\/serveis-antifrau-catalunya\/formacio-curs-antifrau\/\" \/>\n<meta property=\"og:locale\" content=\"ca_ES\" \/>\n<meta property=\"og:type\" content=\"article\" \/>\n<meta property=\"og:title\" content=\"Formacions, Orientaci\u00f3 i Cursos Antifrau. Detecci\u00f3 i \u00e8tica.\" \/>\n<meta property=\"og:description\" content=\"Sessions requerides en l&#039;Ordre HFP 1030\/2021 sobre fons Next Generation. Formacions, Orientaci\u00f3 i Cursos Antifrau de Delph a entitats.\" \/>\n<meta property=\"og:url\" content=\"https:\/\/www.planantifraude.com.es\/ca\/serveis-antifrau-catalunya\/formacio-curs-antifrau\/\" \/>\n<meta property=\"og:site_name\" content=\"Plan Antifraude\" \/>\n<meta property=\"article:modified_time\" content=\"2022-03-30T16:24:48+00:00\" \/>\n<meta name=\"twitter:card\" content=\"summary_large_image\" \/>\n<meta name=\"twitter:label1\" content=\"Temps estimat de lectura\" \/>\n\t<meta name=\"twitter:data1\" content=\"2 minuts\" \/>\n<script type=\"application\/ld+json\" class=\"yoast-schema-graph\">{\"@context\":\"https:\/\/schema.org\",\"@graph\":[{\"@type\":\"WebPage\",\"@id\":\"https:\/\/www.planantifraude.com.es\/ca\/serveis-antifrau-catalunya\/formacio-curs-antifrau\/\",\"url\":\"https:\/\/www.planantifraude.com.es\/ca\/serveis-antifrau-catalunya\/formacio-curs-antifrau\/\",\"name\":\"Formacions, Orientaci\u00f3 i Cursos Antifrau. Detecci\u00f3 i \u00e8tica.\",\"isPartOf\":{\"@id\":\"https:\/\/www.planantifraude.com.es\/ca\/#website\"},\"datePublished\":\"2022-02-14T10:47:52+00:00\",\"dateModified\":\"2022-03-30T16:24:48+00:00\",\"description\":\"Sessions requerides en l'Ordre HFP 1030\/2021 sobre fons Next Generation. Formacions, Orientaci\u00f3 i Cursos Antifrau de Delph a entitats.\",\"breadcrumb\":{\"@id\":\"https:\/\/www.planantifraude.com.es\/ca\/serveis-antifrau-catalunya\/formacio-curs-antifrau\/#breadcrumb\"},\"inLanguage\":\"ca\",\"potentialAction\":[{\"@type\":\"ReadAction\",\"target\":[\"https:\/\/www.planantifraude.com.es\/ca\/serveis-antifrau-catalunya\/formacio-curs-antifrau\/\"]}]},{\"@type\":\"BreadcrumbList\",\"@id\":\"https:\/\/www.planantifraude.com.es\/ca\/serveis-antifrau-catalunya\/formacio-curs-antifrau\/#breadcrumb\",\"itemListElement\":[{\"@type\":\"ListItem\",\"position\":1,\"name\":\"Portada\",\"item\":\"https:\/\/www.planantifraude.com.es\/ca\/\"},{\"@type\":\"ListItem\",\"position\":2,\"name\":\"Serveis\",\"item\":\"https:\/\/www.planantifraude.com.es\/ca\/serveis-antifrau-catalunya\/\"},{\"@type\":\"ListItem\",\"position\":3,\"name\":\"Formaci\u00f3 Pla Antifrau\"}]},{\"@type\":\"WebSite\",\"@id\":\"https:\/\/www.planantifraude.com.es\/ca\/#website\",\"url\":\"https:\/\/www.planantifraude.com.es\/ca\/\",\"name\":\"Plan Antifraude\",\"description\":\"Just another WordPress site\",\"publisher\":{\"@id\":\"https:\/\/www.planantifraude.com.es\/ca\/#organization\"},\"potentialAction\":[{\"@type\":\"SearchAction\",\"target\":{\"@type\":\"EntryPoint\",\"urlTemplate\":\"https:\/\/www.planantifraude.com.es\/ca\/?s={search_term_string}\"},\"query-input\":\"required name=search_term_string\"}],\"inLanguage\":\"ca\"},{\"@type\":\"Organization\",\"@id\":\"https:\/\/www.planantifraude.com.es\/ca\/#organization\",\"name\":\"Plan Antifraude Daleph\",\"url\":\"https:\/\/www.planantifraude.com.es\/ca\/\",\"logo\":{\"@type\":\"ImageObject\",\"inLanguage\":\"ca\",\"@id\":\"https:\/\/www.planantifraude.com.es\/ca\/#\/schema\/logo\/image\/\",\"url\":\"https:\/\/www.planantifraude.com.es\/wp-content\/uploads\/2022\/02\/Logo-Daleph-Antifraude-02.svg\",\"contentUrl\":\"https:\/\/www.planantifraude.com.es\/wp-content\/uploads\/2022\/02\/Logo-Daleph-Antifraude-02.svg\",\"width\":\"1024\",\"height\":\"1024\",\"caption\":\"Plan Antifraude Daleph\"},\"image\":{\"@id\":\"https:\/\/www.planantifraude.com.es\/ca\/#\/schema\/logo\/image\/\"}}]}<\/script>\n<!-- \/ Yoast SEO plugin. -->","yoast_head_json":{"title":"Formacions, Orientaci\u00f3 i Cursos Antifrau. Detecci\u00f3 i \u00e8tica.","description":"Sessions requerides en l'Ordre HFP 1030\/2021 sobre fons Next Generation. Formacions, Orientaci\u00f3 i Cursos Antifrau de Delph a entitats.","robots":{"index":"index","follow":"follow","max-snippet":"max-snippet:-1","max-image-preview":"max-image-preview:large","max-video-preview":"max-video-preview:-1"},"canonical":"https:\/\/www.planantifraude.com.es\/ca\/serveis-antifrau-catalunya\/formacio-curs-antifrau\/","og_locale":"ca_ES","og_type":"article","og_title":"Formacions, Orientaci\u00f3 i Cursos Antifrau. Detecci\u00f3 i \u00e8tica.","og_description":"Sessions requerides en l'Ordre HFP 1030\/2021 sobre fons Next Generation. Formacions, Orientaci\u00f3 i Cursos Antifrau de Delph a entitats.","og_url":"https:\/\/www.planantifraude.com.es\/ca\/serveis-antifrau-catalunya\/formacio-curs-antifrau\/","og_site_name":"Plan Antifraude","article_modified_time":"2022-03-30T16:24:48+00:00","twitter_card":"summary_large_image","twitter_misc":{"Temps estimat de lectura":"2 minuts"},"schema":{"@context":"https:\/\/schema.org","@graph":[{"@type":"WebPage","@id":"https:\/\/www.planantifraude.com.es\/ca\/serveis-antifrau-catalunya\/formacio-curs-antifrau\/","url":"https:\/\/www.planantifraude.com.es\/ca\/serveis-antifrau-catalunya\/formacio-curs-antifrau\/","name":"Formacions, Orientaci\u00f3 i Cursos Antifrau. Detecci\u00f3 i \u00e8tica.","isPartOf":{"@id":"https:\/\/www.planantifraude.com.es\/ca\/#website"},"datePublished":"2022-02-14T10:47:52+00:00","dateModified":"2022-03-30T16:24:48+00:00","description":"Sessions requerides en l'Ordre HFP 1030\/2021 sobre fons Next Generation. Formacions, Orientaci\u00f3 i Cursos Antifrau de Delph a entitats.","breadcrumb":{"@id":"https:\/\/www.planantifraude.com.es\/ca\/serveis-antifrau-catalunya\/formacio-curs-antifrau\/#breadcrumb"},"inLanguage":"ca","potentialAction":[{"@type":"ReadAction","target":["https:\/\/www.planantifraude.com.es\/ca\/serveis-antifrau-catalunya\/formacio-curs-antifrau\/"]}]},{"@type":"BreadcrumbList","@id":"https:\/\/www.planantifraude.com.es\/ca\/serveis-antifrau-catalunya\/formacio-curs-antifrau\/#breadcrumb","itemListElement":[{"@type":"ListItem","position":1,"name":"Portada","item":"https:\/\/www.planantifraude.com.es\/ca\/"},{"@type":"ListItem","position":2,"name":"Serveis","item":"https:\/\/www.planantifraude.com.es\/ca\/serveis-antifrau-catalunya\/"},{"@type":"ListItem","position":3,"name":"Formaci\u00f3 Pla Antifrau"}]},{"@type":"WebSite","@id":"https:\/\/www.planantifraude.com.es\/ca\/#website","url":"https:\/\/www.planantifraude.com.es\/ca\/","name":"Plan Antifraude","description":"Just another WordPress site","publisher":{"@id":"https:\/\/www.planantifraude.com.es\/ca\/#organization"},"potentialAction":[{"@type":"SearchAction","target":{"@type":"EntryPoint","urlTemplate":"https:\/\/www.planantifraude.com.es\/ca\/?s={search_term_string}"},"query-input":"required name=search_term_string"}],"inLanguage":"ca"},{"@type":"Organization","@id":"https:\/\/www.planantifraude.com.es\/ca\/#organization","name":"Plan Antifraude Daleph","url":"https:\/\/www.planantifraude.com.es\/ca\/","logo":{"@type":"ImageObject","inLanguage":"ca","@id":"https:\/\/www.planantifraude.com.es\/ca\/#\/schema\/logo\/image\/","url":"https:\/\/www.planantifraude.com.es\/wp-content\/uploads\/2022\/02\/Logo-Daleph-Antifraude-02.svg","contentUrl":"https:\/\/www.planantifraude.com.es\/wp-content\/uploads\/2022\/02\/Logo-Daleph-Antifraude-02.svg","width":"1024","height":"1024","caption":"Plan Antifraude Daleph"},"image":{"@id":"https:\/\/www.planantifraude.com.es\/ca\/#\/schema\/logo\/image\/"}}]}},"_links":{"self":[{"href":"https:\/\/www.planantifraude.com.es\/ca\/wp-json\/wp\/v2\/pages\/554","targetHints":{"allow":["GET"]}}],"collection":[{"href":"https:\/\/www.planantifraude.com.es\/ca\/wp-json\/wp\/v2\/pages"}],"about":[{"href":"https:\/\/www.planantifraude.com.es\/ca\/wp-json\/wp\/v2\/types\/page"}],"author":[{"embeddable":true,"href":"https:\/\/www.planantifraude.com.es\/ca\/wp-json\/wp\/v2\/users\/1"}],"replies":[{"embeddable":true,"href":"https:\/\/www.planantifraude.com.es\/ca\/wp-json\/wp\/v2\/comments?post=554"}],"version-history":[{"count":1,"href":"https:\/\/www.planantifraude.com.es\/ca\/wp-json\/wp\/v2\/pages\/554\/revisions"}],"predecessor-version":[{"id":763,"href":"https:\/\/www.planantifraude.com.es\/ca\/wp-json\/wp\/v2\/pages\/554\/revisions\/763"}],"up":[{"embeddable":true,"href":"https:\/\/www.planantifraude.com.es\/ca\/wp-json\/wp\/v2\/pages\/552"}],"wp:attachment":[{"href":"https:\/\/www.planantifraude.com.es\/ca\/wp-json\/wp\/v2\/media?parent=554"}],"curies":[{"name":"wp","href":"https:\/\/api.w.org\/{rel}","templated":true}]}}