{"id":560,"date":"2022-02-14T11:45:43","date_gmt":"2022-02-14T10:45:43","guid":{"rendered":"https:\/\/antifraude.mmkt.dev\/servicios\/plan-de-integridad\/"},"modified":"2022-03-30T18:19:42","modified_gmt":"2022-03-30T16:19:42","slug":"pla-integritat-publica","status":"publish","type":"page","link":"https:\/\/www.planantifraude.com.es\/ca\/serveis-antifrau-catalunya\/pla-integritat-publica\/","title":{"rendered":"Pla d&#8217;Integritat"},"content":{"rendered":"<p>[vc_row][vc_column]<style>.ld_spacer_69fc9529f28b6{height:120px;}<\/style>\n<div class=\"ld-empty-space ld_spacer_69fc9529f28b6\"><\/div>[\/vc_column][\/vc_row][vc_row content_placement=&#8221;middle&#8221;][vc_column width=&#8221;1\/2&#8243;][vc_column_text]Daleph ofereix l\u2019acompanyament i guiatge per elaborar un <strong>pla d\u2019integritat<\/strong> per organitzacions p\u00fabliques. Desplegar una estrat\u00e8gia d\u2019integritat p\u00fablica \u00e9s un exercici complex, i <strong>Daleph pot contribuir a qu\u00e8 les organitzacions configurin un pla d\u2019integritat que situ\u00ef els pilars adients per la implantaci\u00f3 i consolidaci\u00f3 d\u2019una pol\u00edtica d\u2019integritat p\u00fablica<\/strong>.<\/p>\n<p>L\u2019impuls d\u2019una pol\u00edtica d\u2019integritat \u00e9s un desafiament que constitueix un element m\u00e9s de la gesti\u00f3 p\u00fablica, orientat a la millora cont\u00ednua del conjunt de l\u2019organitzaci\u00f3, i que va molt m\u00e9s enll\u00e0 d\u2019una vessant punitiva.<\/p>\n<p>Des de Daleph, <strong>acompanyem a les administracions p\u00fabliques en la definici\u00f3, configuraci\u00f3 i adaptaci\u00f3 de les diferents eines i instruments que constitueixen un sistema d\u2019integritat<\/strong>, i que han de quedar plasmades en un pla d\u2019integritat que gui\u00ef les actuacions de l\u2019organitzaci\u00f3. Aquest sistema d\u2019integritat es vehicula a trav\u00e9s de tres capes diferenciades:<\/p>\n<p>Una <strong>capa estrat\u00e8gica<\/strong> que comporta una visi\u00f3 a llarg termini, i impregna la presa de decisions i la cultura organitzativa de l\u2019entitat.<\/p>\n<p>Una <strong>capa instrumental<\/strong> que es tradueix en la implantaci\u00f3 de diferents eines i mecanismes<\/p>\n<p>Una <strong>capa organitzativa i de governan\u00e7a<\/strong> que doni cobertura i coher\u00e8ncia a totes aquestes peces, a m\u00e9s de realitzar-ne un seguiment, avaluaci\u00f3 i millora.[\/vc_column_text][\/vc_column][vc_column width=&#8221;1\/2&#8243;][vc_single_image image=&#8221;156&#8243; alignment=&#8221;center&#8221; css=&#8221;.vc_custom_1645173320974{border-radius: 5px !important;}&#8221;][\/vc_column][\/vc_row][vc_row][vc_column]<style>.ld_spacer_69fc9529f29a3{height:40px;}<\/style>\n<div class=\"ld-empty-space ld_spacer_69fc9529f29a3\"><\/div>[\/vc_column][\/vc_row][vc_row gap=&#8221;25&#8243; css=&#8221;.vc_custom_1606474843457{padding-top: 45px !important;padding-bottom: 45px !important;}&#8221; responsive_css=&#8221;padding_bottom_medium:85px&#8221;][vc_column][vc_row_inner enable_content_animation=&#8221;yes&#8221; ca_init_scale_x=&#8221;0.75&#8243; ca_init_scale_y=&#8221;0.75&#8243; ca_init_opacity=&#8221;0&#8243; ca_an_scale_x=&#8221;1&#8243; ca_an_scale_y=&#8221;1&#8243; ca_an_opacity=&#8221;1&#8243; ca_duration=&#8221;1800&#8243; ca_delay=&#8221;180&#8243; ca_init_translate_y=&#8221;35&#8243;][vc_column_inner offset=&#8221;vc_col-md-4&#8243;]<style>.ld_icon_box_69fc9529f2b90 .iconbox-icon-container{color:rgb(255, 255, 255);font-size:36px;margin-bottom:20px !important;border-radius:px;}.ld_icon_box_69fc9529f2b90 .lqd-iconbox-title{color:rgb(255, 255, 255);margin-bottom:2px;}.ld_icon_box_69fc9529f2b90{background:rgb(194, 22, 30);}<\/style>\n<div class=\"iconbox text-align-default iconbox-round iconbox-shadow iconbox-heading-sm iconbox-filled integridad-box ld_icon_box_69fc9529f2b90 vc_custom_1646812988184\" id=\"ld_icon_box_69fc9529f2b90\"  data-animate-icon=\"true\" data-plugin-options='{\"color\":\"rgb(255, 255, 255)\"}'  >\n\t\n\t\t\t\t\t\n\t\n\t<div class=\"iconbox-icon-wrap\"><span class=\"iconbox-icon-container\"><i class=\"fas fa-table\"><\/i><\/span><\/div>\t\n\t\t\n\t<div class=\"contents\">\t\n\t\t\n\t<h3 class=\"font-weight-semibold\">CAPA ESTRAT\u00c8GICA<\/h3>\t<p>Sistema de valors, codi \u00e8tic i de conducta, mapa de riscos<\/p>\n\t\t\n\t<\/div>\t\n\t\n<\/div>\n[\/vc_column_inner][vc_column_inner offset=&#8221;vc_col-md-4&#8243;]<style>.ld_icon_box_69fc9529f4146 .iconbox-icon-container{color:rgb(255, 255, 255);font-size:36px;margin-bottom:23px !important;border-radius:px;}.ld_icon_box_69fc9529f4146 .lqd-iconbox-title{color:rgb(255, 255, 255);margin-bottom:2px;}.ld_icon_box_69fc9529f4146{background:rgb(194, 22, 30);}<\/style>\n<div class=\"iconbox text-align-default iconbox-round iconbox-shadow iconbox-heading-sm iconbox-filled integridad-box ld_icon_box_69fc9529f4146 vc_custom_1646813072838\" id=\"ld_icon_box_69fc9529f4146\"  data-animate-icon=\"true\" data-plugin-options='{\"color\":\"rgb(255, 255, 255)\"}'  >\n\t\n\t\t\t\t\t\n\t\n\t<div class=\"iconbox-icon-wrap\"><span class=\"iconbox-icon-container\"><i class=\"far fa-copy\"><\/i><\/span><\/div>\t\n\t\t\n\t<div class=\"contents\">\t\n\t\t\n\t<h3 class=\"font-weight-semibold\">CAPA INSTRUMENTAL<\/h3>\t<p>Protoc\u00f2ls d&#8217;actuaci\u00f3, canal de den\u00f9ncia, b\u00fastia \u00e8tica, formaci\u00f3 i sensibilitzaci\u00f3<\/p>\n\t\t\n\t<\/div>\t\n\t\n<\/div>\n[\/vc_column_inner][vc_column_inner offset=&#8221;vc_col-md-4&#8243;]<style>.ld_icon_box_69fc952a00b82 .iconbox-icon-container{color:rgb(255, 255, 255);font-size:36px;margin-bottom:23px !important;border-radius:px;}.ld_icon_box_69fc952a00b82 .lqd-iconbox-title{color:rgb(255, 255, 255);margin-bottom:2px;}.ld_icon_box_69fc952a00b82{background:rgb(194, 22, 30);}<\/style>\n<div class=\"iconbox text-align-default iconbox-round iconbox-shadow iconbox-heading-sm iconbox-filled integridad-box ld_icon_box_69fc952a00b82 vc_custom_1646813121755\" id=\"ld_icon_box_69fc952a00b82\"  data-animate-icon=\"true\" data-plugin-options='{\"color\":\"rgb(255, 255, 255)\"}'  >\n\t\n\t\t\t\t\t\n\t\n\t<div class=\"iconbox-icon-wrap\"><span class=\"iconbox-icon-container\"><i class=\"fas fa-archive\"><\/i><\/span><\/div>\t\n\t\t\n\t<div class=\"contents\">\t\n\t\t\n\t<h3 class=\"font-weight-semibold\">CAPA ORGANITZATIVA I DE GOVERNAN\u00c7A<\/h3>\t<p>\u00d2rgans de garantia i compliment, unitats o referents en integritat<\/p>\n\t\t\n\t<\/div>\t\n\t\n<\/div>\n[\/vc_column_inner][\/vc_row_inner][vc_row_inner][vc_column_inner]<style>.ld_spacer_69fc952a00f2e{height:40px;}<\/style>\n<div class=\"ld-empty-space ld_spacer_69fc952a00f2e\"><\/div>[vc_column_text]Creiem que \u00e9s molt important <strong>reflexionar i adaptar amb cura aquesta capa organitzativa i de governan\u00e7a a la realitat de cada organitzaci\u00f3<\/strong>, la seva idiosincr\u00e0sia i les seves pr\u00f2pies din\u00e0miques per tal que la implantaci\u00f3 del sistema d\u2019integritat institucional es consolidi amb \u00e8xit.<\/p>\n<p>Aquest proc\u00e9s d\u2019elaboraci\u00f3 d\u2019un pla d\u2019integritat s\u2019acompanya d\u2019un trasp\u00e0s de capacitats cap als nostres clients amb una perspectiva pragm\u00e0tica, adaptada a cada organitzaci\u00f3, i enfocada a les persones i la bona governan\u00e7a.[\/vc_column_text][\/vc_column_inner][\/vc_row_inner][\/vc_column][\/vc_row][vc_row gap=&#8221;35&#8243;][vc_column width=&#8221;1\/6&#8243;][\/vc_column][vc_column width=&#8221;1\/6&#8243; offset=&#8221;vc_col-xs-6&#8243; responsive_align=&#8221;text-center&#8221;]<style>.ld_button_69fc952a01088.btn-icon-solid .btn-icon{background:rgb(194, 22, 30);}.ld_button_69fc952a01088.btn-icon-circle.btn-icon-ripple .btn-icon:before{border-color:rgb(194, 22, 30);}.ld_button_69fc952a01088.btn-icon-solid:hover .btn-icon{background:rgb(255, 255, 255);}.ld_button_69fc952a01088{background-color:rgb(194, 22, 30);border-color:rgb(194, 22, 30);}.ld_button_69fc952a01088:hover{background-color:rgb(255, 255, 255);border-color:rgb(255, 255, 255);color:rgb(194, 22, 30);}.ld_button_69fc952a01088 .btn-gradient-bg-hover{background:-webkit-linear-gradient(to right, rgb(255, 255, 255) 0%, rgb(255, 255, 255) 100%);background:linear-gradient(to right, rgb(255, 255, 255) 0%, rgb(255, 255, 255) 100%);}.ld_button_69fc952a01088 .btn-gradient-border defs stop:first-child{stop-color:rgb(194, 22, 30);}.ld_button_69fc952a01088 .btn-gradient-border defs stop:last-child{stop-color:rgb(194, 22, 30);}.ld_button_69fc952a01088:hover .btn-gradient-border defs stop:first-child{stop-color:rgb(255, 255, 255);}.ld_button_69fc952a01088:hover .btn-gradient-border defs stop:last-child{stop-color:rgb(255, 255, 255);}<\/style><a href=\"https:\/\/www.planantifraude.com.es\/ca\/contacte-lluita-contra-frau\/\" title=\"Contacte\" class=\"btn btn-solid btn-lg border-thin btn-has-label button-servicios button-contactanos ld_button_69fc952a01088 vc_custom_1646910244929\" >\n\t<span>\n\t\t\n\t\t\t\t\t<span class=\"btn-txt\" data-text=\"CONTACTA&#039;NS\" >CONTACTA'NS<\/span>\n\t\t\t\n\t\t\t\t\t<\/span>\n<\/a>\n[\/vc_column][vc_column width=&#8221;1\/6&#8243;][\/vc_column][vc_column width=&#8221;1\/6&#8243; offset=&#8221;vc_col-xs-6&#8243;]<style>.ld_button_69fc952a0196c.btn-icon-solid .btn-icon{background:rgb(194, 22, 30);}.ld_button_69fc952a0196c.btn-icon-circle.btn-icon-ripple .btn-icon:before{border-color:rgb(194, 22, 30);}.ld_button_69fc952a0196c.btn-icon-solid:hover .btn-icon{background:rgb(255, 255, 255);}.ld_button_69fc952a0196c{background-color:rgb(194, 22, 30);border-color:rgb(194, 22, 30);}.ld_button_69fc952a0196c:hover{background-color:rgb(255, 255, 255);border-color:rgb(255, 255, 255);color:rgb(194, 22, 30);}.ld_button_69fc952a0196c .btn-gradient-bg-hover{background:-webkit-linear-gradient(to right, rgb(255, 255, 255) 0%, rgb(255, 255, 255) 100%);background:linear-gradient(to right, rgb(255, 255, 255) 0%, rgb(255, 255, 255) 100%);}.ld_button_69fc952a0196c .btn-gradient-border defs stop:first-child{stop-color:rgb(194, 22, 30);}.ld_button_69fc952a0196c .btn-gradient-border defs stop:last-child{stop-color:rgb(194, 22, 30);}.ld_button_69fc952a0196c:hover .btn-gradient-border defs stop:first-child{stop-color:rgb(255, 255, 255);}.ld_button_69fc952a0196c:hover .btn-gradient-border defs stop:last-child{stop-color:rgb(255, 255, 255);}<\/style><a href=\"https:\/\/www.planantifraude.com.es\/ca\/serveis-antifrau-catalunya\/\" title=\"SERVEIS\" class=\"btn btn-solid btn-lg border-thin btn-has-label button-servicios ld_button_69fc952a0196c vc_custom_1646825061841\" >\n\t<span>\n\t\t\n\t\t\t\t\t<span class=\"btn-txt\" data-text=\"SERVEIS\" >SERVEIS<\/span>\n\t\t\t\n\t\t\t\t\t<\/span>\n<\/a>\n[\/vc_column][vc_column width=&#8221;1\/6&#8243;][\/vc_column][vc_column width=&#8221;1\/6&#8243;][\/vc_column][\/vc_row][vc_row][vc_column]<style>.ld_spacer_69fc952a0286f{height:120px;}<\/style>\n<div class=\"ld-empty-space ld_spacer_69fc952a0286f\"><\/div>[\/vc_column][\/vc_row]<\/p>\n","protected":false},"excerpt":{"rendered":"<p>[vc_row][vc_column][\/vc_column][\/vc_row][vc_row content_placement=&#8221;middle&#8221;][vc_column width=&#8221;1\/2&#8243;][vc_column_text]Daleph ofereix l\u2019acompanyament i guiatge per elaborar un pla d\u2019integritat per organitzacions p\u00fabliques. Desplegar una estrat\u00e8gia d\u2019integritat p\u00fablica \u00e9s un exercici complex, i Daleph pot contribuir a qu\u00e8 les organitzacions configurin un pla d\u2019integritat que situ\u00ef els pilars adients per la implantaci\u00f3 i consolidaci\u00f3 d\u2019una pol\u00edtica d\u2019integritat p\u00fablica. L\u2019impuls d\u2019una pol\u00edtica d\u2019integritat \u00e9s [&hellip;]<\/p>\n","protected":false},"author":1,"featured_media":0,"parent":552,"menu_order":0,"comment_status":"closed","ping_status":"closed","template":"","meta":{"inline_featured_image":false,"footnotes":""},"class_list":["post-560","page","type-page","status-publish","hentry"],"yoast_head":"<!-- This site is optimized with the Yoast SEO plugin v19.9 - https:\/\/yoast.com\/wordpress\/plugins\/seo\/ -->\n<title>Elaboraci\u00f3 de Pla d&#039;Integritat p\u00fablica \u2013 Sistema d&#039;Integritat<\/title>\n<meta name=\"description\" content=\"Acompanyem l&#039;administraci\u00f3 p\u00fablica en l&#039;elaboraci\u00f3 i estrat\u00e8gia per a un pla d&#039;integritat p\u00fablica. Sistema d&#039;Integritat professional.\" \/>\n<meta name=\"robots\" content=\"index, follow, max-snippet:-1, max-image-preview:large, max-video-preview:-1\" \/>\n<link rel=\"canonical\" href=\"https:\/\/www.planantifraude.com.es\/ca\/serveis-antifrau-catalunya\/pla-integritat-publica\/\" \/>\n<meta property=\"og:locale\" content=\"ca_ES\" \/>\n<meta property=\"og:type\" content=\"article\" \/>\n<meta property=\"og:title\" content=\"Elaboraci\u00f3 de Pla d&#039;Integritat p\u00fablica \u2013 Sistema d&#039;Integritat\" \/>\n<meta property=\"og:description\" content=\"Acompanyem l&#039;administraci\u00f3 p\u00fablica en l&#039;elaboraci\u00f3 i estrat\u00e8gia per a un pla d&#039;integritat p\u00fablica. Sistema d&#039;Integritat professional.\" \/>\n<meta property=\"og:url\" content=\"https:\/\/www.planantifraude.com.es\/ca\/serveis-antifrau-catalunya\/pla-integritat-publica\/\" \/>\n<meta property=\"og:site_name\" content=\"Plan Antifraude\" \/>\n<meta property=\"article:modified_time\" content=\"2022-03-30T16:19:42+00:00\" \/>\n<meta name=\"twitter:card\" content=\"summary_large_image\" \/>\n<meta name=\"twitter:label1\" content=\"Temps estimat de lectura\" \/>\n\t<meta name=\"twitter:data1\" content=\"3 minuts\" \/>\n<script type=\"application\/ld+json\" class=\"yoast-schema-graph\">{\"@context\":\"https:\/\/schema.org\",\"@graph\":[{\"@type\":\"WebPage\",\"@id\":\"https:\/\/www.planantifraude.com.es\/ca\/serveis-antifrau-catalunya\/pla-integritat-publica\/\",\"url\":\"https:\/\/www.planantifraude.com.es\/ca\/serveis-antifrau-catalunya\/pla-integritat-publica\/\",\"name\":\"Elaboraci\u00f3 de Pla d'Integritat p\u00fablica \u2013 Sistema d'Integritat\",\"isPartOf\":{\"@id\":\"https:\/\/www.planantifraude.com.es\/ca\/#website\"},\"datePublished\":\"2022-02-14T10:45:43+00:00\",\"dateModified\":\"2022-03-30T16:19:42+00:00\",\"description\":\"Acompanyem l'administraci\u00f3 p\u00fablica en l'elaboraci\u00f3 i estrat\u00e8gia per a un pla d'integritat p\u00fablica. Sistema d'Integritat professional.\",\"breadcrumb\":{\"@id\":\"https:\/\/www.planantifraude.com.es\/ca\/serveis-antifrau-catalunya\/pla-integritat-publica\/#breadcrumb\"},\"inLanguage\":\"ca\",\"potentialAction\":[{\"@type\":\"ReadAction\",\"target\":[\"https:\/\/www.planantifraude.com.es\/ca\/serveis-antifrau-catalunya\/pla-integritat-publica\/\"]}]},{\"@type\":\"BreadcrumbList\",\"@id\":\"https:\/\/www.planantifraude.com.es\/ca\/serveis-antifrau-catalunya\/pla-integritat-publica\/#breadcrumb\",\"itemListElement\":[{\"@type\":\"ListItem\",\"position\":1,\"name\":\"Portada\",\"item\":\"https:\/\/www.planantifraude.com.es\/ca\/\"},{\"@type\":\"ListItem\",\"position\":2,\"name\":\"Serveis\",\"item\":\"https:\/\/www.planantifraude.com.es\/ca\/serveis-antifrau-catalunya\/\"},{\"@type\":\"ListItem\",\"position\":3,\"name\":\"Pla d&#8217;Integritat\"}]},{\"@type\":\"WebSite\",\"@id\":\"https:\/\/www.planantifraude.com.es\/ca\/#website\",\"url\":\"https:\/\/www.planantifraude.com.es\/ca\/\",\"name\":\"Plan Antifraude\",\"description\":\"Just another WordPress site\",\"publisher\":{\"@id\":\"https:\/\/www.planantifraude.com.es\/ca\/#organization\"},\"potentialAction\":[{\"@type\":\"SearchAction\",\"target\":{\"@type\":\"EntryPoint\",\"urlTemplate\":\"https:\/\/www.planantifraude.com.es\/ca\/?s={search_term_string}\"},\"query-input\":\"required name=search_term_string\"}],\"inLanguage\":\"ca\"},{\"@type\":\"Organization\",\"@id\":\"https:\/\/www.planantifraude.com.es\/ca\/#organization\",\"name\":\"Plan Antifraude Daleph\",\"url\":\"https:\/\/www.planantifraude.com.es\/ca\/\",\"logo\":{\"@type\":\"ImageObject\",\"inLanguage\":\"ca\",\"@id\":\"https:\/\/www.planantifraude.com.es\/ca\/#\/schema\/logo\/image\/\",\"url\":\"https:\/\/www.planantifraude.com.es\/wp-content\/uploads\/2022\/02\/Logo-Daleph-Antifraude-02.svg\",\"contentUrl\":\"https:\/\/www.planantifraude.com.es\/wp-content\/uploads\/2022\/02\/Logo-Daleph-Antifraude-02.svg\",\"width\":\"1024\",\"height\":\"1024\",\"caption\":\"Plan Antifraude Daleph\"},\"image\":{\"@id\":\"https:\/\/www.planantifraude.com.es\/ca\/#\/schema\/logo\/image\/\"}}]}<\/script>\n<!-- \/ Yoast SEO plugin. -->","yoast_head_json":{"title":"Elaboraci\u00f3 de Pla d'Integritat p\u00fablica \u2013 Sistema d'Integritat","description":"Acompanyem l'administraci\u00f3 p\u00fablica en l'elaboraci\u00f3 i estrat\u00e8gia per a un pla d'integritat p\u00fablica. Sistema d'Integritat professional.","robots":{"index":"index","follow":"follow","max-snippet":"max-snippet:-1","max-image-preview":"max-image-preview:large","max-video-preview":"max-video-preview:-1"},"canonical":"https:\/\/www.planantifraude.com.es\/ca\/serveis-antifrau-catalunya\/pla-integritat-publica\/","og_locale":"ca_ES","og_type":"article","og_title":"Elaboraci\u00f3 de Pla d'Integritat p\u00fablica \u2013 Sistema d'Integritat","og_description":"Acompanyem l'administraci\u00f3 p\u00fablica en l'elaboraci\u00f3 i estrat\u00e8gia per a un pla d'integritat p\u00fablica. Sistema d'Integritat professional.","og_url":"https:\/\/www.planantifraude.com.es\/ca\/serveis-antifrau-catalunya\/pla-integritat-publica\/","og_site_name":"Plan Antifraude","article_modified_time":"2022-03-30T16:19:42+00:00","twitter_card":"summary_large_image","twitter_misc":{"Temps estimat de lectura":"3 minuts"},"schema":{"@context":"https:\/\/schema.org","@graph":[{"@type":"WebPage","@id":"https:\/\/www.planantifraude.com.es\/ca\/serveis-antifrau-catalunya\/pla-integritat-publica\/","url":"https:\/\/www.planantifraude.com.es\/ca\/serveis-antifrau-catalunya\/pla-integritat-publica\/","name":"Elaboraci\u00f3 de Pla d'Integritat p\u00fablica \u2013 Sistema d'Integritat","isPartOf":{"@id":"https:\/\/www.planantifraude.com.es\/ca\/#website"},"datePublished":"2022-02-14T10:45:43+00:00","dateModified":"2022-03-30T16:19:42+00:00","description":"Acompanyem l'administraci\u00f3 p\u00fablica en l'elaboraci\u00f3 i estrat\u00e8gia per a un pla d'integritat p\u00fablica. Sistema d'Integritat professional.","breadcrumb":{"@id":"https:\/\/www.planantifraude.com.es\/ca\/serveis-antifrau-catalunya\/pla-integritat-publica\/#breadcrumb"},"inLanguage":"ca","potentialAction":[{"@type":"ReadAction","target":["https:\/\/www.planantifraude.com.es\/ca\/serveis-antifrau-catalunya\/pla-integritat-publica\/"]}]},{"@type":"BreadcrumbList","@id":"https:\/\/www.planantifraude.com.es\/ca\/serveis-antifrau-catalunya\/pla-integritat-publica\/#breadcrumb","itemListElement":[{"@type":"ListItem","position":1,"name":"Portada","item":"https:\/\/www.planantifraude.com.es\/ca\/"},{"@type":"ListItem","position":2,"name":"Serveis","item":"https:\/\/www.planantifraude.com.es\/ca\/serveis-antifrau-catalunya\/"},{"@type":"ListItem","position":3,"name":"Pla d&#8217;Integritat"}]},{"@type":"WebSite","@id":"https:\/\/www.planantifraude.com.es\/ca\/#website","url":"https:\/\/www.planantifraude.com.es\/ca\/","name":"Plan Antifraude","description":"Just another WordPress site","publisher":{"@id":"https:\/\/www.planantifraude.com.es\/ca\/#organization"},"potentialAction":[{"@type":"SearchAction","target":{"@type":"EntryPoint","urlTemplate":"https:\/\/www.planantifraude.com.es\/ca\/?s={search_term_string}"},"query-input":"required name=search_term_string"}],"inLanguage":"ca"},{"@type":"Organization","@id":"https:\/\/www.planantifraude.com.es\/ca\/#organization","name":"Plan Antifraude Daleph","url":"https:\/\/www.planantifraude.com.es\/ca\/","logo":{"@type":"ImageObject","inLanguage":"ca","@id":"https:\/\/www.planantifraude.com.es\/ca\/#\/schema\/logo\/image\/","url":"https:\/\/www.planantifraude.com.es\/wp-content\/uploads\/2022\/02\/Logo-Daleph-Antifraude-02.svg","contentUrl":"https:\/\/www.planantifraude.com.es\/wp-content\/uploads\/2022\/02\/Logo-Daleph-Antifraude-02.svg","width":"1024","height":"1024","caption":"Plan Antifraude Daleph"},"image":{"@id":"https:\/\/www.planantifraude.com.es\/ca\/#\/schema\/logo\/image\/"}}]}},"_links":{"self":[{"href":"https:\/\/www.planantifraude.com.es\/ca\/wp-json\/wp\/v2\/pages\/560","targetHints":{"allow":["GET"]}}],"collection":[{"href":"https:\/\/www.planantifraude.com.es\/ca\/wp-json\/wp\/v2\/pages"}],"about":[{"href":"https:\/\/www.planantifraude.com.es\/ca\/wp-json\/wp\/v2\/types\/page"}],"author":[{"embeddable":true,"href":"https:\/\/www.planantifraude.com.es\/ca\/wp-json\/wp\/v2\/users\/1"}],"replies":[{"embeddable":true,"href":"https:\/\/www.planantifraude.com.es\/ca\/wp-json\/wp\/v2\/comments?post=560"}],"version-history":[{"count":2,"href":"https:\/\/www.planantifraude.com.es\/ca\/wp-json\/wp\/v2\/pages\/560\/revisions"}],"predecessor-version":[{"id":761,"href":"https:\/\/www.planantifraude.com.es\/ca\/wp-json\/wp\/v2\/pages\/560\/revisions\/761"}],"up":[{"embeddable":true,"href":"https:\/\/www.planantifraude.com.es\/ca\/wp-json\/wp\/v2\/pages\/552"}],"wp:attachment":[{"href":"https:\/\/www.planantifraude.com.es\/ca\/wp-json\/wp\/v2\/media?parent=560"}],"curies":[{"name":"wp","href":"https:\/\/api.w.org\/{rel}","templated":true}]}}