{"id":33,"date":"2022-02-14T11:42:55","date_gmt":"2022-02-14T10:42:55","guid":{"rendered":"https:\/\/antifraude.mmkt.dev\/?page_id=33"},"modified":"2022-03-30T13:12:34","modified_gmt":"2022-03-30T11:12:34","slug":"plan-antifraude-recuperacion-transformacion-resiliencia","status":"publish","type":"page","link":"https:\/\/www.planantifraude.com.es\/es\/plan-antifraude-recuperacion-transformacion-resiliencia\/","title":{"rendered":"Plan Antifraude"},"content":{"rendered":"<p>[vc_row][vc_column]<style>.ld_spacer_69fc8561e81f0{height:60px;}<\/style>\n<div class=\"ld-empty-space ld_spacer_69fc8561e81f0\"><\/div>[\/vc_column][\/vc_row][vc_row][vc_column]<style>.ld_fancy_heading_69fc8561e8498 h2{color:rgb(194, 22, 30);}@media (min-width: 1200px) { .ld_fancy_heading_69fc8561e8498 h2 {font-size:32px; }  } @media (min-width: 1200px) { .ld_fancy_heading_69fc8561e8498 h2 {font-weight:600; }  } .ld_fancy_heading_69fc8561e8498 .lqd-highlight-inner{height:0.275em!important;bottom:0px!important;}@media (min-width: 1200px) { .ld_fancy_heading_69fc8561e8498 h2 {font-size:32px; }  } @media (min-width: 1200px) { .ld_fancy_heading_69fc8561e8498 h2 {font-weight:600; }  } <\/style><div class=\"ld-fancy-heading text-center ld_fancy_heading_69fc8561e8498\">\n\t<h2 class=\"ld-fh-element lqd-highlight-underline lqd-highlight-grow-left text-decoration-default\"   >  \u00bfDe d\u00f3nde vienen los planes antifraude?<\/h2><\/div><style>.ld_spacer_69fc8561e8919{height:20px;}<\/style>\n<div class=\"ld-empty-space ld_spacer_69fc8561e8919\"><\/div>[vc_column_text]Las <strong>Instituciones Europeas,<\/strong> para <strong>paliar los efectos econ\u00f3micos y sociales derivados de la pandemia de Covid-19, <\/strong>han puesto en marcha un instrumento excepcional de recuperaci\u00f3n temporal conocido como <strong><em>Next Generation UE<\/em><\/strong> (NGUE).[\/vc_column_text][vc_row_inner full_width=\u00bb\u00bb content_placement=\u00bbmiddle\u00bb][vc_column_inner width=\u00bb1\/2&#8243;][vc_column_text]Los fondos NGUE se articulan a trav\u00e9s de diversos programas, entre los cuales destaca el <strong>Mecanismo de Recuperaci\u00f3n y Resiliencia (MRR)<\/strong>, que constituye el n\u00facleo del Fondo de Recuperaci\u00f3n, y que se vertebra a partir del Reglamento (UE) 2021\/241 del Parlamento Europeo y del Consejo de 12 de febrero de 2021 por el cual se establece el Mecanismo de Recuperaci\u00f3n y Resiliencia.<\/p>\n<p>A <strong>nivel estatal, <\/strong>los fondos MRR se han vehiculado a trav\u00e9s del <strong>Plan de Recuperaci\u00f3n, Transformaci\u00f3n y Resiliencia (PRTR), <\/strong>que fija un conjunto de hitos y objetivos de estricto cumplimiento.[\/vc_column_text][\/vc_column_inner][vc_column_inner width=\u00bb1\/2&#8243;]<style>.ld_spacer_69fc8561e89b4{height:32px;}<\/style>\n<div class=\"ld-empty-space ld_spacer_69fc8561e89b4\"><\/div>[vc_single_image image=\u00bb103&#8243; css=\u00bb.vc_custom_1645173561927{border-radius: 5px !important;}\u00bb][\/vc_column_inner][\/vc_row_inner][vc_row_inner full_width=\u00bb\u00bb content_placement=\u00bbmiddle\u00bb][vc_column_inner width=\u00bb1\/2&#8243;][vc_single_image image=\u00bb104&#8243; css=\u00bb.vc_custom_1645173566574{border-radius: 5px !important;}\u00bb][\/vc_column_inner][vc_column_inner width=\u00bb1\/2&#8243;][vc_column_text]Con la finalidad de configurar y desarrollar un sistema de gesti\u00f3n orientado a definir, planificar, ejecutar, seguir y controlar los proyectos y subproyectos previstos en el PRTR, fue aprobada la <strong>Orden HFP 1030\/2021<\/strong>, de 29 de septiembre, que <strong>configura el sistema de gesti\u00f3n del Plan de Recuperaci\u00f3n, Transformaci\u00f3n y Resiliencia. <\/strong><\/p>\n<p>La Orden recoge una serie de principios, entre los cuales destaca el refuerzo de los mecanismos de prevenci\u00f3n, detecci\u00f3n y correcci\u00f3n del fraude, la corrupci\u00f3n y los conflictos de inter\u00e9s en la gesti\u00f3n y ejecuci\u00f3n de los fondos vinculados al PRTR. En concreto, la Orden establece la <strong>obligaci\u00f3n que toda entidad decisoria o ejecutora que participe en la ejecuci\u00f3n de las medidas del PRTR deber\u00e1 disponer de un Plan de Medidas Antifraude. <\/strong>[\/vc_column_text][\/vc_column_inner][\/vc_row_inner][\/vc_column][\/vc_row][vc_row][vc_column]<style>.ld_spacer_69fc8561e8a4f{height:60px;}<\/style>\n<div class=\"ld-empty-space ld_spacer_69fc8561e8a4f\"><\/div>[\/vc_column][\/vc_row][vc_row enable_overlay=\u00bbyes\u00bb css=\u00bb.vc_custom_1641901704616{background-image: url(https:\/\/agendaurbana.info\/wp-content\/uploads\/2022\/01\/background-equipo-daleph-agenda.jpg?id=9369) !important;background-position: center !important;background-repeat: no-repeat !important;background-size: cover !important;}\u00bb overlay_bg=\u00bbrgba(255, 255, 255, 0.67)\u00bb][vc_column]<style>.ld_spacer_69fc8561e8ad4{height:80px;}<\/style>\n<div class=\"ld-empty-space ld_spacer_69fc8561e8ad4\"><\/div><style>.ld_fancy_heading_69fc8561e8c5c h3{color:rgb(194, 22, 30);}@media (min-width: 1200px) { .ld_fancy_heading_69fc8561e8c5c h3 {font-size:32px; }  } @media (min-width: 1200px) { .ld_fancy_heading_69fc8561e8c5c h3 {font-weight:600; }  } .ld_fancy_heading_69fc8561e8c5c .lqd-highlight-inner{height:0.275em!important;bottom:0px!important;}@media (min-width: 1200px) { .ld_fancy_heading_69fc8561e8c5c h3 {font-size:32px; }  } @media (min-width: 1200px) { .ld_fancy_heading_69fc8561e8c5c h3 {font-weight:600; }  } <\/style><div class=\"ld-fancy-heading text-center ld_fancy_heading_69fc8561e8c5c\">\n\t<h3 class=\"ld-fh-element lqd-highlight-underline lqd-highlight-grow-left text-decoration-default\"   >  \u00bfPor qu\u00e9 implementar un Plan antifraude?<\/h3><\/div><style>.ld_spacer_69fc8561e8db4{height:45px;}<\/style>\n<div class=\"ld-empty-space ld_spacer_69fc8561e8db4\"><\/div>[vc_row_inner content_placement=\u00bbmiddle\u00bb gap=\u00bb30&#8243;][vc_column_inner offset=\u00bbvc_col-lg-7&#8243;]<style>.ld_icon_box_69fc8561e908c .lqd-iconbox-title{margin-bottom:15px;font-size:22px;}.ld_icon_box_69fc8561e908c{background:rgb(255, 255, 255);}.ld_icon_box_69fc8561e908c .iconbox-icon-container{border-radius:px;}<\/style>\n<div class=\"iconbox iconbox-side text-align-default align-items-center iconbox-round iconbox-shadow iconbox-md iconbox-filled blue-icon ld_icon_box_69fc8561e908c\" id=\"ld_icon_box_69fc8561e908c\"   >\n\t\n\t\t\t\t\t\n\t\n\t<div class=\"iconbox-icon-wrap\"><span class=\"iconbox-icon-container\"><img decoding=\"async\" src=\"https:\/\/www.planantifraude.com.es\/wp-content\/uploads\/2022\/02\/Icono-diana.png\" class=\"liquid-image-icon\" \/><\/span><\/div>\t\n\t\t\n\t<div class=\"contents\">\t\n\t\t\n\t\t<p>Porque supone dotar a la entidad de <strong>mecanismos eficaces de lucha contra el fraude y la corrupci\u00f3n.<\/strong><\/p>\n\t\t\n\t<\/div>\t\n\t\n<\/div>\n<style>.ld_icon_box_69fc8561eb748 .lqd-iconbox-title{margin-bottom:15px;font-size:22px;}.ld_icon_box_69fc8561eb748{background:rgb(255, 255, 255);}.ld_icon_box_69fc8561eb748 .iconbox-icon-container{border-radius:px;}<\/style>\n<div class=\"iconbox iconbox-side text-align-default align-items-center iconbox-round iconbox-shadow iconbox-md iconbox-filled blue-icon ld_icon_box_69fc8561eb748\" id=\"ld_icon_box_69fc8561eb748\"   >\n\t\n\t\t\t\t\t\n\t\n\t<div class=\"iconbox-icon-wrap\"><span class=\"iconbox-icon-container\"><img decoding=\"async\" src=\"https:\/\/www.planantifraude.com.es\/wp-content\/uploads\/2022\/02\/Icono-billete.png\" class=\"liquid-image-icon\" \/><\/span><\/div>\t\n\t\t\n\t<div class=\"contents\">\t\n\t\t\n\t\t<p>Porque permitir\u00e1 a la entidad optar a ser <strong>gestora o ejecutora de fondos europeos Next Generation. <\/strong><\/p>\n\t\t\n\t<\/div>\t\n\t\n<\/div>\n<style>.ld_icon_box_69fc8561ecc7a .lqd-iconbox-title{margin-bottom:15px;font-size:22px;}.ld_icon_box_69fc8561ecc7a{background:rgb(255, 255, 255);}.ld_icon_box_69fc8561ecc7a .iconbox-icon-container{border-radius:px;}<\/style>\n<div class=\"iconbox iconbox-side text-align-default align-items-center iconbox-round iconbox-shadow iconbox-xl iconbox-filled blue-icon ld_icon_box_69fc8561ecc7a\" id=\"ld_icon_box_69fc8561ecc7a\"   >\n\t\n\t\t\t\t\t\n\t\n\t<div class=\"iconbox-icon-wrap\"><span class=\"iconbox-icon-container\"><img decoding=\"async\" src=\"https:\/\/www.planantifraude.com.es\/wp-content\/uploads\/2022\/02\/Icono-manos.png\" class=\"liquid-image-icon\" \/><\/span><\/div>\t\n\t\t\n\t<div class=\"contents\">\t\n\t\t\n\t\t<p>Porque posibilitar\u00e1 a la entidad garantizar y declarar que, en su \u00e1mbito de actuaci\u00f3n, <strong>los fondos correspondientes se han utilizado de conformidad con la normativa aplicable. <\/strong><\/p>\n\t\t\n\t<\/div>\t\n\t\n<\/div>\n<style>.ld_icon_box_69fc8561ed5a4 .lqd-iconbox-title{margin-bottom:15px;font-size:22px;}.ld_icon_box_69fc8561ed5a4{background:rgb(255, 255, 255);}.ld_icon_box_69fc8561ed5a4 .iconbox-icon-container{border-radius:px;}<\/style>\n<div class=\"iconbox iconbox-side text-align-default align-items-center iconbox-round iconbox-shadow iconbox-xl iconbox-filled blue-icon ld_icon_box_69fc8561ed5a4\" id=\"ld_icon_box_69fc8561ed5a4\"   >\n\t\n\t\t\t\t\t\n\t\n\t<div class=\"iconbox-icon-wrap\"><span class=\"iconbox-icon-container\"><img decoding=\"async\" src=\"https:\/\/www.planantifraude.com.es\/wp-content\/uploads\/2022\/02\/Icono-bombilla.png\" class=\"liquid-image-icon\" \/><\/span><\/div>\t\n\t\t\n\t<div class=\"contents\">\t\n\t\t\n\t\t<p>Porque propiciar\u00e1 un <strong>impulso al desarrollo y gesti\u00f3n de la integridad p\u00fablica a la entidad,<\/strong> reforzando la confianza de la ciudadan\u00eda en relaci\u00f3n con la gesti\u00f3n de fondos p\u00fablicos.<\/p>\n\t\t\n\t<\/div>\t\n\t\n<\/div>\n<style>.ld_spacer_69fc8561eda8f{height:45px;}<\/style>\n<div class=\"ld-empty-space vc_hidden-lg ld_spacer_69fc8561eda8f\"><\/div>[\/vc_column_inner][vc_column_inner offset=\u00bbvc_col-lg-5&#8243;][vc_single_image image=\u00bb370&#8243; css=\u00bb.vc_custom_1646298259924{margin-bottom: 0px !important;border-radius: 20px !important;}\u00bb][\/vc_column_inner][\/vc_row_inner]<style>.ld_spacer_69fc8561edb10{height:80px;}<\/style>\n<div class=\"ld-empty-space ld_spacer_69fc8561edb10\"><\/div>[\/vc_column][\/vc_row][vc_row][vc_column]<style>.ld_spacer_69fc8561edb6c{height:80px;}<\/style>\n<div class=\"ld-empty-space ld_spacer_69fc8561edb6c\"><\/div>[\/vc_column][\/vc_row][vc_row][vc_column]<style>.ld_fancy_heading_69fc8561edcc1 h3{color:rgb(194, 22, 30);}@media (min-width: 1200px) { .ld_fancy_heading_69fc8561edcc1 h3 {font-size:32px; }  } @media (min-width: 1200px) { .ld_fancy_heading_69fc8561edcc1 h3 {font-weight:600; }  } .ld_fancy_heading_69fc8561edcc1 .lqd-highlight-inner{height:0.275em!important;bottom:0px!important;}@media (min-width: 1200px) { .ld_fancy_heading_69fc8561edcc1 h3 {font-size:32px; }  } @media (min-width: 1200px) { .ld_fancy_heading_69fc8561edcc1 h3 {font-weight:600; }  } <\/style><div class=\"ld-fancy-heading text-center ld_fancy_heading_69fc8561edcc1\">\n\t<h3 class=\"ld-fh-element lqd-highlight-underline lqd-highlight-grow-left text-decoration-default\"   >  \u00bfQu\u00e9 beneficios aporta?<\/h3><\/div>[\/vc_column][\/vc_row][vc_row][vc_column]<style>.ld_spacer_69fc8561eede8{height:20px;}<\/style>\n<div class=\"ld-empty-space ld_spacer_69fc8561eede8\"><\/div>[\/vc_column][\/vc_row][vc_row][vc_column][vc_column_text]La implementaci\u00f3n de un Plan de medidas Antifraude aporta beneficios desde una doble perspectiva. Por un lado, permite a la entidad o administraci\u00f3n establecer instrumentos eficaces de lucha contra el fraude, promoviendo una gesti\u00f3n m\u00e1s eficiente y transparente de los recursos p\u00fablicos. Por otro lado, posibilita que la entidad sea beneficiaria de fondos Next Generation, garantizando y declarando que, en su \u00e1mbito de actuaci\u00f3n, los fondos se han utilizado de conformidad con la normativa aplicable.[\/vc_column_text][\/vc_column][\/vc_row][vc_row][vc_column]<style>.ld_spacer_69fc8561eee92{height:80px;}<\/style>\n<div class=\"ld-empty-space ld_spacer_69fc8561eee92\"><\/div>[\/vc_column][\/vc_row]<\/p>\n","protected":false},"excerpt":{"rendered":"<p>[vc_row][vc_column][\/vc_column][\/vc_row][vc_row][vc_column][vc_column_text]Las Instituciones Europeas, para paliar los efectos econ\u00f3micos y sociales derivados de la pandemia de Covid-19, han puesto en marcha un instrumento excepcional de recuperaci\u00f3n temporal conocido como Next Generation UE (NGUE).[\/vc_column_text][vc_row_inner full_width=\u00bb\u00bb content_placement=\u00bbmiddle\u00bb][vc_column_inner width=\u00bb1\/2&#8243;][vc_column_text]Los fondos NGUE se articulan a trav\u00e9s de diversos programas, entre los cuales destaca el Mecanismo de Recuperaci\u00f3n y Resiliencia (MRR), [&hellip;]<\/p>\n","protected":false},"author":1,"featured_media":0,"parent":0,"menu_order":0,"comment_status":"closed","ping_status":"closed","template":"","meta":{"inline_featured_image":false,"footnotes":""},"class_list":["post-33","page","type-page","status-publish","hentry"],"yoast_head":"<!-- This site is optimized with the Yoast SEO plugin v19.9 - https:\/\/yoast.com\/wordpress\/plugins\/seo\/ -->\n<title>Plan Antifraude - Plan de Recuperaci\u00f3n, Transformaci\u00f3n y Resiliencia<\/title>\n<meta name=\"description\" content=\"Todo sobre Plan de Recuperaci\u00f3n, Transformaci\u00f3n y Resiliencia, y el Mecanismo de Recuperaci\u00f3n y Resiliencia. Expertos en gesti\u00f3n fondos eu.\" \/>\n<meta name=\"robots\" content=\"index, follow, max-snippet:-1, max-image-preview:large, max-video-preview:-1\" \/>\n<link rel=\"canonical\" href=\"https:\/\/www.planantifraude.com.es\/es\/plan-antifraude-recuperacion-transformacion-resiliencia\/\" \/>\n<meta property=\"og:locale\" content=\"es_ES\" \/>\n<meta property=\"og:type\" content=\"article\" \/>\n<meta property=\"og:title\" content=\"Plan Antifraude - Plan de Recuperaci\u00f3n, Transformaci\u00f3n y Resiliencia\" \/>\n<meta property=\"og:description\" content=\"Todo sobre Plan de Recuperaci\u00f3n, Transformaci\u00f3n y Resiliencia, y el Mecanismo de Recuperaci\u00f3n y Resiliencia. Expertos en gesti\u00f3n fondos eu.\" \/>\n<meta property=\"og:url\" content=\"https:\/\/www.planantifraude.com.es\/es\/plan-antifraude-recuperacion-transformacion-resiliencia\/\" \/>\n<meta property=\"og:site_name\" content=\"Plan Antifraude\" \/>\n<meta property=\"article:modified_time\" content=\"2022-03-30T11:12:34+00:00\" \/>\n<meta name=\"twitter:card\" content=\"summary_large_image\" \/>\n<meta name=\"twitter:label1\" content=\"Tiempo de lectura\" \/>\n\t<meta name=\"twitter:data1\" content=\"3 minutos\" \/>\n<script type=\"application\/ld+json\" class=\"yoast-schema-graph\">{\"@context\":\"https:\/\/schema.org\",\"@graph\":[{\"@type\":\"WebPage\",\"@id\":\"https:\/\/www.planantifraude.com.es\/es\/plan-antifraude-recuperacion-transformacion-resiliencia\/\",\"url\":\"https:\/\/www.planantifraude.com.es\/es\/plan-antifraude-recuperacion-transformacion-resiliencia\/\",\"name\":\"Plan Antifraude - Plan de Recuperaci\u00f3n, Transformaci\u00f3n y Resiliencia\",\"isPartOf\":{\"@id\":\"https:\/\/www.planantifraude.com.es\/es\/#website\"},\"datePublished\":\"2022-02-14T10:42:55+00:00\",\"dateModified\":\"2022-03-30T11:12:34+00:00\",\"description\":\"Todo sobre Plan de Recuperaci\u00f3n, Transformaci\u00f3n y Resiliencia, y el Mecanismo de Recuperaci\u00f3n y Resiliencia. Expertos en gesti\u00f3n fondos eu.\",\"breadcrumb\":{\"@id\":\"https:\/\/www.planantifraude.com.es\/es\/plan-antifraude-recuperacion-transformacion-resiliencia\/#breadcrumb\"},\"inLanguage\":\"es\",\"potentialAction\":[{\"@type\":\"ReadAction\",\"target\":[\"https:\/\/www.planantifraude.com.es\/es\/plan-antifraude-recuperacion-transformacion-resiliencia\/\"]}]},{\"@type\":\"BreadcrumbList\",\"@id\":\"https:\/\/www.planantifraude.com.es\/es\/plan-antifraude-recuperacion-transformacion-resiliencia\/#breadcrumb\",\"itemListElement\":[{\"@type\":\"ListItem\",\"position\":1,\"name\":\"Portada\",\"item\":\"https:\/\/www.planantifraude.com.es\/es\/\"},{\"@type\":\"ListItem\",\"position\":2,\"name\":\"Plan Antifraude\"}]},{\"@type\":\"WebSite\",\"@id\":\"https:\/\/www.planantifraude.com.es\/es\/#website\",\"url\":\"https:\/\/www.planantifraude.com.es\/es\/\",\"name\":\"Plan Antifraude\",\"description\":\"Just another WordPress site\",\"publisher\":{\"@id\":\"https:\/\/www.planantifraude.com.es\/es\/#organization\"},\"potentialAction\":[{\"@type\":\"SearchAction\",\"target\":{\"@type\":\"EntryPoint\",\"urlTemplate\":\"https:\/\/www.planantifraude.com.es\/es\/?s={search_term_string}\"},\"query-input\":\"required name=search_term_string\"}],\"inLanguage\":\"es\"},{\"@type\":\"Organization\",\"@id\":\"https:\/\/www.planantifraude.com.es\/es\/#organization\",\"name\":\"Plan Antifraude Daleph\",\"url\":\"https:\/\/www.planantifraude.com.es\/es\/\",\"logo\":{\"@type\":\"ImageObject\",\"inLanguage\":\"es\",\"@id\":\"https:\/\/www.planantifraude.com.es\/es\/#\/schema\/logo\/image\/\",\"url\":\"https:\/\/www.planantifraude.com.es\/wp-content\/uploads\/2022\/02\/Logo-Daleph-Antifraude-02.svg\",\"contentUrl\":\"https:\/\/www.planantifraude.com.es\/wp-content\/uploads\/2022\/02\/Logo-Daleph-Antifraude-02.svg\",\"width\":\"1024\",\"height\":\"1024\",\"caption\":\"Plan Antifraude Daleph\"},\"image\":{\"@id\":\"https:\/\/www.planantifraude.com.es\/es\/#\/schema\/logo\/image\/\"}}]}<\/script>\n<!-- \/ Yoast SEO plugin. -->","yoast_head_json":{"title":"Plan Antifraude - Plan de Recuperaci\u00f3n, Transformaci\u00f3n y Resiliencia","description":"Todo sobre Plan de Recuperaci\u00f3n, Transformaci\u00f3n y Resiliencia, y el Mecanismo de Recuperaci\u00f3n y Resiliencia. Expertos en gesti\u00f3n fondos eu.","robots":{"index":"index","follow":"follow","max-snippet":"max-snippet:-1","max-image-preview":"max-image-preview:large","max-video-preview":"max-video-preview:-1"},"canonical":"https:\/\/www.planantifraude.com.es\/es\/plan-antifraude-recuperacion-transformacion-resiliencia\/","og_locale":"es_ES","og_type":"article","og_title":"Plan Antifraude - Plan de Recuperaci\u00f3n, Transformaci\u00f3n y Resiliencia","og_description":"Todo sobre Plan de Recuperaci\u00f3n, Transformaci\u00f3n y Resiliencia, y el Mecanismo de Recuperaci\u00f3n y Resiliencia. Expertos en gesti\u00f3n fondos eu.","og_url":"https:\/\/www.planantifraude.com.es\/es\/plan-antifraude-recuperacion-transformacion-resiliencia\/","og_site_name":"Plan Antifraude","article_modified_time":"2022-03-30T11:12:34+00:00","twitter_card":"summary_large_image","twitter_misc":{"Tiempo de lectura":"3 minutos"},"schema":{"@context":"https:\/\/schema.org","@graph":[{"@type":"WebPage","@id":"https:\/\/www.planantifraude.com.es\/es\/plan-antifraude-recuperacion-transformacion-resiliencia\/","url":"https:\/\/www.planantifraude.com.es\/es\/plan-antifraude-recuperacion-transformacion-resiliencia\/","name":"Plan Antifraude - Plan de Recuperaci\u00f3n, Transformaci\u00f3n y Resiliencia","isPartOf":{"@id":"https:\/\/www.planantifraude.com.es\/es\/#website"},"datePublished":"2022-02-14T10:42:55+00:00","dateModified":"2022-03-30T11:12:34+00:00","description":"Todo sobre Plan de Recuperaci\u00f3n, Transformaci\u00f3n y Resiliencia, y el Mecanismo de Recuperaci\u00f3n y Resiliencia. Expertos en gesti\u00f3n fondos eu.","breadcrumb":{"@id":"https:\/\/www.planantifraude.com.es\/es\/plan-antifraude-recuperacion-transformacion-resiliencia\/#breadcrumb"},"inLanguage":"es","potentialAction":[{"@type":"ReadAction","target":["https:\/\/www.planantifraude.com.es\/es\/plan-antifraude-recuperacion-transformacion-resiliencia\/"]}]},{"@type":"BreadcrumbList","@id":"https:\/\/www.planantifraude.com.es\/es\/plan-antifraude-recuperacion-transformacion-resiliencia\/#breadcrumb","itemListElement":[{"@type":"ListItem","position":1,"name":"Portada","item":"https:\/\/www.planantifraude.com.es\/es\/"},{"@type":"ListItem","position":2,"name":"Plan Antifraude"}]},{"@type":"WebSite","@id":"https:\/\/www.planantifraude.com.es\/es\/#website","url":"https:\/\/www.planantifraude.com.es\/es\/","name":"Plan Antifraude","description":"Just another WordPress site","publisher":{"@id":"https:\/\/www.planantifraude.com.es\/es\/#organization"},"potentialAction":[{"@type":"SearchAction","target":{"@type":"EntryPoint","urlTemplate":"https:\/\/www.planantifraude.com.es\/es\/?s={search_term_string}"},"query-input":"required name=search_term_string"}],"inLanguage":"es"},{"@type":"Organization","@id":"https:\/\/www.planantifraude.com.es\/es\/#organization","name":"Plan Antifraude Daleph","url":"https:\/\/www.planantifraude.com.es\/es\/","logo":{"@type":"ImageObject","inLanguage":"es","@id":"https:\/\/www.planantifraude.com.es\/es\/#\/schema\/logo\/image\/","url":"https:\/\/www.planantifraude.com.es\/wp-content\/uploads\/2022\/02\/Logo-Daleph-Antifraude-02.svg","contentUrl":"https:\/\/www.planantifraude.com.es\/wp-content\/uploads\/2022\/02\/Logo-Daleph-Antifraude-02.svg","width":"1024","height":"1024","caption":"Plan Antifraude Daleph"},"image":{"@id":"https:\/\/www.planantifraude.com.es\/es\/#\/schema\/logo\/image\/"}}]}},"_links":{"self":[{"href":"https:\/\/www.planantifraude.com.es\/es\/wp-json\/wp\/v2\/pages\/33","targetHints":{"allow":["GET"]}}],"collection":[{"href":"https:\/\/www.planantifraude.com.es\/es\/wp-json\/wp\/v2\/pages"}],"about":[{"href":"https:\/\/www.planantifraude.com.es\/es\/wp-json\/wp\/v2\/types\/page"}],"author":[{"embeddable":true,"href":"https:\/\/www.planantifraude.com.es\/es\/wp-json\/wp\/v2\/users\/1"}],"replies":[{"embeddable":true,"href":"https:\/\/www.planantifraude.com.es\/es\/wp-json\/wp\/v2\/comments?post=33"}],"version-history":[{"count":3,"href":"https:\/\/www.planantifraude.com.es\/es\/wp-json\/wp\/v2\/pages\/33\/revisions"}],"predecessor-version":[{"id":742,"href":"https:\/\/www.planantifraude.com.es\/es\/wp-json\/wp\/v2\/pages\/33\/revisions\/742"}],"wp:attachment":[{"href":"https:\/\/www.planantifraude.com.es\/es\/wp-json\/wp\/v2\/media?parent=33"}],"curies":[{"name":"wp","href":"https:\/\/api.w.org\/{rel}","templated":true}]}}