{"id":37,"date":"2022-02-14T11:45:17","date_gmt":"2022-02-14T10:45:17","guid":{"rendered":"https:\/\/antifraude.mmkt.dev\/?page_id=37"},"modified":"2022-03-30T13:15:01","modified_gmt":"2022-03-30T11:15:01","slug":"servicios-antifraude-espana","status":"publish","type":"page","link":"https:\/\/www.planantifraude.com.es\/es\/servicios-antifraude-espana\/","title":{"rendered":"Servicios"},"content":{"rendered":"<p>[vc_row][vc_column]<style>.ld_spacer_69fc8579c618c{height:100px;}<\/style>\n<div class=\"ld-empty-space ld_spacer_69fc8579c618c\"><\/div>[\/vc_column][\/vc_row][vc_row][vc_column width=\u00bb1\/2&#8243;][vc_single_image image=\u00bb156&#8243; img_size=\u00bb550&#215;300&#8243; css=\u00bb.vc_custom_1645175816510{margin-bottom: 20px !important;border-radius: 5px !important;}\u00bb][vc_row_inner css=\u00bb.vc_custom_1575467932417{padding-right: 22px !important;padding-bottom: 35px !important;padding-left: 22px !important;}\u00bb][vc_column_inner]<style>.ld_fancy_heading_69fc8579c645e h2 {font-size:24px; } .ld_fancy_heading_69fc8579c645e h2 {line-height:24px; } .ld_fancy_heading_69fc8579c645e h2 {--element-line-height:24px; } .ld_fancy_heading_69fc8579c645e h2 {margin-bottom:0.35em !important;  } .ld_fancy_heading_69fc8579c645e .lqd-highlight-inner{height:0.275em!important;bottom:0px!important;}.ld_fancy_heading_69fc8579c645e h2 {font-size:24px; } .ld_fancy_heading_69fc8579c645e h2 {line-height:24px; } .ld_fancy_heading_69fc8579c645e h2 {--element-line-height:24px; } .ld_fancy_heading_69fc8579c645e h2 {margin-bottom:0.35em !important;  } <\/style><div class=\"ld-fancy-heading ld_fancy_heading_69fc8579c645e\">\n\t<h2 class=\"ld-fh-element lqd-highlight-underline lqd-highlight-grow-left text-decoration-default\"   >  Plan de Integridad<\/h2><\/div><style>.ld_fancy_heading_69fc8579c6981 p{color:rgb(112, 112, 112);}.ld_fancy_heading_69fc8579c6981 p {font-size:16px; } .ld_fancy_heading_69fc8579c6981 p {line-height:22px; } .ld_fancy_heading_69fc8579c6981 p {--element-line-height:22px; } .ld_fancy_heading_69fc8579c6981 p {margin-bottom:0.75em !important;  } .ld_fancy_heading_69fc8579c6981 .lqd-highlight-inner{height:0.275em!important;bottom:0px!important;}.ld_fancy_heading_69fc8579c6981 p {font-size:16px; } .ld_fancy_heading_69fc8579c6981 p {line-height:22px; } .ld_fancy_heading_69fc8579c6981 p {--element-line-height:22px; } .ld_fancy_heading_69fc8579c6981 p {margin-bottom:0.75em !important;  } <\/style><div class=\"ld-fancy-heading ld_fancy_heading_69fc8579c6981\">\n\t<p class=\"ld-fh-element lqd-highlight-underline lqd-highlight-grow-left text-decoration-default\"   >  DALEPH tiene experiencia en la elaboraci\u00f3n de Planes de integridad que contribuyan a que las organizaciones sit\u00faen los pilares convenientes para la implantaci\u00f3n y consolidaci\u00f3n de una pol\u00edtica de integridad p\u00fablica.<\/p><\/div><style>.ld_button_69fc8579c6bd1.btn-icon-solid .btn-icon{background:rgb(194, 22, 30);}.ld_button_69fc8579c6bd1.btn-icon-circle.btn-icon-ripple .btn-icon:before{border-color:rgb(194, 22, 30);}.ld_button_69fc8579c6bd1.btn-icon-solid:hover .btn-icon{background:rgb(139, 0, 0);}.ld_button_69fc8579c6bd1{color:rgb(194, 22, 30);}.ld_button_69fc8579c6bd1:hover{color:rgb(139, 0, 0);}.ld_button_69fc8579c6bd1 {font-size:14px; } .ld_button_69fc8579c6bd1 {font-size:14px; } .ld_button_69fc8579c6bd1 {font-size:14px; } <\/style><a href=\"https:\/\/www.planantifraude.com.es\/es\/servicios-antifraude-espana\/plan-integridad-publica\/\" title=\"Plan de Integridad\" class=\"btn btn-naked btn-has-label button-servicios ld_button_69fc8579c6bd1\" >\n\t<span>\n\t\t\n\t\t\t\t\t<span class=\"btn-txt\" data-text=\"M\u00e1s informaci\u00f3n\" >M\u00e1s informaci\u00f3n<\/span>\n\t\t\t\n\t<span class=\"btn-icon\"><i class=\"lqd-icn-ess \"><\/i><\/span>\t\t\t\t<\/span>\n<\/a>\n[\/vc_column_inner][\/vc_row_inner][\/vc_column][vc_column width=\u00bb1\/2&#8243;][vc_single_image image=\u00bb157&#8243; img_size=\u00bb550&#215;300&#8243; css=\u00bb.vc_custom_1645175820494{margin-bottom: 20px !important;border-radius: 5px !important;}\u00bb][vc_row_inner css=\u00bb.vc_custom_1575467932417{padding-right: 22px !important;padding-bottom: 35px !important;padding-left: 22px !important;}\u00bb][vc_column_inner]<style>.ld_fancy_heading_69fc8579c8cc2 h2 {font-size:24px; } .ld_fancy_heading_69fc8579c8cc2 h2 {line-height:24px; } .ld_fancy_heading_69fc8579c8cc2 h2 {--element-line-height:24px; } .ld_fancy_heading_69fc8579c8cc2 h2 {margin-bottom:0.35em !important;  } .ld_fancy_heading_69fc8579c8cc2 .lqd-highlight-inner{height:0.275em!important;bottom:0px!important;}.ld_fancy_heading_69fc8579c8cc2 h2 {font-size:24px; } .ld_fancy_heading_69fc8579c8cc2 h2 {line-height:24px; } .ld_fancy_heading_69fc8579c8cc2 h2 {--element-line-height:24px; } .ld_fancy_heading_69fc8579c8cc2 h2 {margin-bottom:0.35em !important;  } <\/style><div class=\"ld-fancy-heading ld_fancy_heading_69fc8579c8cc2\">\n\t<h2 class=\"ld-fh-element lqd-highlight-underline lqd-highlight-grow-left text-decoration-default\"   >  Plan Antifraude<\/h2><\/div><style>.ld_fancy_heading_69fc8579ca0ac p{color:rgb(112, 112, 112);}.ld_fancy_heading_69fc8579ca0ac p {font-size:16px; } .ld_fancy_heading_69fc8579ca0ac p {line-height:22px; } .ld_fancy_heading_69fc8579ca0ac p {--element-line-height:22px; } .ld_fancy_heading_69fc8579ca0ac p {margin-bottom:0.75em !important;  } .ld_fancy_heading_69fc8579ca0ac .lqd-highlight-inner{height:0.275em!important;bottom:0px!important;}.ld_fancy_heading_69fc8579ca0ac p {font-size:16px; } .ld_fancy_heading_69fc8579ca0ac p {line-height:22px; } .ld_fancy_heading_69fc8579ca0ac p {--element-line-height:22px; } .ld_fancy_heading_69fc8579ca0ac p {margin-bottom:0.75em !important;  } <\/style><div class=\"ld-fancy-heading ld_fancy_heading_69fc8579ca0ac\">\n\t<p class=\"ld-fh-element lqd-highlight-underline lqd-highlight-grow-left text-decoration-default\"   >  DALEPH est\u00e1 realizando planes antifraude en Espa\u00f1a destinados a cumplir con los requerimientos de la Orden HFP 1030\/2021\u00a0para que la entidad pueda optar a ser beneficiaria de\u00a0fondos Next Generation<\/p><\/div><style>.ld_button_69fc8579cb3b3.btn-icon-solid .btn-icon{background:rgb(194, 22, 30);}.ld_button_69fc8579cb3b3.btn-icon-circle.btn-icon-ripple .btn-icon:before{border-color:rgb(194, 22, 30);}.ld_button_69fc8579cb3b3.btn-icon-solid:hover .btn-icon{background:rgb(0, 0, 0);}.ld_button_69fc8579cb3b3{color:rgb(194, 22, 30);}.ld_button_69fc8579cb3b3:hover{color:rgb(0, 0, 0);}.ld_button_69fc8579cb3b3 {font-size:14px; } .ld_button_69fc8579cb3b3 {font-size:14px; } .ld_button_69fc8579cb3b3 {font-size:14px; } <\/style><a href=\"https:\/\/www.planantifraude.com.es\/es\/servicios-antifraude-espana\/plan-medidas-antifraude\/\" title=\"Plan Antifraude\" class=\"btn btn-naked btn-has-label button-servicios ld_button_69fc8579cb3b3\" >\n\t<span>\n\t\t\n\t\t\t\t\t<span class=\"btn-txt\" data-text=\"M\u00e1s informaci\u00f3n\" >M\u00e1s informaci\u00f3n<\/span>\n\t\t\t\n\t<span class=\"btn-icon\"><i class=\"lqd-icn-ess \"><\/i><\/span>\t\t\t\t<\/span>\n<\/a>\n[\/vc_column_inner][\/vc_row_inner][\/vc_column][\/vc_row][vc_row][vc_column]<style>.ld_spacer_69fc8579cc4bc{height:50px;}<\/style>\n<div class=\"ld-empty-space ld_spacer_69fc8579cc4bc\"><\/div>[\/vc_column][\/vc_row][vc_row][vc_column width=\u00bb1\/2&#8243;][vc_single_image image=\u00bb158&#8243; img_size=\u00bb550&#215;300&#8243; css=\u00bb.vc_custom_1645175827128{margin-bottom: 20px !important;border-radius: 5px !important;}\u00bb][vc_row_inner css=\u00bb.vc_custom_1575467932417{padding-right: 22px !important;padding-bottom: 35px !important;padding-left: 22px !important;}\u00bb][vc_column_inner]<style>.ld_fancy_heading_69fc8579cc6d3 h2 {font-size:24px; } .ld_fancy_heading_69fc8579cc6d3 h2 {line-height:24px; } .ld_fancy_heading_69fc8579cc6d3 h2 {--element-line-height:24px; } .ld_fancy_heading_69fc8579cc6d3 h2 {margin-bottom:0.35em !important;  } .ld_fancy_heading_69fc8579cc6d3 .lqd-highlight-inner{height:0.275em!important;bottom:0px!important;}.ld_fancy_heading_69fc8579cc6d3 h2 {font-size:24px; } .ld_fancy_heading_69fc8579cc6d3 h2 {line-height:24px; } .ld_fancy_heading_69fc8579cc6d3 h2 {--element-line-height:24px; } .ld_fancy_heading_69fc8579cc6d3 h2 {margin-bottom:0.35em !important;  } <\/style><div class=\"ld-fancy-heading ld_fancy_heading_69fc8579cc6d3\">\n\t<h2 class=\"ld-fh-element lqd-highlight-underline lqd-highlight-grow-left text-decoration-default\"   >  Formaci\u00f3n Plan Antifraude<\/h2><\/div><style>.ld_fancy_heading_69fc8579cd5f2 p{color:rgb(112, 112, 112);}.ld_fancy_heading_69fc8579cd5f2 p {font-size:16px; } .ld_fancy_heading_69fc8579cd5f2 p {line-height:22px; } .ld_fancy_heading_69fc8579cd5f2 p {--element-line-height:22px; } .ld_fancy_heading_69fc8579cd5f2 p {margin-bottom:0.75em !important;  } .ld_fancy_heading_69fc8579cd5f2 .lqd-highlight-inner{height:0.275em!important;bottom:0px!important;}.ld_fancy_heading_69fc8579cd5f2 p {font-size:16px; } .ld_fancy_heading_69fc8579cd5f2 p {line-height:22px; } .ld_fancy_heading_69fc8579cd5f2 p {--element-line-height:22px; } .ld_fancy_heading_69fc8579cd5f2 p {margin-bottom:0.75em !important;  } <\/style><div class=\"ld-fancy-heading ld_fancy_heading_69fc8579cd5f2\">\n\t<p class=\"ld-fh-element lqd-highlight-underline lqd-highlight-grow-left text-decoration-default\"   >  DALEPH realiza sesiones de formaci\u00f3n, requisito de la Orden HFP 1030\/2021, orientadas a promover la \u00e9tica p\u00fablica y a facilitar la prevenci\u00f3n y la detecci\u00f3n del fraude.<\/p><\/div><style>.ld_button_69fc8579ce1ca.btn-icon-solid .btn-icon{background:rgb(194, 22, 30);}.ld_button_69fc8579ce1ca.btn-icon-circle.btn-icon-ripple .btn-icon:before{border-color:rgb(194, 22, 30);}.ld_button_69fc8579ce1ca.btn-icon-solid:hover .btn-icon{background:rgb(0, 0, 0);}.ld_button_69fc8579ce1ca{color:rgb(194, 22, 30);}.ld_button_69fc8579ce1ca:hover{color:rgb(0, 0, 0);}.ld_button_69fc8579ce1ca {font-size:14px; } .ld_button_69fc8579ce1ca {font-size:14px; } .ld_button_69fc8579ce1ca {font-size:14px; } <\/style><a href=\"https:\/\/www.planantifraude.com.es\/es\/servicios-antifraude-espana\/formacion-curso-antifraude\/\" title=\"Formaci\u00f3n\" class=\"btn btn-naked btn-has-label button-servicios ld_button_69fc8579ce1ca\" >\n\t<span>\n\t\t\n\t\t\t\t\t<span class=\"btn-txt\" data-text=\"M\u00e1s informaci\u00f3n\" >M\u00e1s informaci\u00f3n<\/span>\n\t\t\t\n\t<span class=\"btn-icon\"><i class=\"lqd-icn-ess \"><\/i><\/span>\t\t\t\t<\/span>\n<\/a>\n[\/vc_column_inner][\/vc_row_inner][\/vc_column][vc_column width=\u00bb1\/2&#8243;][vc_single_image image=\u00bb159&#8243; img_size=\u00bb550&#215;300&#8243; css=\u00bb.vc_custom_1645175830641{margin-bottom: 20px !important;border-radius: 5px !important;}\u00bb][vc_row_inner css=\u00bb.vc_custom_1575467932417{padding-right: 22px !important;padding-bottom: 35px !important;padding-left: 22px !important;}\u00bb][vc_column_inner]<style>.ld_fancy_heading_69fc8579cece1 h2 {font-size:24px; } .ld_fancy_heading_69fc8579cece1 h2 {line-height:24px; } .ld_fancy_heading_69fc8579cece1 h2 {--element-line-height:24px; } .ld_fancy_heading_69fc8579cece1 h2 {margin-bottom:0.35em !important;  } .ld_fancy_heading_69fc8579cece1 .lqd-highlight-inner{height:0.275em!important;bottom:0px!important;}.ld_fancy_heading_69fc8579cece1 h2 {font-size:24px; } .ld_fancy_heading_69fc8579cece1 h2 {line-height:24px; } .ld_fancy_heading_69fc8579cece1 h2 {--element-line-height:24px; } .ld_fancy_heading_69fc8579cece1 h2 {margin-bottom:0.35em !important;  } <\/style><div class=\"ld-fancy-heading ld_fancy_heading_69fc8579cece1\">\n\t<h2 class=\"ld-fh-element lqd-highlight-underline lqd-highlight-grow-left text-decoration-default\"   >  Hoja de Ruta<\/h2><\/div><style>.ld_fancy_heading_69fc8579cf6ec p{color:rgb(112, 112, 112);}.ld_fancy_heading_69fc8579cf6ec p {font-size:16px; } .ld_fancy_heading_69fc8579cf6ec p {line-height:22px; } .ld_fancy_heading_69fc8579cf6ec p {--element-line-height:22px; } .ld_fancy_heading_69fc8579cf6ec p {margin-bottom:0.75em !important;  } .ld_fancy_heading_69fc8579cf6ec .lqd-highlight-inner{height:0.275em!important;bottom:0px!important;}.ld_fancy_heading_69fc8579cf6ec p {font-size:16px; } .ld_fancy_heading_69fc8579cf6ec p {line-height:22px; } .ld_fancy_heading_69fc8579cf6ec p {--element-line-height:22px; } .ld_fancy_heading_69fc8579cf6ec p {margin-bottom:0.75em !important;  } <\/style><div class=\"ld-fancy-heading ld_fancy_heading_69fc8579cf6ec\">\n\t<p class=\"ld-fh-element lqd-highlight-underline lqd-highlight-grow-left text-decoration-default\"   >  DALEPH realiza una propuesta concreta destinada a\u00a0desarrollar los objetivos de futuro en materia de integridad con la finalidad que las entidades y administraciones puedan ampliar y consolidar las medidas implantadas en el Plan de medidas antifraude.<\/p><\/div><style>.ld_button_69fc8579d0194.btn-icon-solid .btn-icon{background:rgb(194, 22, 30);}.ld_button_69fc8579d0194.btn-icon-circle.btn-icon-ripple .btn-icon:before{border-color:rgb(194, 22, 30);}.ld_button_69fc8579d0194.btn-icon-solid:hover .btn-icon{background:rgb(0, 0, 0);}.ld_button_69fc8579d0194{color:rgb(194, 22, 30);}.ld_button_69fc8579d0194:hover{color:rgb(0, 0, 0);}.ld_button_69fc8579d0194 {font-size:14px; } .ld_button_69fc8579d0194 {font-size:14px; } .ld_button_69fc8579d0194 {font-size:14px; } <\/style><a href=\"https:\/\/www.planantifraude.com.es\/es\/servicios-antifraude-espana\/hoja-de-ruta-politica-integridad\/\" title=\"Hoja de Ruta\" class=\"btn btn-naked btn-has-label button-servicios ld_button_69fc8579d0194\" >\n\t<span>\n\t\t\n\t\t\t\t\t<span class=\"btn-txt\" data-text=\"M\u00e1s informaci\u00f3n\" >M\u00e1s informaci\u00f3n<\/span>\n\t\t\t\n\t<span class=\"btn-icon\"><i class=\"lqd-icn-ess \"><\/i><\/span>\t\t\t\t<\/span>\n<\/a>\n[\/vc_column_inner][\/vc_row_inner][\/vc_column][\/vc_row][vc_row][vc_column]<style>.ld_spacer_69fc8579d0a4c{height:100px;}<\/style>\n<div class=\"ld-empty-space ld_spacer_69fc8579d0a4c\"><\/div>[\/vc_column][\/vc_row]<\/p>\n","protected":false},"excerpt":{"rendered":"<p>[vc_row][vc_column][\/vc_column][\/vc_row][vc_row][vc_column width=\u00bb1\/2&#8243;][vc_single_image image=\u00bb156&#8243; img_size=\u00bb550&#215;300&#8243; css=\u00bb.vc_custom_1645175816510{margin-bottom: 20px !important;border-radius: 5px !important;}\u00bb][vc_row_inner css=\u00bb.vc_custom_1575467932417{padding-right: 22px !important;padding-bottom: 35px !important;padding-left: 22px !important;}\u00bb][vc_column_inner][\/vc_column_inner][\/vc_row_inner][\/vc_column][vc_column width=\u00bb1\/2&#8243;][vc_single_image image=\u00bb157&#8243; img_size=\u00bb550&#215;300&#8243; css=\u00bb.vc_custom_1645175820494{margin-bottom: 20px !important;border-radius: 5px !important;}\u00bb][vc_row_inner css=\u00bb.vc_custom_1575467932417{padding-right: 22px !important;padding-bottom: 35px !important;padding-left: 22px !important;}\u00bb][vc_column_inner][\/vc_column_inner][\/vc_row_inner][\/vc_column][\/vc_row][vc_row][vc_column][\/vc_column][\/vc_row][vc_row][vc_column width=\u00bb1\/2&#8243;][vc_single_image image=\u00bb158&#8243; img_size=\u00bb550&#215;300&#8243; css=\u00bb.vc_custom_1645175827128{margin-bottom: 20px !important;border-radius: 5px !important;}\u00bb][vc_row_inner css=\u00bb.vc_custom_1575467932417{padding-right: 22px !important;padding-bottom: 35px !important;padding-left: 22px !important;}\u00bb][vc_column_inner][\/vc_column_inner][\/vc_row_inner][\/vc_column][vc_column width=\u00bb1\/2&#8243;][vc_single_image image=\u00bb159&#8243; img_size=\u00bb550&#215;300&#8243; css=\u00bb.vc_custom_1645175830641{margin-bottom: 20px !important;border-radius: 5px !important;}\u00bb][vc_row_inner css=\u00bb.vc_custom_1575467932417{padding-right: [&hellip;]<\/p>\n","protected":false},"author":1,"featured_media":0,"parent":0,"menu_order":0,"comment_status":"closed","ping_status":"closed","template":"","meta":{"inline_featured_image":false,"footnotes":""},"class_list":["post-37","page","type-page","status-publish","hentry"],"yoast_head":"<!-- This site is optimized with the Yoast SEO plugin v19.9 - https:\/\/yoast.com\/wordpress\/plugins\/seo\/ -->\n<title>Servicios Plan Antifraude Espa\u00f1a \u2013 Integridad, Formaci\u00f3n, Hoja de Ruta<\/title>\n<meta name=\"description\" content=\"Como expertos en gesti\u00f3n de Antifraude Espa\u00f1a, en Daleph ofrecemos servicios adaptados a cada situaci\u00f3n a nivel local. Consulte con nosotros.\" \/>\n<meta name=\"robots\" content=\"index, follow, max-snippet:-1, max-image-preview:large, max-video-preview:-1\" \/>\n<link rel=\"canonical\" href=\"https:\/\/www.planantifraude.com.es\/es\/servicios-antifraude-espana\/\" \/>\n<meta property=\"og:locale\" content=\"es_ES\" \/>\n<meta property=\"og:type\" content=\"article\" \/>\n<meta property=\"og:title\" content=\"Servicios Plan Antifraude Espa\u00f1a \u2013 Integridad, Formaci\u00f3n, Hoja de Ruta\" \/>\n<meta property=\"og:description\" content=\"Como expertos en gesti\u00f3n de Antifraude Espa\u00f1a, en Daleph ofrecemos servicios adaptados a cada situaci\u00f3n a nivel local. Consulte con nosotros.\" \/>\n<meta property=\"og:url\" content=\"https:\/\/www.planantifraude.com.es\/es\/servicios-antifraude-espana\/\" \/>\n<meta property=\"og:site_name\" content=\"Plan Antifraude\" \/>\n<meta property=\"article:modified_time\" content=\"2022-03-30T11:15:01+00:00\" \/>\n<meta name=\"twitter:card\" content=\"summary_large_image\" \/>\n<meta name=\"twitter:label1\" content=\"Tiempo de lectura\" \/>\n\t<meta name=\"twitter:data1\" content=\"2 minutos\" \/>\n<script type=\"application\/ld+json\" class=\"yoast-schema-graph\">{\"@context\":\"https:\/\/schema.org\",\"@graph\":[{\"@type\":\"WebPage\",\"@id\":\"https:\/\/www.planantifraude.com.es\/es\/servicios-antifraude-espana\/\",\"url\":\"https:\/\/www.planantifraude.com.es\/es\/servicios-antifraude-espana\/\",\"name\":\"Servicios Plan Antifraude Espa\u00f1a \u2013 Integridad, Formaci\u00f3n, Hoja de Ruta\",\"isPartOf\":{\"@id\":\"https:\/\/www.planantifraude.com.es\/es\/#website\"},\"datePublished\":\"2022-02-14T10:45:17+00:00\",\"dateModified\":\"2022-03-30T11:15:01+00:00\",\"description\":\"Como expertos en gesti\u00f3n de Antifraude Espa\u00f1a, en Daleph ofrecemos servicios adaptados a cada situaci\u00f3n a nivel local. Consulte con nosotros.\",\"breadcrumb\":{\"@id\":\"https:\/\/www.planantifraude.com.es\/es\/servicios-antifraude-espana\/#breadcrumb\"},\"inLanguage\":\"es\",\"potentialAction\":[{\"@type\":\"ReadAction\",\"target\":[\"https:\/\/www.planantifraude.com.es\/es\/servicios-antifraude-espana\/\"]}]},{\"@type\":\"BreadcrumbList\",\"@id\":\"https:\/\/www.planantifraude.com.es\/es\/servicios-antifraude-espana\/#breadcrumb\",\"itemListElement\":[{\"@type\":\"ListItem\",\"position\":1,\"name\":\"Portada\",\"item\":\"https:\/\/www.planantifraude.com.es\/es\/\"},{\"@type\":\"ListItem\",\"position\":2,\"name\":\"Servicios\"}]},{\"@type\":\"WebSite\",\"@id\":\"https:\/\/www.planantifraude.com.es\/es\/#website\",\"url\":\"https:\/\/www.planantifraude.com.es\/es\/\",\"name\":\"Plan Antifraude\",\"description\":\"Just another WordPress site\",\"publisher\":{\"@id\":\"https:\/\/www.planantifraude.com.es\/es\/#organization\"},\"potentialAction\":[{\"@type\":\"SearchAction\",\"target\":{\"@type\":\"EntryPoint\",\"urlTemplate\":\"https:\/\/www.planantifraude.com.es\/es\/?s={search_term_string}\"},\"query-input\":\"required name=search_term_string\"}],\"inLanguage\":\"es\"},{\"@type\":\"Organization\",\"@id\":\"https:\/\/www.planantifraude.com.es\/es\/#organization\",\"name\":\"Plan Antifraude Daleph\",\"url\":\"https:\/\/www.planantifraude.com.es\/es\/\",\"logo\":{\"@type\":\"ImageObject\",\"inLanguage\":\"es\",\"@id\":\"https:\/\/www.planantifraude.com.es\/es\/#\/schema\/logo\/image\/\",\"url\":\"https:\/\/www.planantifraude.com.es\/wp-content\/uploads\/2022\/02\/Logo-Daleph-Antifraude-02.svg\",\"contentUrl\":\"https:\/\/www.planantifraude.com.es\/wp-content\/uploads\/2022\/02\/Logo-Daleph-Antifraude-02.svg\",\"width\":\"1024\",\"height\":\"1024\",\"caption\":\"Plan Antifraude Daleph\"},\"image\":{\"@id\":\"https:\/\/www.planantifraude.com.es\/es\/#\/schema\/logo\/image\/\"}}]}<\/script>\n<!-- \/ Yoast SEO plugin. -->","yoast_head_json":{"title":"Servicios Plan Antifraude Espa\u00f1a \u2013 Integridad, Formaci\u00f3n, Hoja de Ruta","description":"Como expertos en gesti\u00f3n de Antifraude Espa\u00f1a, en Daleph ofrecemos servicios adaptados a cada situaci\u00f3n a nivel local. Consulte con nosotros.","robots":{"index":"index","follow":"follow","max-snippet":"max-snippet:-1","max-image-preview":"max-image-preview:large","max-video-preview":"max-video-preview:-1"},"canonical":"https:\/\/www.planantifraude.com.es\/es\/servicios-antifraude-espana\/","og_locale":"es_ES","og_type":"article","og_title":"Servicios Plan Antifraude Espa\u00f1a \u2013 Integridad, Formaci\u00f3n, Hoja de Ruta","og_description":"Como expertos en gesti\u00f3n de Antifraude Espa\u00f1a, en Daleph ofrecemos servicios adaptados a cada situaci\u00f3n a nivel local. Consulte con nosotros.","og_url":"https:\/\/www.planantifraude.com.es\/es\/servicios-antifraude-espana\/","og_site_name":"Plan Antifraude","article_modified_time":"2022-03-30T11:15:01+00:00","twitter_card":"summary_large_image","twitter_misc":{"Tiempo de lectura":"2 minutos"},"schema":{"@context":"https:\/\/schema.org","@graph":[{"@type":"WebPage","@id":"https:\/\/www.planantifraude.com.es\/es\/servicios-antifraude-espana\/","url":"https:\/\/www.planantifraude.com.es\/es\/servicios-antifraude-espana\/","name":"Servicios Plan Antifraude Espa\u00f1a \u2013 Integridad, Formaci\u00f3n, Hoja de Ruta","isPartOf":{"@id":"https:\/\/www.planantifraude.com.es\/es\/#website"},"datePublished":"2022-02-14T10:45:17+00:00","dateModified":"2022-03-30T11:15:01+00:00","description":"Como expertos en gesti\u00f3n de Antifraude Espa\u00f1a, en Daleph ofrecemos servicios adaptados a cada situaci\u00f3n a nivel local. Consulte con nosotros.","breadcrumb":{"@id":"https:\/\/www.planantifraude.com.es\/es\/servicios-antifraude-espana\/#breadcrumb"},"inLanguage":"es","potentialAction":[{"@type":"ReadAction","target":["https:\/\/www.planantifraude.com.es\/es\/servicios-antifraude-espana\/"]}]},{"@type":"BreadcrumbList","@id":"https:\/\/www.planantifraude.com.es\/es\/servicios-antifraude-espana\/#breadcrumb","itemListElement":[{"@type":"ListItem","position":1,"name":"Portada","item":"https:\/\/www.planantifraude.com.es\/es\/"},{"@type":"ListItem","position":2,"name":"Servicios"}]},{"@type":"WebSite","@id":"https:\/\/www.planantifraude.com.es\/es\/#website","url":"https:\/\/www.planantifraude.com.es\/es\/","name":"Plan Antifraude","description":"Just another WordPress site","publisher":{"@id":"https:\/\/www.planantifraude.com.es\/es\/#organization"},"potentialAction":[{"@type":"SearchAction","target":{"@type":"EntryPoint","urlTemplate":"https:\/\/www.planantifraude.com.es\/es\/?s={search_term_string}"},"query-input":"required name=search_term_string"}],"inLanguage":"es"},{"@type":"Organization","@id":"https:\/\/www.planantifraude.com.es\/es\/#organization","name":"Plan Antifraude Daleph","url":"https:\/\/www.planantifraude.com.es\/es\/","logo":{"@type":"ImageObject","inLanguage":"es","@id":"https:\/\/www.planantifraude.com.es\/es\/#\/schema\/logo\/image\/","url":"https:\/\/www.planantifraude.com.es\/wp-content\/uploads\/2022\/02\/Logo-Daleph-Antifraude-02.svg","contentUrl":"https:\/\/www.planantifraude.com.es\/wp-content\/uploads\/2022\/02\/Logo-Daleph-Antifraude-02.svg","width":"1024","height":"1024","caption":"Plan Antifraude Daleph"},"image":{"@id":"https:\/\/www.planantifraude.com.es\/es\/#\/schema\/logo\/image\/"}}]}},"_links":{"self":[{"href":"https:\/\/www.planantifraude.com.es\/es\/wp-json\/wp\/v2\/pages\/37","targetHints":{"allow":["GET"]}}],"collection":[{"href":"https:\/\/www.planantifraude.com.es\/es\/wp-json\/wp\/v2\/pages"}],"about":[{"href":"https:\/\/www.planantifraude.com.es\/es\/wp-json\/wp\/v2\/types\/page"}],"author":[{"embeddable":true,"href":"https:\/\/www.planantifraude.com.es\/es\/wp-json\/wp\/v2\/users\/1"}],"replies":[{"embeddable":true,"href":"https:\/\/www.planantifraude.com.es\/es\/wp-json\/wp\/v2\/comments?post=37"}],"version-history":[{"count":1,"href":"https:\/\/www.planantifraude.com.es\/es\/wp-json\/wp\/v2\/pages\/37\/revisions"}],"predecessor-version":[{"id":743,"href":"https:\/\/www.planantifraude.com.es\/es\/wp-json\/wp\/v2\/pages\/37\/revisions\/743"}],"wp:attachment":[{"href":"https:\/\/www.planantifraude.com.es\/es\/wp-json\/wp\/v2\/media?parent=37"}],"curies":[{"name":"wp","href":"https:\/\/api.w.org\/{rel}","templated":true}]}}