{"id":39,"date":"2022-02-14T11:45:43","date_gmt":"2022-02-14T10:45:43","guid":{"rendered":"https:\/\/antifraude.mmkt.dev\/?page_id=39"},"modified":"2022-03-30T13:17:23","modified_gmt":"2022-03-30T11:17:23","slug":"plan-integridad-publica","status":"publish","type":"page","link":"https:\/\/www.planantifraude.com.es\/es\/servicios-antifraude-espana\/plan-integridad-publica\/","title":{"rendered":"Plan de Integridad"},"content":{"rendered":"<p>[vc_row][vc_column]<style>.ld_spacer_69fc853c6d84c{height:120px;}<\/style>\n<div class=\"ld-empty-space ld_spacer_69fc853c6d84c\"><\/div>[\/vc_column][\/vc_row][vc_row content_placement=\u00bbmiddle\u00bb][vc_column width=\u00bb1\/2&#8243;][vc_column_text]Daleph ofrece el acompa\u00f1amiento para elaborar un <strong>plan de integridad<\/strong> para organizaciones p\u00fablicas. Desplegar una estrategia de integridad p\u00fablica es un ejercicio complejo, y <strong>Daleph puede contribuir a que las organizaciones configuren un plan de integridad que sit\u00fae los pilares convenientes para la implantaci\u00f3n y consolidaci\u00f3n de una pol\u00edtica de integridad p\u00fablica.<\/strong><\/p>\n<p>El impulso de una pol\u00edtica de integridad es un desaf\u00edo que constituye un elemento m\u00e1s en la gesti\u00f3n p\u00fablica, orientada a la mejora continuada del conjunto de la organizaci\u00f3n, y que va m\u00e1s all\u00e1 de la persecuci\u00f3n del fraude.<\/p>\n<p>Daleph <strong>acompa\u00f1a a las administraciones p\u00fablicas en la definici\u00f3n, configuraci\u00f3n y adaptaci\u00f3n de las diferentes herramientas e instrumentos que constituyen un sistema de integridad, <\/strong>y que deben plasmarse en un plan de integridad que gu\u00ede las actuaciones de la organizaci\u00f3n. Este sistema de integridad se vehicula a trav\u00e9s de tres capas diferenciadas:<\/p>\n<p>Un <strong>nivel estrat\u00e9gico<\/strong>\u00a0que comporta una visi\u00f3n a largo plazo e impregna la toma de decisiones y la cultura organizativa de la entidad<\/p>\n<p>Un <strong>nivel instrumental<\/strong> que se traduce en la implantaci\u00f3n de herramientas y mecanismos;<\/p>\n<p>Un <strong>nivel organizativo y de gobernanza<\/strong> que d\u00e9 cobertura y coherencia a todas las piezas del sistema, adem\u00e1s de realizar un seguimiento, evaluaci\u00f3n y mejora del mismo.[\/vc_column_text][\/vc_column][vc_column width=\u00bb1\/2&#8243;][vc_single_image image=\u00bb156&#8243; alignment=\u00bbcenter\u00bb css=\u00bb.vc_custom_1645173320974{border-radius: 5px !important;}\u00bb][\/vc_column][\/vc_row][vc_row][vc_column]<style>.ld_spacer_69fc853c6d92a{height:40px;}<\/style>\n<div class=\"ld-empty-space ld_spacer_69fc853c6d92a\"><\/div>[\/vc_column][\/vc_row][vc_row gap=\u00bb25&#8243; css=\u00bb.vc_custom_1606474843457{padding-top: 45px !important;padding-bottom: 45px !important;}\u00bb responsive_css=\u00bbpadding_bottom_medium:85px\u00bb][vc_column][vc_row_inner enable_content_animation=\u00bbyes\u00bb ca_init_scale_x=\u00bb0.75&#8243; ca_init_scale_y=\u00bb0.75&#8243; ca_init_opacity=\u00bb0&#8243; ca_an_scale_x=\u00bb1&#8243; ca_an_scale_y=\u00bb1&#8243; ca_an_opacity=\u00bb1&#8243; ca_duration=\u00bb1800&#8243; ca_delay=\u00bb180&#8243; ca_init_translate_y=\u00bb35&#8243;][vc_column_inner offset=\u00bbvc_col-md-4&#8243;]<style>.ld_icon_box_69fc853c6dadf .iconbox-icon-container{color:rgb(255, 255, 255);font-size:36px;margin-bottom:20px !important;border-radius:px;}.ld_icon_box_69fc853c6dadf .lqd-iconbox-title{color:rgb(255, 255, 255);margin-bottom:2px;}.ld_icon_box_69fc853c6dadf{background:rgb(194, 22, 30);}<\/style>\n<div class=\"iconbox text-align-default iconbox-round iconbox-shadow iconbox-heading-sm iconbox-filled integridad-box ld_icon_box_69fc853c6dadf vc_custom_1646648059928\" id=\"ld_icon_box_69fc853c6dadf\"  data-animate-icon=\"true\" data-plugin-options='{\"color\":\"rgb(255, 255, 255)\"}'  >\n\t\n\t\t\t\t\t\n\t\n\t<div class=\"iconbox-icon-wrap\"><span class=\"iconbox-icon-container\"><i class=\"fas fa-table\"><\/i><\/span><\/div>\t\n\t\t\n\t<div class=\"contents\">\t\n\t\t\n\t<h3 class=\"font-weight-semibold\">NIVEL ESTRAT\u00c9GICO<\/h3>\t<p>Sistema de valores, c\u00f3digo \u00e9tico y de conducta, mapa de riesgos<\/p>\n\t\t\n\t<\/div>\t\n\t\n<\/div>\n[\/vc_column_inner][vc_column_inner offset=\u00bbvc_col-md-4&#8243;]<style>.ld_icon_box_69fc853c6f5aa .iconbox-icon-container{color:rgb(255, 255, 255);font-size:36px;margin-bottom:23px !important;border-radius:px;}.ld_icon_box_69fc853c6f5aa .lqd-iconbox-title{color:rgb(255, 255, 255);margin-bottom:2px;}.ld_icon_box_69fc853c6f5aa{background:rgb(194, 22, 30);}<\/style>\n<div class=\"iconbox text-align-default iconbox-round iconbox-shadow iconbox-heading-sm iconbox-filled integridad-box ld_icon_box_69fc853c6f5aa vc_custom_1646648068217\" id=\"ld_icon_box_69fc853c6f5aa\"  data-animate-icon=\"true\" data-plugin-options='{\"color\":\"rgb(255, 255, 255)\"}'  >\n\t\n\t\t\t\t\t\n\t\n\t<div class=\"iconbox-icon-wrap\"><span class=\"iconbox-icon-container\"><i class=\"far fa-copy\"><\/i><\/span><\/div>\t\n\t\t\n\t<div class=\"contents\">\t\n\t\t\n\t<h3 class=\"font-weight-semibold\">NIVEL INSTRUMENTAL<\/h3>\t<p>Protocolos de actuaci\u00f3n, canal de denuncia, buz\u00f3n \u00e9tico, formaci\u00f3n y sensibilizaci\u00f3n<\/p>\n\t\t\n\t<\/div>\t\n\t\n<\/div>\n[\/vc_column_inner][vc_column_inner offset=\u00bbvc_col-md-4&#8243;]<style>.ld_icon_box_69fc853c70561 .iconbox-icon-container{color:rgb(255, 255, 255);font-size:36px;margin-bottom:23px !important;border-radius:px;}.ld_icon_box_69fc853c70561 .lqd-iconbox-title{color:rgb(255, 255, 255);margin-bottom:2px;}.ld_icon_box_69fc853c70561{background:rgb(194, 22, 30);}<\/style>\n<div class=\"iconbox text-align-default iconbox-round iconbox-shadow iconbox-heading-sm iconbox-filled integridad-box ld_icon_box_69fc853c70561 vc_custom_1646648091656\" id=\"ld_icon_box_69fc853c70561\"  data-animate-icon=\"true\" data-plugin-options='{\"color\":\"rgb(255, 255, 255)\"}'  >\n\t\n\t\t\t\t\t\n\t\n\t<div class=\"iconbox-icon-wrap\"><span class=\"iconbox-icon-container\"><i class=\"fas fa-archive\"><\/i><\/span><\/div>\t\n\t\t\n\t<div class=\"contents\">\t\n\t\t\n\t<h3 class=\"font-weight-semibold\">NIVEL ORGANIZATIVO Y GOBERNANZA<\/h3>\t<p>\u00d3rganos de garant\u00eda y cumplimiento, unidades o referentes en integridad<\/p>\n\t\t\n\t<\/div>\t\n\t\n<\/div>\n[\/vc_column_inner][\/vc_row_inner][vc_row_inner][vc_column_inner]<style>.ld_spacer_69fc853c70a4a{height:40px;}<\/style>\n<div class=\"ld-empty-space ld_spacer_69fc853c70a4a\"><\/div>[vc_column_text]Creemos que es importante <strong>reflexionar y adaptar el nivel organizativo y de gobernanza a la realidad de cada organizaci\u00f3n\u00b8<\/strong> a su idiosincrasia y sus propias din\u00e1micas para que la implantaci\u00f3n del sistema de integridad se consolide con \u00e9xito.<\/p>\n<p>Este proceso de elaboraci\u00f3n de un plan de integridad se acompa\u00f1a de un traspaso de capacidades hacia nuestros clientes con una perspectiva pragm\u00e1tica, adaptada a cada organizaci\u00f3n, y enfocada a las personas y la buena gobernanza.[\/vc_column_text][\/vc_column_inner][\/vc_row_inner][\/vc_column][\/vc_row][vc_row gap=\u00bb35&#8243;][vc_column width=\u00bb1\/6&#8243;][\/vc_column][vc_column width=\u00bb1\/6&#8243; offset=\u00bbvc_col-xs-6&#8243; responsive_align=\u00bbtext-center\u00bb]<style>.ld_button_69fc853c70bda.btn-icon-solid .btn-icon{background:rgb(194, 22, 30);}.ld_button_69fc853c70bda.btn-icon-circle.btn-icon-ripple .btn-icon:before{border-color:rgb(194, 22, 30);}.ld_button_69fc853c70bda.btn-icon-solid:hover .btn-icon{background:rgb(255, 255, 255);}.ld_button_69fc853c70bda{background-color:rgb(194, 22, 30);border-color:rgb(194, 22, 30);}.ld_button_69fc853c70bda:hover{background-color:rgb(255, 255, 255);border-color:rgb(255, 255, 255);color:rgb(194, 22, 30);}.ld_button_69fc853c70bda .btn-gradient-bg-hover{background:-webkit-linear-gradient(to right, rgb(255, 255, 255) 0%, rgb(255, 255, 255) 100%);background:linear-gradient(to right, rgb(255, 255, 255) 0%, rgb(255, 255, 255) 100%);}.ld_button_69fc853c70bda .btn-gradient-border defs stop:first-child{stop-color:rgb(194, 22, 30);}.ld_button_69fc853c70bda .btn-gradient-border defs stop:last-child{stop-color:rgb(194, 22, 30);}.ld_button_69fc853c70bda:hover .btn-gradient-border defs stop:first-child{stop-color:rgb(255, 255, 255);}.ld_button_69fc853c70bda:hover .btn-gradient-border defs stop:last-child{stop-color:rgb(255, 255, 255);}<\/style><a href=\"https:\/\/www.planantifraude.com.es\/es\/contacto-lucha-contra-fraude\/\" title=\"Contacto\" class=\"btn btn-solid btn-lg border-thin btn-has-label button-servicios button-contactanos ld_button_69fc853c70bda vc_custom_1646822675661\" >\n\t<span>\n\t\t\n\t\t\t\t\t<span class=\"btn-txt\" data-text=\"CONT\u00c1CTANOS\" >CONT\u00c1CTANOS<\/span>\n\t\t\t\n\t\t\t\t\t<\/span>\n<\/a>\n[\/vc_column][vc_column width=\u00bb1\/6&#8243;][\/vc_column][vc_column width=\u00bb1\/6&#8243; offset=\u00bbvc_col-xs-6&#8243;]<style>.ld_button_69fc853c71af3.btn-icon-solid .btn-icon{background:rgb(194, 22, 30);}.ld_button_69fc853c71af3.btn-icon-circle.btn-icon-ripple .btn-icon:before{border-color:rgb(194, 22, 30);}.ld_button_69fc853c71af3.btn-icon-solid:hover .btn-icon{background:rgb(255, 255, 255);}.ld_button_69fc853c71af3{background-color:rgb(194, 22, 30);border-color:rgb(194, 22, 30);}.ld_button_69fc853c71af3:hover{background-color:rgb(255, 255, 255);border-color:rgb(255, 255, 255);color:rgb(194, 22, 30);}.ld_button_69fc853c71af3 .btn-gradient-bg-hover{background:-webkit-linear-gradient(to right, rgb(255, 255, 255) 0%, rgb(255, 255, 255) 100%);background:linear-gradient(to right, rgb(255, 255, 255) 0%, rgb(255, 255, 255) 100%);}.ld_button_69fc853c71af3 .btn-gradient-border defs stop:first-child{stop-color:rgb(194, 22, 30);}.ld_button_69fc853c71af3 .btn-gradient-border defs stop:last-child{stop-color:rgb(194, 22, 30);}.ld_button_69fc853c71af3:hover .btn-gradient-border defs stop:first-child{stop-color:rgb(255, 255, 255);}.ld_button_69fc853c71af3:hover .btn-gradient-border defs stop:last-child{stop-color:rgb(255, 255, 255);}<\/style><a href=\"https:\/\/www.planantifraude.com.es\/es\/servicios-antifraude-espana\/\" title=\"SERVICIOS\" class=\"btn btn-solid btn-lg border-thin btn-has-label button-servicios ld_button_69fc853c71af3 vc_custom_1646822686982\" >\n\t<span>\n\t\t\n\t\t\t\t\t<span class=\"btn-txt\" data-text=\"SERVICIOS\" >SERVICIOS<\/span>\n\t\t\t\n\t\t\t\t\t<\/span>\n<\/a>\n[\/vc_column][vc_column width=\u00bb1\/6&#8243;][\/vc_column][vc_column width=\u00bb1\/6&#8243;][\/vc_column][\/vc_row][vc_row][vc_column]<style>.ld_spacer_69fc853c7299a{height:120px;}<\/style>\n<div class=\"ld-empty-space ld_spacer_69fc853c7299a\"><\/div>[\/vc_column][\/vc_row]<\/p>\n","protected":false},"excerpt":{"rendered":"<p>[vc_row][vc_column][\/vc_column][\/vc_row][vc_row content_placement=\u00bbmiddle\u00bb][vc_column width=\u00bb1\/2&#8243;][vc_column_text]Daleph ofrece el acompa\u00f1amiento para elaborar un plan de integridad para organizaciones p\u00fablicas. Desplegar una estrategia de integridad p\u00fablica es un ejercicio complejo, y Daleph puede contribuir a que las organizaciones configuren un plan de integridad que sit\u00fae los pilares convenientes para la implantaci\u00f3n y consolidaci\u00f3n de una pol\u00edtica de integridad p\u00fablica. El [&hellip;]<\/p>\n","protected":false},"author":1,"featured_media":0,"parent":37,"menu_order":0,"comment_status":"closed","ping_status":"closed","template":"","meta":{"inline_featured_image":false,"footnotes":""},"class_list":["post-39","page","type-page","status-publish","hentry"],"yoast_head":"<!-- This site is optimized with the Yoast SEO plugin v19.9 - https:\/\/yoast.com\/wordpress\/plugins\/seo\/ -->\n<title>Elaboraci\u00f3n de Plan de Integridad p\u00fablica \u2013 Sistema de Integridad<\/title>\n<meta name=\"description\" content=\"Acompa\u00f1amos a la administraci\u00f3n p\u00fablica en la elaboraci\u00f3n y estrategia de un plan de integridad p\u00fablico. Sistema de Integridad profesional.\" \/>\n<meta name=\"robots\" content=\"index, follow, max-snippet:-1, max-image-preview:large, max-video-preview:-1\" \/>\n<link rel=\"canonical\" href=\"https:\/\/www.planantifraude.com.es\/es\/servicios-antifraude-espana\/plan-integridad-publica\/\" \/>\n<meta property=\"og:locale\" content=\"es_ES\" \/>\n<meta property=\"og:type\" content=\"article\" \/>\n<meta property=\"og:title\" content=\"Elaboraci\u00f3n de Plan de Integridad p\u00fablica \u2013 Sistema de Integridad\" \/>\n<meta property=\"og:description\" content=\"Acompa\u00f1amos a la administraci\u00f3n p\u00fablica en la elaboraci\u00f3n y estrategia de un plan de integridad p\u00fablico. Sistema de Integridad profesional.\" \/>\n<meta property=\"og:url\" content=\"https:\/\/www.planantifraude.com.es\/es\/servicios-antifraude-espana\/plan-integridad-publica\/\" \/>\n<meta property=\"og:site_name\" content=\"Plan Antifraude\" \/>\n<meta property=\"article:modified_time\" content=\"2022-03-30T11:17:23+00:00\" \/>\n<meta name=\"twitter:card\" content=\"summary_large_image\" \/>\n<meta name=\"twitter:label1\" content=\"Tiempo de lectura\" \/>\n\t<meta name=\"twitter:data1\" content=\"3 minutos\" \/>\n<script type=\"application\/ld+json\" class=\"yoast-schema-graph\">{\"@context\":\"https:\/\/schema.org\",\"@graph\":[{\"@type\":\"WebPage\",\"@id\":\"https:\/\/www.planantifraude.com.es\/es\/servicios-antifraude-espana\/plan-integridad-publica\/\",\"url\":\"https:\/\/www.planantifraude.com.es\/es\/servicios-antifraude-espana\/plan-integridad-publica\/\",\"name\":\"Elaboraci\u00f3n de Plan de Integridad p\u00fablica \u2013 Sistema de Integridad\",\"isPartOf\":{\"@id\":\"https:\/\/www.planantifraude.com.es\/es\/#website\"},\"datePublished\":\"2022-02-14T10:45:43+00:00\",\"dateModified\":\"2022-03-30T11:17:23+00:00\",\"description\":\"Acompa\u00f1amos a la administraci\u00f3n p\u00fablica en la elaboraci\u00f3n y estrategia de un plan de integridad p\u00fablico. Sistema de Integridad profesional.\",\"breadcrumb\":{\"@id\":\"https:\/\/www.planantifraude.com.es\/es\/servicios-antifraude-espana\/plan-integridad-publica\/#breadcrumb\"},\"inLanguage\":\"es\",\"potentialAction\":[{\"@type\":\"ReadAction\",\"target\":[\"https:\/\/www.planantifraude.com.es\/es\/servicios-antifraude-espana\/plan-integridad-publica\/\"]}]},{\"@type\":\"BreadcrumbList\",\"@id\":\"https:\/\/www.planantifraude.com.es\/es\/servicios-antifraude-espana\/plan-integridad-publica\/#breadcrumb\",\"itemListElement\":[{\"@type\":\"ListItem\",\"position\":1,\"name\":\"Portada\",\"item\":\"https:\/\/www.planantifraude.com.es\/es\/\"},{\"@type\":\"ListItem\",\"position\":2,\"name\":\"Servicios\",\"item\":\"https:\/\/www.planantifraude.com.es\/es\/servicios-antifraude-espana\/\"},{\"@type\":\"ListItem\",\"position\":3,\"name\":\"Plan de Integridad\"}]},{\"@type\":\"WebSite\",\"@id\":\"https:\/\/www.planantifraude.com.es\/es\/#website\",\"url\":\"https:\/\/www.planantifraude.com.es\/es\/\",\"name\":\"Plan Antifraude\",\"description\":\"Just another WordPress site\",\"publisher\":{\"@id\":\"https:\/\/www.planantifraude.com.es\/es\/#organization\"},\"potentialAction\":[{\"@type\":\"SearchAction\",\"target\":{\"@type\":\"EntryPoint\",\"urlTemplate\":\"https:\/\/www.planantifraude.com.es\/es\/?s={search_term_string}\"},\"query-input\":\"required name=search_term_string\"}],\"inLanguage\":\"es\"},{\"@type\":\"Organization\",\"@id\":\"https:\/\/www.planantifraude.com.es\/es\/#organization\",\"name\":\"Plan Antifraude Daleph\",\"url\":\"https:\/\/www.planantifraude.com.es\/es\/\",\"logo\":{\"@type\":\"ImageObject\",\"inLanguage\":\"es\",\"@id\":\"https:\/\/www.planantifraude.com.es\/es\/#\/schema\/logo\/image\/\",\"url\":\"https:\/\/www.planantifraude.com.es\/wp-content\/uploads\/2022\/02\/Logo-Daleph-Antifraude-02.svg\",\"contentUrl\":\"https:\/\/www.planantifraude.com.es\/wp-content\/uploads\/2022\/02\/Logo-Daleph-Antifraude-02.svg\",\"width\":\"1024\",\"height\":\"1024\",\"caption\":\"Plan Antifraude Daleph\"},\"image\":{\"@id\":\"https:\/\/www.planantifraude.com.es\/es\/#\/schema\/logo\/image\/\"}}]}<\/script>\n<!-- \/ Yoast SEO plugin. -->","yoast_head_json":{"title":"Elaboraci\u00f3n de Plan de Integridad p\u00fablica \u2013 Sistema de Integridad","description":"Acompa\u00f1amos a la administraci\u00f3n p\u00fablica en la elaboraci\u00f3n y estrategia de un plan de integridad p\u00fablico. Sistema de Integridad profesional.","robots":{"index":"index","follow":"follow","max-snippet":"max-snippet:-1","max-image-preview":"max-image-preview:large","max-video-preview":"max-video-preview:-1"},"canonical":"https:\/\/www.planantifraude.com.es\/es\/servicios-antifraude-espana\/plan-integridad-publica\/","og_locale":"es_ES","og_type":"article","og_title":"Elaboraci\u00f3n de Plan de Integridad p\u00fablica \u2013 Sistema de Integridad","og_description":"Acompa\u00f1amos a la administraci\u00f3n p\u00fablica en la elaboraci\u00f3n y estrategia de un plan de integridad p\u00fablico. Sistema de Integridad profesional.","og_url":"https:\/\/www.planantifraude.com.es\/es\/servicios-antifraude-espana\/plan-integridad-publica\/","og_site_name":"Plan Antifraude","article_modified_time":"2022-03-30T11:17:23+00:00","twitter_card":"summary_large_image","twitter_misc":{"Tiempo de lectura":"3 minutos"},"schema":{"@context":"https:\/\/schema.org","@graph":[{"@type":"WebPage","@id":"https:\/\/www.planantifraude.com.es\/es\/servicios-antifraude-espana\/plan-integridad-publica\/","url":"https:\/\/www.planantifraude.com.es\/es\/servicios-antifraude-espana\/plan-integridad-publica\/","name":"Elaboraci\u00f3n de Plan de Integridad p\u00fablica \u2013 Sistema de Integridad","isPartOf":{"@id":"https:\/\/www.planantifraude.com.es\/es\/#website"},"datePublished":"2022-02-14T10:45:43+00:00","dateModified":"2022-03-30T11:17:23+00:00","description":"Acompa\u00f1amos a la administraci\u00f3n p\u00fablica en la elaboraci\u00f3n y estrategia de un plan de integridad p\u00fablico. Sistema de Integridad profesional.","breadcrumb":{"@id":"https:\/\/www.planantifraude.com.es\/es\/servicios-antifraude-espana\/plan-integridad-publica\/#breadcrumb"},"inLanguage":"es","potentialAction":[{"@type":"ReadAction","target":["https:\/\/www.planantifraude.com.es\/es\/servicios-antifraude-espana\/plan-integridad-publica\/"]}]},{"@type":"BreadcrumbList","@id":"https:\/\/www.planantifraude.com.es\/es\/servicios-antifraude-espana\/plan-integridad-publica\/#breadcrumb","itemListElement":[{"@type":"ListItem","position":1,"name":"Portada","item":"https:\/\/www.planantifraude.com.es\/es\/"},{"@type":"ListItem","position":2,"name":"Servicios","item":"https:\/\/www.planantifraude.com.es\/es\/servicios-antifraude-espana\/"},{"@type":"ListItem","position":3,"name":"Plan de Integridad"}]},{"@type":"WebSite","@id":"https:\/\/www.planantifraude.com.es\/es\/#website","url":"https:\/\/www.planantifraude.com.es\/es\/","name":"Plan Antifraude","description":"Just another WordPress site","publisher":{"@id":"https:\/\/www.planantifraude.com.es\/es\/#organization"},"potentialAction":[{"@type":"SearchAction","target":{"@type":"EntryPoint","urlTemplate":"https:\/\/www.planantifraude.com.es\/es\/?s={search_term_string}"},"query-input":"required name=search_term_string"}],"inLanguage":"es"},{"@type":"Organization","@id":"https:\/\/www.planantifraude.com.es\/es\/#organization","name":"Plan Antifraude Daleph","url":"https:\/\/www.planantifraude.com.es\/es\/","logo":{"@type":"ImageObject","inLanguage":"es","@id":"https:\/\/www.planantifraude.com.es\/es\/#\/schema\/logo\/image\/","url":"https:\/\/www.planantifraude.com.es\/wp-content\/uploads\/2022\/02\/Logo-Daleph-Antifraude-02.svg","contentUrl":"https:\/\/www.planantifraude.com.es\/wp-content\/uploads\/2022\/02\/Logo-Daleph-Antifraude-02.svg","width":"1024","height":"1024","caption":"Plan Antifraude Daleph"},"image":{"@id":"https:\/\/www.planantifraude.com.es\/es\/#\/schema\/logo\/image\/"}}]}},"_links":{"self":[{"href":"https:\/\/www.planantifraude.com.es\/es\/wp-json\/wp\/v2\/pages\/39","targetHints":{"allow":["GET"]}}],"collection":[{"href":"https:\/\/www.planantifraude.com.es\/es\/wp-json\/wp\/v2\/pages"}],"about":[{"href":"https:\/\/www.planantifraude.com.es\/es\/wp-json\/wp\/v2\/types\/page"}],"author":[{"embeddable":true,"href":"https:\/\/www.planantifraude.com.es\/es\/wp-json\/wp\/v2\/users\/1"}],"replies":[{"embeddable":true,"href":"https:\/\/www.planantifraude.com.es\/es\/wp-json\/wp\/v2\/comments?post=39"}],"version-history":[{"count":2,"href":"https:\/\/www.planantifraude.com.es\/es\/wp-json\/wp\/v2\/pages\/39\/revisions"}],"predecessor-version":[{"id":744,"href":"https:\/\/www.planantifraude.com.es\/es\/wp-json\/wp\/v2\/pages\/39\/revisions\/744"}],"up":[{"embeddable":true,"href":"https:\/\/www.planantifraude.com.es\/es\/wp-json\/wp\/v2\/pages\/37"}],"wp:attachment":[{"href":"https:\/\/www.planantifraude.com.es\/es\/wp-json\/wp\/v2\/media?parent=39"}],"curies":[{"name":"wp","href":"https:\/\/api.w.org\/{rel}","templated":true}]}}