{"id":41,"date":"2022-02-14T11:47:25","date_gmt":"2022-02-14T10:47:25","guid":{"rendered":"https:\/\/antifraude.mmkt.dev\/?page_id=41"},"modified":"2022-03-30T13:20:25","modified_gmt":"2022-03-30T11:20:25","slug":"plan-medidas-antifraude","status":"publish","type":"page","link":"https:\/\/www.planantifraude.com.es\/es\/servicios-antifraude-espana\/plan-medidas-antifraude\/","title":{"rendered":"Plan Antifraude Servicio"},"content":{"rendered":"<p>[vc_row][vc_column]<style>.ld_spacer_69fc856088a90{height:120px;}<\/style>\n<div class=\"ld-empty-space ld_spacer_69fc856088a90\"><\/div>[\/vc_column][\/vc_row][vc_row content_placement=\u00bbmiddle\u00bb][vc_column width=\u00bb1\/2&#8243;][vc_column_text]Daleph, en el marco de los proyectos de implementaci\u00f3n de Planes de medidas antifraude, ofrece un <strong>servicio integral destinado a cumplir con los requerimientos de la Orden HFP 1030\/2021 <\/strong>para que la entidad pueda optar a ser beneficiaria de <strong>fondos europeos Next Generation.<\/strong><\/p>\n<p>A efectos de una correcta implementaci\u00f3n del Plan Antifraude, se ofrece un trabajo <strong>adaptado a las necesidades de la entidad, basado en el amplio conocimiento de fondos europeos, de la administraci\u00f3n p\u00fablica y en experiencia en la puesta en marcha de sistemas de gesti\u00f3n vinculados a la ejecuci\u00f3n de proyectos financiados con carga a los fondos FEDER<\/strong>, con los proyectos vinculados al Plan de Recuperaci\u00f3n, Transformaci\u00f3n y Resiliencia.<\/p>\n<p>En ese sentido, Daleph se encarga de la <strong>dinamizaci\u00f3n de sesiones de trabajo<\/strong>, a la vez que de la <strong>elaboraci\u00f3n de la documentaci\u00f3n<\/strong> necesaria y de la <strong>redacci\u00f3n del Plan de medidas antifraude<\/strong> adaptados a la realidad de cada entidad.<\/p>\n<p>Igualmente, el equipo de Daleph puede realizar las <strong>sesiones formativas <\/strong>pertinentes para poner en conocimiento de los servidores de la entidad las connotaciones de la aprobaci\u00f3n del Plan y Medidas Antifraude.<\/p>\n<p>Adicionalmente, y teniendo en cuenta el amplio recorrido existente en materia de integridad, Daleph ofrece asesoramiento a las entidades en relaci\u00f3n con los <strong>pasos a seguir una vez aprobado el Plan de medidas antifraude <\/strong>para extender y ampliar dichas medidas a toda la gesti\u00f3n de la administraci\u00f3n p\u00fablica.[\/vc_column_text][\/vc_column][vc_column width=\u00bb1\/2&#8243;][vc_single_image image=\u00bb105&#8243; css=\u00bb.vc_custom_1645173378554{border-radius: 5px !important;}\u00bb][\/vc_column][\/vc_row][vc_row][vc_column]<style>.ld_spacer_69fc856088c16{height:50px;}<\/style>\n<div class=\"ld-empty-space ld_spacer_69fc856088c16\"><\/div>[\/vc_column][\/vc_row][vc_row gap=\u00bb35&#8243;][vc_column width=\u00bb1\/6&#8243;][\/vc_column][vc_column width=\u00bb1\/6&#8243; offset=\u00bbvc_col-xs-6&#8243; responsive_align=\u00bbtext-center\u00bb]<style>.ld_button_69fc856088e0f.btn-icon-solid .btn-icon{background:rgb(194, 22, 30);}.ld_button_69fc856088e0f.btn-icon-circle.btn-icon-ripple .btn-icon:before{border-color:rgb(194, 22, 30);}.ld_button_69fc856088e0f.btn-icon-solid:hover .btn-icon{background:rgb(255, 255, 255);}.ld_button_69fc856088e0f{background-color:rgb(194, 22, 30);border-color:rgb(194, 22, 30);}.ld_button_69fc856088e0f:hover{background-color:rgb(255, 255, 255);border-color:rgb(255, 255, 255);color:rgb(194, 22, 30);}.ld_button_69fc856088e0f .btn-gradient-bg-hover{background:-webkit-linear-gradient(to right, rgb(255, 255, 255) 0%, rgb(255, 255, 255) 100%);background:linear-gradient(to right, rgb(255, 255, 255) 0%, rgb(255, 255, 255) 100%);}.ld_button_69fc856088e0f .btn-gradient-border defs stop:first-child{stop-color:rgb(194, 22, 30);}.ld_button_69fc856088e0f .btn-gradient-border defs stop:last-child{stop-color:rgb(194, 22, 30);}.ld_button_69fc856088e0f:hover .btn-gradient-border defs stop:first-child{stop-color:rgb(255, 255, 255);}.ld_button_69fc856088e0f:hover .btn-gradient-border defs stop:last-child{stop-color:rgb(255, 255, 255);}<\/style><a href=\"https:\/\/www.planantifraude.com.es\/es\/contacto-lucha-contra-fraude\/\" title=\"Contacto\" class=\"btn btn-solid btn-lg border-thin btn-has-label button-servicios button-contactanos ld_button_69fc856088e0f vc_custom_1646822726307\" >\n\t<span>\n\t\t\n\t\t\t\t\t<span class=\"btn-txt\" data-text=\"CONT\u00c1CTANOS\" >CONT\u00c1CTANOS<\/span>\n\t\t\t\n\t\t\t\t\t<\/span>\n<\/a>\n[\/vc_column][vc_column width=\u00bb1\/6&#8243;][\/vc_column][vc_column width=\u00bb1\/6&#8243; offset=\u00bbvc_col-xs-6&#8243;]<style>.ld_button_69fc85608ab13.btn-icon-solid .btn-icon{background:rgb(194, 22, 30);}.ld_button_69fc85608ab13.btn-icon-circle.btn-icon-ripple .btn-icon:before{border-color:rgb(194, 22, 30);}.ld_button_69fc85608ab13.btn-icon-solid:hover .btn-icon{background:rgb(255, 255, 255);}.ld_button_69fc85608ab13{background-color:rgb(194, 22, 30);border-color:rgb(194, 22, 30);}.ld_button_69fc85608ab13:hover{background-color:rgb(255, 255, 255);border-color:rgb(255, 255, 255);color:rgb(194, 22, 30);}.ld_button_69fc85608ab13 .btn-gradient-bg-hover{background:-webkit-linear-gradient(to right, rgb(255, 255, 255) 0%, rgb(255, 255, 255) 100%);background:linear-gradient(to right, rgb(255, 255, 255) 0%, rgb(255, 255, 255) 100%);}.ld_button_69fc85608ab13 .btn-gradient-border defs stop:first-child{stop-color:rgb(194, 22, 30);}.ld_button_69fc85608ab13 .btn-gradient-border defs stop:last-child{stop-color:rgb(194, 22, 30);}.ld_button_69fc85608ab13:hover .btn-gradient-border defs stop:first-child{stop-color:rgb(255, 255, 255);}.ld_button_69fc85608ab13:hover .btn-gradient-border defs stop:last-child{stop-color:rgb(255, 255, 255);}<\/style><a href=\"https:\/\/www.planantifraude.com.es\/es\/servicios-antifraude-espana\/\" title=\"SERVICIOS\" class=\"btn btn-solid btn-lg border-thin btn-has-label button-servicios ld_button_69fc85608ab13 vc_custom_1646822710239\" >\n\t<span>\n\t\t\n\t\t\t\t\t<span class=\"btn-txt\" data-text=\"SERVICIOS\" >SERVICIOS<\/span>\n\t\t\t\n\t\t\t\t\t<\/span>\n<\/a>\n[\/vc_column][vc_column width=\u00bb1\/6&#8243;][\/vc_column][vc_column width=\u00bb1\/6&#8243;][\/vc_column][\/vc_row][vc_row][vc_column]<style>.ld_spacer_69fc85608bdb1{height:120px;}<\/style>\n<div class=\"ld-empty-space ld_spacer_69fc85608bdb1\"><\/div>[\/vc_column][\/vc_row]<\/p>\n","protected":false},"excerpt":{"rendered":"<p>[vc_row][vc_column][\/vc_column][\/vc_row][vc_row content_placement=\u00bbmiddle\u00bb][vc_column width=\u00bb1\/2&#8243;][vc_column_text]Daleph, en el marco de los proyectos de implementaci\u00f3n de Planes de medidas antifraude, ofrece un servicio integral destinado a cumplir con los requerimientos de la Orden HFP 1030\/2021 para que la entidad pueda optar a ser beneficiaria de fondos europeos Next Generation. A efectos de una correcta implementaci\u00f3n del Plan Antifraude, se [&hellip;]<\/p>\n","protected":false},"author":1,"featured_media":0,"parent":37,"menu_order":0,"comment_status":"closed","ping_status":"closed","template":"","meta":{"inline_featured_image":false,"footnotes":""},"class_list":["post-41","page","type-page","status-publish","hentry"],"yoast_head":"<!-- This site is optimized with the Yoast SEO plugin v19.9 - https:\/\/yoast.com\/wordpress\/plugins\/seo\/ -->\n<title>Plan y Medidas Antifraude para fondos Next Generation Espa\u00f1a<\/title>\n<meta name=\"description\" content=\"Acompa\u00f1amos a la administraci\u00f3n p\u00fablica en la elaboraci\u00f3n y estrategia para un Plan y Medidas Antifraude para fondos Next Generation Espa\u00f1a.\" \/>\n<meta name=\"robots\" content=\"index, follow, max-snippet:-1, max-image-preview:large, max-video-preview:-1\" \/>\n<link rel=\"canonical\" href=\"https:\/\/www.planantifraude.com.es\/es\/servicios-antifraude-espana\/plan-medidas-antifraude\/\" \/>\n<meta property=\"og:locale\" content=\"es_ES\" \/>\n<meta property=\"og:type\" content=\"article\" \/>\n<meta property=\"og:title\" content=\"Plan y Medidas Antifraude para fondos Next Generation Espa\u00f1a\" \/>\n<meta property=\"og:description\" content=\"Acompa\u00f1amos a la administraci\u00f3n p\u00fablica en la elaboraci\u00f3n y estrategia para un Plan y Medidas Antifraude para fondos Next Generation Espa\u00f1a.\" \/>\n<meta property=\"og:url\" content=\"https:\/\/www.planantifraude.com.es\/es\/servicios-antifraude-espana\/plan-medidas-antifraude\/\" \/>\n<meta property=\"og:site_name\" content=\"Plan Antifraude\" \/>\n<meta property=\"article:modified_time\" content=\"2022-03-30T11:20:25+00:00\" \/>\n<meta name=\"twitter:card\" content=\"summary_large_image\" \/>\n<meta name=\"twitter:label1\" content=\"Tiempo de lectura\" \/>\n\t<meta name=\"twitter:data1\" content=\"2 minutos\" \/>\n<script type=\"application\/ld+json\" class=\"yoast-schema-graph\">{\"@context\":\"https:\/\/schema.org\",\"@graph\":[{\"@type\":\"WebPage\",\"@id\":\"https:\/\/www.planantifraude.com.es\/es\/servicios-antifraude-espana\/plan-medidas-antifraude\/\",\"url\":\"https:\/\/www.planantifraude.com.es\/es\/servicios-antifraude-espana\/plan-medidas-antifraude\/\",\"name\":\"Plan y Medidas Antifraude para fondos Next Generation Espa\u00f1a\",\"isPartOf\":{\"@id\":\"https:\/\/www.planantifraude.com.es\/es\/#website\"},\"datePublished\":\"2022-02-14T10:47:25+00:00\",\"dateModified\":\"2022-03-30T11:20:25+00:00\",\"description\":\"Acompa\u00f1amos a la administraci\u00f3n p\u00fablica en la elaboraci\u00f3n y estrategia para un Plan y Medidas Antifraude para fondos Next Generation Espa\u00f1a.\",\"breadcrumb\":{\"@id\":\"https:\/\/www.planantifraude.com.es\/es\/servicios-antifraude-espana\/plan-medidas-antifraude\/#breadcrumb\"},\"inLanguage\":\"es\",\"potentialAction\":[{\"@type\":\"ReadAction\",\"target\":[\"https:\/\/www.planantifraude.com.es\/es\/servicios-antifraude-espana\/plan-medidas-antifraude\/\"]}]},{\"@type\":\"BreadcrumbList\",\"@id\":\"https:\/\/www.planantifraude.com.es\/es\/servicios-antifraude-espana\/plan-medidas-antifraude\/#breadcrumb\",\"itemListElement\":[{\"@type\":\"ListItem\",\"position\":1,\"name\":\"Portada\",\"item\":\"https:\/\/www.planantifraude.com.es\/es\/\"},{\"@type\":\"ListItem\",\"position\":2,\"name\":\"Servicios\",\"item\":\"https:\/\/www.planantifraude.com.es\/es\/servicios-antifraude-espana\/\"},{\"@type\":\"ListItem\",\"position\":3,\"name\":\"Plan Antifraude Servicio\"}]},{\"@type\":\"WebSite\",\"@id\":\"https:\/\/www.planantifraude.com.es\/es\/#website\",\"url\":\"https:\/\/www.planantifraude.com.es\/es\/\",\"name\":\"Plan Antifraude\",\"description\":\"Just another WordPress site\",\"publisher\":{\"@id\":\"https:\/\/www.planantifraude.com.es\/es\/#organization\"},\"potentialAction\":[{\"@type\":\"SearchAction\",\"target\":{\"@type\":\"EntryPoint\",\"urlTemplate\":\"https:\/\/www.planantifraude.com.es\/es\/?s={search_term_string}\"},\"query-input\":\"required name=search_term_string\"}],\"inLanguage\":\"es\"},{\"@type\":\"Organization\",\"@id\":\"https:\/\/www.planantifraude.com.es\/es\/#organization\",\"name\":\"Plan Antifraude Daleph\",\"url\":\"https:\/\/www.planantifraude.com.es\/es\/\",\"logo\":{\"@type\":\"ImageObject\",\"inLanguage\":\"es\",\"@id\":\"https:\/\/www.planantifraude.com.es\/es\/#\/schema\/logo\/image\/\",\"url\":\"https:\/\/www.planantifraude.com.es\/wp-content\/uploads\/2022\/02\/Logo-Daleph-Antifraude-02.svg\",\"contentUrl\":\"https:\/\/www.planantifraude.com.es\/wp-content\/uploads\/2022\/02\/Logo-Daleph-Antifraude-02.svg\",\"width\":\"1024\",\"height\":\"1024\",\"caption\":\"Plan Antifraude Daleph\"},\"image\":{\"@id\":\"https:\/\/www.planantifraude.com.es\/es\/#\/schema\/logo\/image\/\"}}]}<\/script>\n<!-- \/ Yoast SEO plugin. -->","yoast_head_json":{"title":"Plan y Medidas Antifraude para fondos Next Generation Espa\u00f1a","description":"Acompa\u00f1amos a la administraci\u00f3n p\u00fablica en la elaboraci\u00f3n y estrategia para un Plan y Medidas Antifraude para fondos Next Generation Espa\u00f1a.","robots":{"index":"index","follow":"follow","max-snippet":"max-snippet:-1","max-image-preview":"max-image-preview:large","max-video-preview":"max-video-preview:-1"},"canonical":"https:\/\/www.planantifraude.com.es\/es\/servicios-antifraude-espana\/plan-medidas-antifraude\/","og_locale":"es_ES","og_type":"article","og_title":"Plan y Medidas Antifraude para fondos Next Generation Espa\u00f1a","og_description":"Acompa\u00f1amos a la administraci\u00f3n p\u00fablica en la elaboraci\u00f3n y estrategia para un Plan y Medidas Antifraude para fondos Next Generation Espa\u00f1a.","og_url":"https:\/\/www.planantifraude.com.es\/es\/servicios-antifraude-espana\/plan-medidas-antifraude\/","og_site_name":"Plan Antifraude","article_modified_time":"2022-03-30T11:20:25+00:00","twitter_card":"summary_large_image","twitter_misc":{"Tiempo de lectura":"2 minutos"},"schema":{"@context":"https:\/\/schema.org","@graph":[{"@type":"WebPage","@id":"https:\/\/www.planantifraude.com.es\/es\/servicios-antifraude-espana\/plan-medidas-antifraude\/","url":"https:\/\/www.planantifraude.com.es\/es\/servicios-antifraude-espana\/plan-medidas-antifraude\/","name":"Plan y Medidas Antifraude para fondos Next Generation Espa\u00f1a","isPartOf":{"@id":"https:\/\/www.planantifraude.com.es\/es\/#website"},"datePublished":"2022-02-14T10:47:25+00:00","dateModified":"2022-03-30T11:20:25+00:00","description":"Acompa\u00f1amos a la administraci\u00f3n p\u00fablica en la elaboraci\u00f3n y estrategia para un Plan y Medidas Antifraude para fondos Next Generation Espa\u00f1a.","breadcrumb":{"@id":"https:\/\/www.planantifraude.com.es\/es\/servicios-antifraude-espana\/plan-medidas-antifraude\/#breadcrumb"},"inLanguage":"es","potentialAction":[{"@type":"ReadAction","target":["https:\/\/www.planantifraude.com.es\/es\/servicios-antifraude-espana\/plan-medidas-antifraude\/"]}]},{"@type":"BreadcrumbList","@id":"https:\/\/www.planantifraude.com.es\/es\/servicios-antifraude-espana\/plan-medidas-antifraude\/#breadcrumb","itemListElement":[{"@type":"ListItem","position":1,"name":"Portada","item":"https:\/\/www.planantifraude.com.es\/es\/"},{"@type":"ListItem","position":2,"name":"Servicios","item":"https:\/\/www.planantifraude.com.es\/es\/servicios-antifraude-espana\/"},{"@type":"ListItem","position":3,"name":"Plan Antifraude Servicio"}]},{"@type":"WebSite","@id":"https:\/\/www.planantifraude.com.es\/es\/#website","url":"https:\/\/www.planantifraude.com.es\/es\/","name":"Plan Antifraude","description":"Just another WordPress site","publisher":{"@id":"https:\/\/www.planantifraude.com.es\/es\/#organization"},"potentialAction":[{"@type":"SearchAction","target":{"@type":"EntryPoint","urlTemplate":"https:\/\/www.planantifraude.com.es\/es\/?s={search_term_string}"},"query-input":"required name=search_term_string"}],"inLanguage":"es"},{"@type":"Organization","@id":"https:\/\/www.planantifraude.com.es\/es\/#organization","name":"Plan Antifraude Daleph","url":"https:\/\/www.planantifraude.com.es\/es\/","logo":{"@type":"ImageObject","inLanguage":"es","@id":"https:\/\/www.planantifraude.com.es\/es\/#\/schema\/logo\/image\/","url":"https:\/\/www.planantifraude.com.es\/wp-content\/uploads\/2022\/02\/Logo-Daleph-Antifraude-02.svg","contentUrl":"https:\/\/www.planantifraude.com.es\/wp-content\/uploads\/2022\/02\/Logo-Daleph-Antifraude-02.svg","width":"1024","height":"1024","caption":"Plan Antifraude Daleph"},"image":{"@id":"https:\/\/www.planantifraude.com.es\/es\/#\/schema\/logo\/image\/"}}]}},"_links":{"self":[{"href":"https:\/\/www.planantifraude.com.es\/es\/wp-json\/wp\/v2\/pages\/41","targetHints":{"allow":["GET"]}}],"collection":[{"href":"https:\/\/www.planantifraude.com.es\/es\/wp-json\/wp\/v2\/pages"}],"about":[{"href":"https:\/\/www.planantifraude.com.es\/es\/wp-json\/wp\/v2\/types\/page"}],"author":[{"embeddable":true,"href":"https:\/\/www.planantifraude.com.es\/es\/wp-json\/wp\/v2\/users\/1"}],"replies":[{"embeddable":true,"href":"https:\/\/www.planantifraude.com.es\/es\/wp-json\/wp\/v2\/comments?post=41"}],"version-history":[{"count":4,"href":"https:\/\/www.planantifraude.com.es\/es\/wp-json\/wp\/v2\/pages\/41\/revisions"}],"predecessor-version":[{"id":747,"href":"https:\/\/www.planantifraude.com.es\/es\/wp-json\/wp\/v2\/pages\/41\/revisions\/747"}],"up":[{"embeddable":true,"href":"https:\/\/www.planantifraude.com.es\/es\/wp-json\/wp\/v2\/pages\/37"}],"wp:attachment":[{"href":"https:\/\/www.planantifraude.com.es\/es\/wp-json\/wp\/v2\/media?parent=41"}],"curies":[{"name":"wp","href":"https:\/\/api.w.org\/{rel}","templated":true}]}}