{"id":45,"date":"2022-02-14T11:48:23","date_gmt":"2022-02-14T10:48:23","guid":{"rendered":"https:\/\/antifraude.mmkt.dev\/?page_id=45"},"modified":"2022-03-30T13:23:13","modified_gmt":"2022-03-30T11:23:13","slug":"hoja-de-ruta-politica-integridad","status":"publish","type":"page","link":"https:\/\/www.planantifraude.com.es\/es\/servicios-antifraude-espana\/hoja-de-ruta-politica-integridad\/","title":{"rendered":"Hoja de Ruta Integridad"},"content":{"rendered":"<p>[vc_row][vc_column]<style>.ld_spacer_69fc85615dbb5{height:120px;}<\/style>\n<div class=\"ld-empty-space ld_spacer_69fc85615dbb5\"><\/div>[\/vc_column][\/vc_row][vc_row content_placement=\u00bbmiddle\u00bb][vc_column width=\u00bb1\/2&#8243;][vc_column_text]Con la finalidad de que las entidades puedan ampliar las medidas implantadas en el Plan de medidas antifraude presentado, desde Daleph se realiza una propuesta concreta de pasos a seguir, destinada a <strong>desarrollar los objetivos de futuro en materia de integridad. <\/strong><\/p>\n<p>Se debe ser consciente de que, si bien la implementaci\u00f3n de un Plan de medidas antifraude es un hito importante para las entidades con voluntad de ser beneficiarias de Fondos Next Generation, <strong>constituye un primer paso, y no peque\u00f1o, en la direcci\u00f3n de implantar est\u00e1ndares de buen gobierno y de desarrollar un marco de integridad institucional robusto en las administraciones locales<\/strong>. Las exigencias derivadas de un mayor rigor y transparencia en el uso de recursos p\u00fablicos, adem\u00e1s, derivar\u00e1n en un futuro muy pr\u00f3ximo en la necesidad de disfrutar de pol\u00edticas de integridad transversales.<\/p>\n<p>Desde esta perspectiva, el equipo t\u00e9cnico de Daleph ofrece un servicio especializado basado en la experiencia en proyectos de elaboraci\u00f3n de planes de integridad, y adaptado a las necesidades y especificidades de la entidad.[\/vc_column_text][\/vc_column][vc_column width=\u00bb1\/2&#8243;][vc_single_image image=\u00bb159&#8243; css=\u00bb.vc_custom_1645173471738{border-radius: 5px !important;}\u00bb][\/vc_column][\/vc_row][vc_row][vc_column]<style>.ld_spacer_69fc85615dcdb{height:50px;}<\/style>\n<div class=\"ld-empty-space ld_spacer_69fc85615dcdb\"><\/div>[\/vc_column][\/vc_row][vc_row gap=\u00bb35&#8243;][vc_column width=\u00bb1\/6&#8243;][\/vc_column][vc_column width=\u00bb1\/6&#8243; offset=\u00bbvc_col-xs-6&#8243; responsive_align=\u00bbtext-center\u00bb]<style>.ld_button_69fc85615de39.btn-icon-solid .btn-icon{background:rgb(194, 22, 30);}.ld_button_69fc85615de39.btn-icon-circle.btn-icon-ripple .btn-icon:before{border-color:rgb(194, 22, 30);}.ld_button_69fc85615de39.btn-icon-solid:hover .btn-icon{background:rgb(255, 255, 255);}.ld_button_69fc85615de39{background-color:rgb(194, 22, 30);border-color:rgb(194, 22, 30);}.ld_button_69fc85615de39:hover{background-color:rgb(255, 255, 255);border-color:rgb(255, 255, 255);color:rgb(194, 22, 30);}.ld_button_69fc85615de39 .btn-gradient-bg-hover{background:-webkit-linear-gradient(to right, rgb(255, 255, 255) 0%, rgb(255, 255, 255) 100%);background:linear-gradient(to right, rgb(255, 255, 255) 0%, rgb(255, 255, 255) 100%);}.ld_button_69fc85615de39 .btn-gradient-border defs stop:first-child{stop-color:rgb(194, 22, 30);}.ld_button_69fc85615de39 .btn-gradient-border defs stop:last-child{stop-color:rgb(194, 22, 30);}.ld_button_69fc85615de39:hover .btn-gradient-border defs stop:first-child{stop-color:rgb(255, 255, 255);}.ld_button_69fc85615de39:hover .btn-gradient-border defs stop:last-child{stop-color:rgb(255, 255, 255);}<\/style><a href=\"https:\/\/www.planantifraude.com.es\/es\/contacto-lucha-contra-fraude\/\" title=\"Contacto\" class=\"btn btn-solid btn-lg border-thin btn-has-label button-servicios button-contactanos ld_button_69fc85615de39 vc_custom_1646822783498\" >\n\t<span>\n\t\t\n\t\t\t\t\t<span class=\"btn-txt\" data-text=\"CONT\u00c1CTANOS\" >CONT\u00c1CTANOS<\/span>\n\t\t\t\n\t\t\t\t\t<\/span>\n<\/a>\n[\/vc_column][vc_column width=\u00bb1\/6&#8243;][\/vc_column][vc_column width=\u00bb1\/6&#8243; offset=\u00bbvc_col-xs-6&#8243;]<style>.ld_button_69fc85615f311.btn-icon-solid .btn-icon{background:rgb(194, 22, 30);}.ld_button_69fc85615f311.btn-icon-circle.btn-icon-ripple .btn-icon:before{border-color:rgb(194, 22, 30);}.ld_button_69fc85615f311.btn-icon-solid:hover .btn-icon{background:rgb(255, 255, 255);}.ld_button_69fc85615f311{background-color:rgb(194, 22, 30);border-color:rgb(194, 22, 30);}.ld_button_69fc85615f311:hover{background-color:rgb(255, 255, 255);border-color:rgb(255, 255, 255);color:rgb(194, 22, 30);}.ld_button_69fc85615f311 .btn-gradient-bg-hover{background:-webkit-linear-gradient(to right, rgb(255, 255, 255) 0%, rgb(255, 255, 255) 100%);background:linear-gradient(to right, rgb(255, 255, 255) 0%, rgb(255, 255, 255) 100%);}.ld_button_69fc85615f311 .btn-gradient-border defs stop:first-child{stop-color:rgb(194, 22, 30);}.ld_button_69fc85615f311 .btn-gradient-border defs stop:last-child{stop-color:rgb(194, 22, 30);}.ld_button_69fc85615f311:hover .btn-gradient-border defs stop:first-child{stop-color:rgb(255, 255, 255);}.ld_button_69fc85615f311:hover .btn-gradient-border defs stop:last-child{stop-color:rgb(255, 255, 255);}<\/style><a href=\"https:\/\/www.planantifraude.com.es\/es\/servicios-antifraude-espana\/\" title=\"SERVICIOS\" class=\"btn btn-solid btn-lg border-thin btn-has-label button-servicios ld_button_69fc85615f311 vc_custom_1646822772037\" >\n\t<span>\n\t\t\n\t\t\t\t\t<span class=\"btn-txt\" data-text=\"SERVICIOS\" >SERVICIOS<\/span>\n\t\t\t\n\t\t\t\t\t<\/span>\n<\/a>\n[\/vc_column][vc_column width=\u00bb1\/6&#8243;][\/vc_column][vc_column width=\u00bb1\/6&#8243;][\/vc_column][\/vc_row][vc_row][vc_column]<style>.ld_spacer_69fc85615fca3{height:120px;}<\/style>\n<div class=\"ld-empty-space ld_spacer_69fc85615fca3\"><\/div>[\/vc_column][\/vc_row]<\/p>\n","protected":false},"excerpt":{"rendered":"<p>[vc_row][vc_column][\/vc_column][\/vc_row][vc_row content_placement=\u00bbmiddle\u00bb][vc_column width=\u00bb1\/2&#8243;][vc_column_text]Con la finalidad de que las entidades puedan ampliar las medidas implantadas en el Plan de medidas antifraude presentado, desde Daleph se realiza una propuesta concreta de pasos a seguir, destinada a desarrollar los objetivos de futuro en materia de integridad. Se debe ser consciente de que, si bien la implementaci\u00f3n de un [&hellip;]<\/p>\n","protected":false},"author":1,"featured_media":0,"parent":37,"menu_order":0,"comment_status":"closed","ping_status":"closed","template":"","meta":{"inline_featured_image":false,"footnotes":""},"class_list":["post-45","page","type-page","status-publish","hentry"],"yoast_head":"<!-- This site is optimized with the Yoast SEO plugin v19.9 - https:\/\/yoast.com\/wordpress\/plugins\/seo\/ -->\n<title>Hoja de Ruta. Pol\u00edtica de Integridad y transparencia en gesti\u00f3n p\u00fablica<\/title>\n<meta name=\"description\" content=\"Pasos a seguir en planes antifraude. Expertos en pol\u00edtica de Integridad y transparencia en gesti\u00f3n p\u00fablica, contacta con el equipo de Daleph.\" \/>\n<meta name=\"robots\" content=\"index, follow, max-snippet:-1, max-image-preview:large, max-video-preview:-1\" \/>\n<link rel=\"canonical\" href=\"https:\/\/www.planantifraude.com.es\/es\/servicios-antifraude-espana\/hoja-de-ruta-politica-integridad\/\" \/>\n<meta property=\"og:locale\" content=\"es_ES\" \/>\n<meta property=\"og:type\" content=\"article\" \/>\n<meta property=\"og:title\" content=\"Hoja de Ruta. Pol\u00edtica de Integridad y transparencia en gesti\u00f3n p\u00fablica\" \/>\n<meta property=\"og:description\" content=\"Pasos a seguir en planes antifraude. Expertos en pol\u00edtica de Integridad y transparencia en gesti\u00f3n p\u00fablica, contacta con el equipo de Daleph.\" \/>\n<meta property=\"og:url\" content=\"https:\/\/www.planantifraude.com.es\/es\/servicios-antifraude-espana\/hoja-de-ruta-politica-integridad\/\" \/>\n<meta property=\"og:site_name\" content=\"Plan Antifraude\" \/>\n<meta property=\"article:modified_time\" content=\"2022-03-30T11:23:13+00:00\" \/>\n<meta name=\"twitter:card\" content=\"summary_large_image\" \/>\n<meta name=\"twitter:label1\" content=\"Tiempo de lectura\" \/>\n\t<meta name=\"twitter:data1\" content=\"2 minutos\" \/>\n<script type=\"application\/ld+json\" class=\"yoast-schema-graph\">{\"@context\":\"https:\/\/schema.org\",\"@graph\":[{\"@type\":\"WebPage\",\"@id\":\"https:\/\/www.planantifraude.com.es\/es\/servicios-antifraude-espana\/hoja-de-ruta-politica-integridad\/\",\"url\":\"https:\/\/www.planantifraude.com.es\/es\/servicios-antifraude-espana\/hoja-de-ruta-politica-integridad\/\",\"name\":\"Hoja de Ruta. Pol\u00edtica de Integridad y transparencia en gesti\u00f3n p\u00fablica\",\"isPartOf\":{\"@id\":\"https:\/\/www.planantifraude.com.es\/es\/#website\"},\"datePublished\":\"2022-02-14T10:48:23+00:00\",\"dateModified\":\"2022-03-30T11:23:13+00:00\",\"description\":\"Pasos a seguir en planes antifraude. Expertos en pol\u00edtica de Integridad y transparencia en gesti\u00f3n p\u00fablica, contacta con el equipo de Daleph.\",\"breadcrumb\":{\"@id\":\"https:\/\/www.planantifraude.com.es\/es\/servicios-antifraude-espana\/hoja-de-ruta-politica-integridad\/#breadcrumb\"},\"inLanguage\":\"es\",\"potentialAction\":[{\"@type\":\"ReadAction\",\"target\":[\"https:\/\/www.planantifraude.com.es\/es\/servicios-antifraude-espana\/hoja-de-ruta-politica-integridad\/\"]}]},{\"@type\":\"BreadcrumbList\",\"@id\":\"https:\/\/www.planantifraude.com.es\/es\/servicios-antifraude-espana\/hoja-de-ruta-politica-integridad\/#breadcrumb\",\"itemListElement\":[{\"@type\":\"ListItem\",\"position\":1,\"name\":\"Portada\",\"item\":\"https:\/\/www.planantifraude.com.es\/es\/\"},{\"@type\":\"ListItem\",\"position\":2,\"name\":\"Servicios\",\"item\":\"https:\/\/www.planantifraude.com.es\/es\/servicios-antifraude-espana\/\"},{\"@type\":\"ListItem\",\"position\":3,\"name\":\"Hoja de Ruta Integridad\"}]},{\"@type\":\"WebSite\",\"@id\":\"https:\/\/www.planantifraude.com.es\/es\/#website\",\"url\":\"https:\/\/www.planantifraude.com.es\/es\/\",\"name\":\"Plan Antifraude\",\"description\":\"Just another WordPress site\",\"publisher\":{\"@id\":\"https:\/\/www.planantifraude.com.es\/es\/#organization\"},\"potentialAction\":[{\"@type\":\"SearchAction\",\"target\":{\"@type\":\"EntryPoint\",\"urlTemplate\":\"https:\/\/www.planantifraude.com.es\/es\/?s={search_term_string}\"},\"query-input\":\"required name=search_term_string\"}],\"inLanguage\":\"es\"},{\"@type\":\"Organization\",\"@id\":\"https:\/\/www.planantifraude.com.es\/es\/#organization\",\"name\":\"Plan Antifraude Daleph\",\"url\":\"https:\/\/www.planantifraude.com.es\/es\/\",\"logo\":{\"@type\":\"ImageObject\",\"inLanguage\":\"es\",\"@id\":\"https:\/\/www.planantifraude.com.es\/es\/#\/schema\/logo\/image\/\",\"url\":\"https:\/\/www.planantifraude.com.es\/wp-content\/uploads\/2022\/02\/Logo-Daleph-Antifraude-02.svg\",\"contentUrl\":\"https:\/\/www.planantifraude.com.es\/wp-content\/uploads\/2022\/02\/Logo-Daleph-Antifraude-02.svg\",\"width\":\"1024\",\"height\":\"1024\",\"caption\":\"Plan Antifraude Daleph\"},\"image\":{\"@id\":\"https:\/\/www.planantifraude.com.es\/es\/#\/schema\/logo\/image\/\"}}]}<\/script>\n<!-- \/ Yoast SEO plugin. -->","yoast_head_json":{"title":"Hoja de Ruta. Pol\u00edtica de Integridad y transparencia en gesti\u00f3n p\u00fablica","description":"Pasos a seguir en planes antifraude. Expertos en pol\u00edtica de Integridad y transparencia en gesti\u00f3n p\u00fablica, contacta con el equipo de Daleph.","robots":{"index":"index","follow":"follow","max-snippet":"max-snippet:-1","max-image-preview":"max-image-preview:large","max-video-preview":"max-video-preview:-1"},"canonical":"https:\/\/www.planantifraude.com.es\/es\/servicios-antifraude-espana\/hoja-de-ruta-politica-integridad\/","og_locale":"es_ES","og_type":"article","og_title":"Hoja de Ruta. Pol\u00edtica de Integridad y transparencia en gesti\u00f3n p\u00fablica","og_description":"Pasos a seguir en planes antifraude. Expertos en pol\u00edtica de Integridad y transparencia en gesti\u00f3n p\u00fablica, contacta con el equipo de Daleph.","og_url":"https:\/\/www.planantifraude.com.es\/es\/servicios-antifraude-espana\/hoja-de-ruta-politica-integridad\/","og_site_name":"Plan Antifraude","article_modified_time":"2022-03-30T11:23:13+00:00","twitter_card":"summary_large_image","twitter_misc":{"Tiempo de lectura":"2 minutos"},"schema":{"@context":"https:\/\/schema.org","@graph":[{"@type":"WebPage","@id":"https:\/\/www.planantifraude.com.es\/es\/servicios-antifraude-espana\/hoja-de-ruta-politica-integridad\/","url":"https:\/\/www.planantifraude.com.es\/es\/servicios-antifraude-espana\/hoja-de-ruta-politica-integridad\/","name":"Hoja de Ruta. Pol\u00edtica de Integridad y transparencia en gesti\u00f3n p\u00fablica","isPartOf":{"@id":"https:\/\/www.planantifraude.com.es\/es\/#website"},"datePublished":"2022-02-14T10:48:23+00:00","dateModified":"2022-03-30T11:23:13+00:00","description":"Pasos a seguir en planes antifraude. Expertos en pol\u00edtica de Integridad y transparencia en gesti\u00f3n p\u00fablica, contacta con el equipo de Daleph.","breadcrumb":{"@id":"https:\/\/www.planantifraude.com.es\/es\/servicios-antifraude-espana\/hoja-de-ruta-politica-integridad\/#breadcrumb"},"inLanguage":"es","potentialAction":[{"@type":"ReadAction","target":["https:\/\/www.planantifraude.com.es\/es\/servicios-antifraude-espana\/hoja-de-ruta-politica-integridad\/"]}]},{"@type":"BreadcrumbList","@id":"https:\/\/www.planantifraude.com.es\/es\/servicios-antifraude-espana\/hoja-de-ruta-politica-integridad\/#breadcrumb","itemListElement":[{"@type":"ListItem","position":1,"name":"Portada","item":"https:\/\/www.planantifraude.com.es\/es\/"},{"@type":"ListItem","position":2,"name":"Servicios","item":"https:\/\/www.planantifraude.com.es\/es\/servicios-antifraude-espana\/"},{"@type":"ListItem","position":3,"name":"Hoja de Ruta Integridad"}]},{"@type":"WebSite","@id":"https:\/\/www.planantifraude.com.es\/es\/#website","url":"https:\/\/www.planantifraude.com.es\/es\/","name":"Plan Antifraude","description":"Just another WordPress site","publisher":{"@id":"https:\/\/www.planantifraude.com.es\/es\/#organization"},"potentialAction":[{"@type":"SearchAction","target":{"@type":"EntryPoint","urlTemplate":"https:\/\/www.planantifraude.com.es\/es\/?s={search_term_string}"},"query-input":"required name=search_term_string"}],"inLanguage":"es"},{"@type":"Organization","@id":"https:\/\/www.planantifraude.com.es\/es\/#organization","name":"Plan Antifraude Daleph","url":"https:\/\/www.planantifraude.com.es\/es\/","logo":{"@type":"ImageObject","inLanguage":"es","@id":"https:\/\/www.planantifraude.com.es\/es\/#\/schema\/logo\/image\/","url":"https:\/\/www.planantifraude.com.es\/wp-content\/uploads\/2022\/02\/Logo-Daleph-Antifraude-02.svg","contentUrl":"https:\/\/www.planantifraude.com.es\/wp-content\/uploads\/2022\/02\/Logo-Daleph-Antifraude-02.svg","width":"1024","height":"1024","caption":"Plan Antifraude Daleph"},"image":{"@id":"https:\/\/www.planantifraude.com.es\/es\/#\/schema\/logo\/image\/"}}]}},"_links":{"self":[{"href":"https:\/\/www.planantifraude.com.es\/es\/wp-json\/wp\/v2\/pages\/45","targetHints":{"allow":["GET"]}}],"collection":[{"href":"https:\/\/www.planantifraude.com.es\/es\/wp-json\/wp\/v2\/pages"}],"about":[{"href":"https:\/\/www.planantifraude.com.es\/es\/wp-json\/wp\/v2\/types\/page"}],"author":[{"embeddable":true,"href":"https:\/\/www.planantifraude.com.es\/es\/wp-json\/wp\/v2\/users\/1"}],"replies":[{"embeddable":true,"href":"https:\/\/www.planantifraude.com.es\/es\/wp-json\/wp\/v2\/comments?post=45"}],"version-history":[{"count":1,"href":"https:\/\/www.planantifraude.com.es\/es\/wp-json\/wp\/v2\/pages\/45\/revisions"}],"predecessor-version":[{"id":749,"href":"https:\/\/www.planantifraude.com.es\/es\/wp-json\/wp\/v2\/pages\/45\/revisions\/749"}],"up":[{"embeddable":true,"href":"https:\/\/www.planantifraude.com.es\/es\/wp-json\/wp\/v2\/pages\/37"}],"wp:attachment":[{"href":"https:\/\/www.planantifraude.com.es\/es\/wp-json\/wp\/v2\/media?parent=45"}],"curies":[{"name":"wp","href":"https:\/\/api.w.org\/{rel}","templated":true}]}}