{"id":82,"date":"2022-02-14T12:21:03","date_gmt":"2022-02-14T11:21:03","guid":{"rendered":"https:\/\/antifraude.mmkt.dev\/?page_id=82"},"modified":"2022-03-09T11:21:24","modified_gmt":"2022-03-09T10:21:24","slug":"aviso-legal","status":"publish","type":"page","link":"https:\/\/www.planantifraude.com.es\/es\/aviso-legal\/","title":{"rendered":"Aviso Legal"},"content":{"rendered":"<p>[vc_row][vc_column]<style>.ld_spacer_69fc8564d6906{height:100px;}<\/style>\n<div class=\"ld-empty-space ld_spacer_69fc8564d6906\"><\/div>[\/vc_column][\/vc_row][vc_row][vc_column][vc_column_text]En virtud de la Ley 34\/2002 de Servicios de la Sociedad de la Informaci\u00f3n y del Comercio Electr\u00f3nico esta p\u00e1gina Web es propiedad de D\u2019ALEPH INICIATIVAS Y ORGANIZACI\u00d3N, S.A. (en adelante D\u2019ALEPH) con NIF n\u00ba A63141170 y domicilio en la calle Angl\u00ed, 31, 4t 1\u00aa de 08017 Barcelona Inscrita en el Registro Mercantil de Barcelona en el Tomo 35.524 Folio 50 Hoja B 270.820. Inscripci\u00f3n 1.<\/p>\n<p>Para cualquier consulta o propuesta, cont\u00e1ctenos en el e-mail: daleph@daleph.com<\/p>\n<p>Esta p\u00e1gina Web se rige por la normativa exclusivamente aplicable en Espa\u00f1a, quedando sometida a ella, tanto nacionales como extranjeros que utilicen esta Web.<\/p>\n<p>El acceso a nuestra p\u00e1gina Web por parte del USUARIO es gratuito y est\u00e1 condicionado a la previa lectura y aceptaci\u00f3n integra, expresa y sin reservas de las presentes CONDICIONES GENERALES DE USO vigentes en el momento del acceso, que rogamos lea detenidamente. El USUARIO en el momento que utiliza nuestro portal, sus contenidos o servicios, acepta y se somete expresamente a las condiciones generales de uso del mismo. Si el usuario no estuviere de acuerdo con las presentes condiciones de uso, deber\u00e1 abstenerse de utilizar este portal y operar por medio del mismo.<\/p>\n<p>El suministro de datos personales a trav\u00e9s de nuestro portal requiere una edad m\u00ednima de 14 a\u00f1os, o en su caso, disponer de capacidad jur\u00eddica suficiente para contratar.<\/p>\n<p>En cualquier momento podremos modificar la presentaci\u00f3n y configuraci\u00f3n de nuestra Web, ampliar o reducir servicios, e incluso suprimirla de la Red, as\u00ed como los servicios y contenidos prestados, todo ello de forma unilateral y sin previo aviso.<\/p>\n<h4><strong>PROPIEDAD INTELECTUAL<\/strong><\/h4>\n<p>Todos los contenidos, textos, im\u00e1genes, marcas y c\u00f3digos fuente son de nuestra propiedad o de terceros a los que se han adquirido sus derechos de explotaci\u00f3n, y est\u00e1n protegidos por los derechos de Propiedad Intelectual e Industrial.<\/p>\n<p>El usuario \u00fanicamente tiene derecho a un uso privado de los mismos, sin \u00e1nimo de lucro, y necesita autorizaci\u00f3n expresa para modificarlos, reproducirlos, explotarlos, distribuirlos o ejercer cualquier derecho perteneciente a su titular.<\/p>\n<p>D\u2019ALEPH es una marca registrada, y est\u00e1 prohibida su reproducci\u00f3n, imitaci\u00f3n, utilizaci\u00f3n o inserci\u00f3n de estas marcas sin nuestra debida autorizaci\u00f3n.<\/p>\n<p>El establecimiento de enlaces a nuestro portal no confiere ning\u00fan derecho sobre el mismo. Asimismo, el simple hecho de establecer un enlace a nuestra p\u00e1gina web no da derecho a otorgarse la categor\u00eda de colaborador o socio.<\/p>\n<p>Est\u00e1 absolutamente prohibida la imitaci\u00f3n ya sea total o parcial de nuestro portal.<\/p>\n<h4><strong>CONDICIONES DE ACCESO<\/strong><\/h4>\n<p>El acceso a nuestra p\u00e1gina Web es gratuito y no exige previa suscripci\u00f3n o registro.<\/p>\n<p>El env\u00edo de datos personales implica la aceptaci\u00f3n expresa por parte del USUARIO de nuestra pol\u00edtica de privacidad.<\/p>\n<p>El usuario debe acceder a nuestra p\u00e1gina Web conforme a la buena fe, las normas de orden p\u00fablico y a las presentes Condiciones Generales de uso. El acceso a nuestro sitio Web se realiza bajo la propia y exclusiva responsabilidad del usuario, que responder\u00e1 en todo caso de los da\u00f1os y perjuicios que pueda causar a terceros o a nosotros mismos.<\/p>\n<p>El USUARIO tiene expresamente prohibido la utilizaci\u00f3n y obtenci\u00f3n de los servicios y contenidos ofrecidos en la presente p\u00e1gina web, por procedimientos distintos a los estipulados en las presentes condiciones de uso.<\/p>\n<p>Teniendo en cuenta la imposibilidad de control respecto a la informaci\u00f3n, contenidos y servicios que contengan otras p\u00e1ginas web a los que se pueda acceder a trav\u00e9s de los enlaces que nuestra p\u00e1gina web pueda poner a su disposici\u00f3n, le comunicamos que quedamos eximidos de cualquier responsabilidad por los da\u00f1os y perjuicios de toda clase que pudiesen derivar por la utilizaci\u00f3n de esas p\u00e1ginas web, ajenas a nuestra empresa, por parte del usuario.<\/p>\n<p>D\u2019ALEPH se reserva el derecho unilateral y sin preaviso de dar de baja a cualquier USUARIO que la organizaci\u00f3n entienda que ha vulnerado las condiciones que rigen el uso de nuestra p\u00e1gina web, sin que el USUARIO tenga derecho a reclamaci\u00f3n de ning\u00fan tipo por este tipo de acciones. Asimismo, se reserva el derecho de ejercitar las acciones legales oportunas contra aquellos que vulneren las presentes condiciones generales de uso, aceptando el USUARIO que la no iniciaci\u00f3n de estas acciones no constituye una renuncia formal a los mismas, permaneciendo \u00e9stas vigentes hasta los plazos legales de prescripci\u00f3n de las infracciones.<\/p>\n<h4><strong>POL\u00cdTICA DE PRIVACIDAD<\/strong><\/h4>\n<p>La confidencialidad y la seguridad son valores primordiales de D\u2019ALEPH y, en consecuencia, asumimos el compromiso de garantizar la privacidad del Usuario en todo momento y de no recabar informaci\u00f3n innecesaria. A continuaci\u00f3n, le proporcionamos toda la informaci\u00f3n necesaria sobre nuestra Pol\u00edtica de Privacidad en relaci\u00f3n con los datos personales que recabamos, explic\u00e1ndole:<\/p>\n<ul>\n<li>Qui\u00e9n es el responsable del tratamiento de sus datos.<\/li>\n<li>Para qu\u00e9 finalidades recabamos los datos que le solicitamos.<\/li>\n<li>Cu\u00e1l es la legitimaci\u00f3n para su tratamiento.<\/li>\n<li>Durante cu\u00e1nto tiempo los conservamos.<\/li>\n<li>\u00a0A qu\u00e9 destinatarios se comunican sus datos.<\/li>\n<li>Cu\u00e1les son sus derechos y c\u00f3mo ejercerlos.<\/li>\n<\/ul>\n<ol>\n<li>RESPONSABLE: ver datos en el encabezamiento.<\/li>\n<li>FINALIDADES, LEGITIMACI\u00d3N Y CONSERVACI\u00d3N\u00a0 de los tratamientos de los datos enviados a trav\u00e9s de:<\/li>\n<\/ol>\n<p><u>Formulario de Contacto<\/u>.<\/p>\n<p>Finalidad: Facilitarle un medio para que pueda ponerse en contacto con nosotros y contestar a sus solicitudes de informaci\u00f3n, as\u00ed como enviarle comunicaciones de nuestros productos, servicios y actividades, inclusive por medios electr\u00f3nicos (correo electr\u00f3nico, SMS, whatsApp), si marca la casilla de aceptaci\u00f3n.<\/p>\n<p>Legitimaci\u00f3n: El consentimiento del usuario al solicitarnos informaci\u00f3n a trav\u00e9s de nuestro formulario de contactos y al marcar la casilla de aceptaci\u00f3n de env\u00edo de informaci\u00f3n.<\/p>\n<p>Conservaci\u00f3n: Una vez resuelta su solicitud por medio de nuestro formulario o contestada por correo electr\u00f3nico, si no ha generado un nuevo tratamiento, y en caso de haber aceptado recibir env\u00edos comerciales, hasta que solicite la baja de los mismos.<\/p>\n<ul>\n<li><u>Env\u00edo de correos electr\u00f3nicos.<\/u><\/li>\n<\/ul>\n<p>Finalidad: Contestar a sus solicitudes de informaci\u00f3n, atender sus peticiones y responder sus consultas o dudas.\u00a0\u00a0En caso de recibir su Curr\u00edculum Vitae, sus datos personales y curriculares podr\u00e1n formar parte de nuestras bases de datos para participar en nuestros procesos de selecci\u00f3n presentes y futuros.<\/p>\n<p>Legitimaci\u00f3n: El consentimiento del usuario al solicitarnos informaci\u00f3n a trav\u00e9s de la direcci\u00f3n de correo electr\u00f3nico o enviarnos sus datos y CV para participar en nuestros procesos de selecci\u00f3n.<\/p>\n<p>Conservaci\u00f3n: Una vez resulta contestada su petici\u00f3n por correo electr\u00f3nico, si no ha generado un nuevo tratamiento. En el caso de recibir su CV, sus datos podr\u00e1n ser conservados durante un a\u00f1o m\u00e1ximo para futuros procesos de selecci\u00f3n.<\/p>\n<ul>\n<li><u>Formulario de comentarios (blog).<\/u><\/li>\n<\/ul>\n<p>Finalidad: Publicar su comentario en la secci\u00f3n del blog de la p\u00e1gina web.<\/p>\n<p>Legitimaci\u00f3n: El consentimiento del usuario al enviar sus datos personales y comentarios en la publicaci\u00f3n correspondiente.<\/p>\n<p>Conservaci\u00f3n: Mientras la publicaci\u00f3n en el blog est\u00e9 publicada en la p\u00e1gina web.<\/p>\n<p><strong>Obligaci\u00f3n de facilitarnos sus datos personales y consecuencias de no hacerlo.<\/strong><\/p>\n<p>El suministro de datos personales requiere una edad m\u00ednima de 14 a\u00f1os, o en su caso, disponer de capacidad jur\u00eddica suficiente para contratar.<\/p>\n<p>Los datos personales solicitados son necesarios para gestionar sus solicitudes, darle de alta como usuario y\/o prestarle los servicios que pueda contratar, por lo que, si no nos los facilita, no podremos atenderle correctamente ni prestarle el servicio que ha solicitado.<\/p>\n<p>En todo caso, nos reservamos el derecho\u00a0de decidir sobre la incorporaci\u00f3n o no de sus datos personales y dem\u00e1s informaci\u00f3n\u00a0a nuestras bases de datos.<\/p>\n<p>Respecto a los comentarios en el blog, no se publicar\u00e1n contenidos que puedan resultar il\u00edcitos, ilegales, contrarios a la moral o al orden p\u00fablico o que resulten inapropiados.<\/p>\n<ol start=\"3\">\n<li>DESTINATARIOS DE SUS DATOS.<\/li>\n<\/ol>\n<p>Sus datos son confidenciales y no se ceder\u00e1n a terceros, salvo que exista obligaci\u00f3n legal.<\/p>\n<p>Los datos personales y comentarios enviados mediante el formulario de participaci\u00f3n en el blog se publicar\u00e1n en el mismo y ser\u00e1n visibles para los dem\u00e1s participantes.<\/p>\n<ol start=\"4\">\n<li>DERECHOS EN RELACI\u00d3N CON SUS DATOS PERSONALES.<\/li>\n<\/ol>\n<p>Cualquier persona puede retirar su consentimiento en cualquier momento, cuando el mismo se haya otorgado para el tratamiento de sus datos. En ning\u00fan caso, la retirada de este consentimiento condiciona la ejecuci\u00f3n del contrato de suscripci\u00f3n o las relaciones generadas con anterioridad.<\/p>\n<p>Igualmente, puede ejercer los siguientes derechos:<\/p>\n<ul>\n<li>Solicitar el acceso a sus datos personales o su rectificaci\u00f3n cuando sean inexactos.<\/li>\n<li>Solicitar su supresi\u00f3n cuando, entre otros motivos, los datos ya no sean necesarios para los fines para los que fueron recogidos.<\/li>\n<li>Solicitar la limitaci\u00f3n de su tratamiento en determinadas circunstancias.<\/li>\n<li>Solicitar la oposici\u00f3n al tratamiento de sus datos por motivos relacionados con su situaci\u00f3n particular.<\/li>\n<li>Solicitar la portabilidad de los datos en los casos previstos en la normativa.<\/li>\n<li>Otros derechos reconocidos en las normativas aplicables.<\/li>\n<\/ul>\n<p><u>D\u00f3nde y c\u00f3mo solicitar sus Derechos<\/u>: Mediante un escrito dirigido al responsable a su direcci\u00f3n postal o electr\u00f3nica (indicadas en el apartado A), indicando la referencia \u201cDatos Personales\u201d, especificando el derecho que se quiere ejercer y respecto a qu\u00e9 datos personales.<\/p>\n<p>En caso de divergencias con la empresa en relaci\u00f3n con el tratamiento de sus datos, puede presentar una reclamaci\u00f3n ante la Agencia de Protecci\u00f3n de Datos (www.agpd.es).<\/p>\n<ol start=\"5\">\n<li>SEGURIDAD DE SUS DATOS PERSONALES<\/li>\n<\/ol>\n<p>Con el objetivo de salvaguardar la seguridad de sus datos personales, le informamos que hemos adoptado todas las medidas de \u00edndole t\u00e9cnica y organizativa necesarias para garantizar la seguridad de los datos personales suministrados de su alteraci\u00f3n, p\u00e9rdida y tratamientos o accesos no autorizados.<\/p>\n<ol start=\"6\">\n<li>ACTUALIZACI\u00d3N DE SUS DATOS<\/li>\n<\/ol>\n<p>Es importante que para que podamos mantener sus datos personales actualizados, nos informe siempre que haya habido alguna modificaci\u00f3n en ellos, en caso contrario, no respondemos de la veracidad de los mismos.<\/p>\n<p>No nos hacemos responsables de la pol\u00edtica de privacidad respecto a los datos personales que pueda facilitar a terceros por medio de los enlaces disponibles en nuestra p\u00e1gina web.<\/p>\n<p>La presente Pol\u00edtica de Privacidad puede ser modificada para adaptarlas a los cambios que se produzca en nuestra web, as\u00ed como modificaciones legislativas o jurisprudenciales sobre datos personales que vayan apareciendo, por lo que exige su lectura, cada vez que nos facilite sus datos a trav\u00e9s de esta Web.<\/p>\n<h4><strong>RESPONSABILIDADES<\/strong><\/h4>\n<p>Al poner a disposici\u00f3n del usuario esta p\u00e1gina Web queremos ofrecerle un servicio de calidad, utilizando la m\u00e1xima diligencia en la prestaci\u00f3n del mismo, as\u00ed como en los medios tecnol\u00f3gicos utilizados. No obstante, no responderemos de la presencia de virus y otros elementos que de alg\u00fan modo puedan da\u00f1ar el sistema inform\u00e1tico del usuario.<\/p>\n<p>El USUARIO asume la exenci\u00f3n de cualquier responsabilidad de D\u2019ALEPH por causas de fuerza mayor, incluidos los fallos tecnol\u00f3gicos propios o ajenos derivados del estado actual de la tecnolog\u00eda.<\/p>\n<p>No garantizamos que la disponibilidad del servicio sea continua e ininterrumpida.<\/p>\n<p>A pesar de la toma de todas las precauciones, no podemos garantizar la veracidad, exactitud y actualizaci\u00f3n de toda la informaci\u00f3n publicada como tampoco de la falta de errores u omisiones. En este sentido, D\u2019ALEPH no asume ninguna responsabilidad derivada, o que se pudiera derivar, de la utilizaci\u00f3n que los usuarios hagan de las informaciones, contenidos, valoraciones, opiniones y comentarios publicados en el blog.<\/p>\n<p>El USUARIO tiene prohibido cualquier tipo de acci\u00f3n sobre nuestro portal que origine una excesiva sobrecarga de funcionamiento a nuestros sistemas inform\u00e1ticos, as\u00ed como la introducci\u00f3n de virus, o instalaci\u00f3n de robots, o software que altere el normal funcionamiento de nuestra web, o en definitiva pueda causar da\u00f1os a nuestros sistemas inform\u00e1ticos.<\/p>\n<p>El USUARIO asume toda la responsabilidad derivada del uso de nuestra p\u00e1gina web,siendo el \u00fanico responsable de todo efecto directo o indirecto que sobre la p\u00e1gina web se derive, incluyendo, de forma enunciativa y no limitativa, todo resultado econ\u00f3mico, t\u00e9cnico y\/o jur\u00eddico adverso, as\u00ed como la defraudaci\u00f3n de las expectativas generadas por nuestro portal, oblig\u00e1ndose el USUARIO a mantener indemne a D\u2019ALEPH por cualesquiera reclamaciones derivadas, directa o indirectamente de tales hechos.<\/p>\n<p>D\u2019ALEPH queda exonerada de cualquier responsabilidad derivada de cualquier reclamaci\u00f3n, incluido el pago de honorarios a abogados, por las demandas y reclamaciones originadas por terceros por el incumplimiento por parte del USUARIO de nuestras condiciones de uso, acceso y pol\u00edtica de privacidad, o cualesquiera otras reclamaciones por el incumplimiento de la legislaci\u00f3n vigente.<\/p>\n<p>El USUARIO reconoce que ha entendido toda la informaci\u00f3n respecto a las condiciones de uso de nuestro portal, y reconoce que son suficientes para la exclusi\u00f3n del error en las mismas, y por lo tanto, las acepta integra y expresamente.<\/p>\n<p>El USUARIO es plenamente consciente de que la mera navegaci\u00f3n por la presente p\u00e1gina web, as\u00ed como la utilizaci\u00f3n de sus servicios, implica la aceptaci\u00f3n de las presentes condiciones de uso.<\/p>\n<p>Todo lo referente a nuestra p\u00e1gina web, se rige exclusivamente por las leyes espa\u00f1olas. En el caso de que se produzca cualquier tipo de discrepancia o diferencia entre las partes en relaci\u00f3n con la interpretaci\u00f3n y contenido de la presente p\u00e1gina web, todas las partes se someten, con renuncia expresa a cualquier otro fuero, a los Juzgados y Tribunales de Barcelona.<\/p>\n<h4><strong>VIGENCIA DE LAS CONDICIONES GENERALES DE ACCESO A LA WEB<\/strong><\/h4>\n<p>Las presentes Condiciones Generales de Uso han sido modificadas con fecha 10\/05\/2018. En cualquier momento podemos proceder a su modificaci\u00f3n: por favor, compruebe la fecha de emisi\u00f3n en cada ocasi\u00f3n en que se conecte a nuestra p\u00e1gina Web y as\u00ed tendr\u00e1 la certeza de que no se ha producido modificaci\u00f3n alguna que le afecte.<\/p>\n<p>Para cualquier cuesti\u00f3n respecto a las Condiciones de Uso de nuestra p\u00e1gina web, puede ponerse en contacto con nosotros en los datos arriba indicados.[\/vc_column_text][\/vc_column][\/vc_row][vc_row][vc_column]<style>.ld_spacer_69fc8564d69e7{height:100px;}<\/style>\n<div class=\"ld-empty-space ld_spacer_69fc8564d69e7\"><\/div>[\/vc_column][\/vc_row]<\/p>\n","protected":false},"excerpt":{"rendered":"<p>[vc_row][vc_column][\/vc_column][\/vc_row][vc_row][vc_column][vc_column_text]En virtud de la Ley 34\/2002 de Servicios de la Sociedad de la Informaci\u00f3n y del Comercio Electr\u00f3nico esta p\u00e1gina Web es propiedad de D\u2019ALEPH INICIATIVAS Y ORGANIZACI\u00d3N, S.A. (en adelante D\u2019ALEPH) con NIF n\u00ba A63141170 y domicilio en la calle Angl\u00ed, 31, 4t 1\u00aa de 08017 Barcelona Inscrita en el Registro Mercantil de Barcelona [&hellip;]<\/p>\n","protected":false},"author":1,"featured_media":0,"parent":0,"menu_order":0,"comment_status":"closed","ping_status":"closed","template":"","meta":{"inline_featured_image":false,"footnotes":""},"class_list":["post-82","page","type-page","status-publish","hentry"],"yoast_head":"<!-- This site is optimized with the Yoast SEO plugin v19.9 - https:\/\/yoast.com\/wordpress\/plugins\/seo\/ -->\n<title>Aviso Legal - Plan Antifraude<\/title>\n<meta name=\"robots\" content=\"noindex, follow\" \/>\n<meta property=\"og:locale\" content=\"es_ES\" \/>\n<meta property=\"og:type\" content=\"article\" \/>\n<meta property=\"og:title\" content=\"Aviso Legal - Plan Antifraude\" \/>\n<meta property=\"og:description\" content=\"[vc_row][vc_column][\/vc_column][\/vc_row][vc_row][vc_column][vc_column_text]En virtud de la Ley 34\/2002 de Servicios de la Sociedad de la Informaci\u00f3n y del Comercio Electr\u00f3nico esta p\u00e1gina Web es propiedad de D\u2019ALEPH INICIATIVAS Y ORGANIZACI\u00d3N, S.A. (en adelante D\u2019ALEPH) con NIF n\u00ba A63141170 y domicilio en la calle Angl\u00ed, 31, 4t 1\u00aa de 08017 Barcelona Inscrita en el Registro Mercantil de Barcelona [&hellip;]\" \/>\n<meta property=\"og:url\" content=\"https:\/\/www.planantifraude.com.es\/es\/aviso-legal\/\" \/>\n<meta property=\"og:site_name\" content=\"Plan Antifraude\" \/>\n<meta property=\"article:modified_time\" content=\"2022-03-09T10:21:24+00:00\" \/>\n<meta name=\"twitter:card\" content=\"summary_large_image\" \/>\n<meta name=\"twitter:label1\" content=\"Tiempo de lectura\" \/>\n\t<meta name=\"twitter:data1\" content=\"12 minutos\" \/>\n<script type=\"application\/ld+json\" class=\"yoast-schema-graph\">{\"@context\":\"https:\/\/schema.org\",\"@graph\":[{\"@type\":\"WebPage\",\"@id\":\"https:\/\/www.planantifraude.com.es\/es\/aviso-legal\/\",\"url\":\"https:\/\/www.planantifraude.com.es\/es\/aviso-legal\/\",\"name\":\"Aviso Legal - Plan Antifraude\",\"isPartOf\":{\"@id\":\"https:\/\/www.planantifraude.com.es\/es\/#website\"},\"datePublished\":\"2022-02-14T11:21:03+00:00\",\"dateModified\":\"2022-03-09T10:21:24+00:00\",\"breadcrumb\":{\"@id\":\"https:\/\/www.planantifraude.com.es\/es\/aviso-legal\/#breadcrumb\"},\"inLanguage\":\"es\",\"potentialAction\":[{\"@type\":\"ReadAction\",\"target\":[\"https:\/\/www.planantifraude.com.es\/es\/aviso-legal\/\"]}]},{\"@type\":\"BreadcrumbList\",\"@id\":\"https:\/\/www.planantifraude.com.es\/es\/aviso-legal\/#breadcrumb\",\"itemListElement\":[{\"@type\":\"ListItem\",\"position\":1,\"name\":\"Portada\",\"item\":\"https:\/\/www.planantifraude.com.es\/es\/\"},{\"@type\":\"ListItem\",\"position\":2,\"name\":\"Aviso Legal\"}]},{\"@type\":\"WebSite\",\"@id\":\"https:\/\/www.planantifraude.com.es\/es\/#website\",\"url\":\"https:\/\/www.planantifraude.com.es\/es\/\",\"name\":\"Plan Antifraude\",\"description\":\"Just another WordPress site\",\"publisher\":{\"@id\":\"https:\/\/www.planantifraude.com.es\/es\/#organization\"},\"potentialAction\":[{\"@type\":\"SearchAction\",\"target\":{\"@type\":\"EntryPoint\",\"urlTemplate\":\"https:\/\/www.planantifraude.com.es\/es\/?s={search_term_string}\"},\"query-input\":\"required name=search_term_string\"}],\"inLanguage\":\"es\"},{\"@type\":\"Organization\",\"@id\":\"https:\/\/www.planantifraude.com.es\/es\/#organization\",\"name\":\"Plan Antifraude Daleph\",\"url\":\"https:\/\/www.planantifraude.com.es\/es\/\",\"logo\":{\"@type\":\"ImageObject\",\"inLanguage\":\"es\",\"@id\":\"https:\/\/www.planantifraude.com.es\/es\/#\/schema\/logo\/image\/\",\"url\":\"https:\/\/www.planantifraude.com.es\/wp-content\/uploads\/2022\/02\/Logo-Daleph-Antifraude-02.svg\",\"contentUrl\":\"https:\/\/www.planantifraude.com.es\/wp-content\/uploads\/2022\/02\/Logo-Daleph-Antifraude-02.svg\",\"width\":\"1024\",\"height\":\"1024\",\"caption\":\"Plan Antifraude Daleph\"},\"image\":{\"@id\":\"https:\/\/www.planantifraude.com.es\/es\/#\/schema\/logo\/image\/\"}}]}<\/script>\n<!-- \/ Yoast SEO plugin. -->","yoast_head_json":{"title":"Aviso Legal - Plan Antifraude","robots":{"index":"noindex","follow":"follow"},"og_locale":"es_ES","og_type":"article","og_title":"Aviso Legal - Plan Antifraude","og_description":"[vc_row][vc_column][\/vc_column][\/vc_row][vc_row][vc_column][vc_column_text]En virtud de la Ley 34\/2002 de Servicios de la Sociedad de la Informaci\u00f3n y del Comercio Electr\u00f3nico esta p\u00e1gina Web es propiedad de D\u2019ALEPH INICIATIVAS Y ORGANIZACI\u00d3N, S.A. (en adelante D\u2019ALEPH) con NIF n\u00ba A63141170 y domicilio en la calle Angl\u00ed, 31, 4t 1\u00aa de 08017 Barcelona Inscrita en el Registro Mercantil de Barcelona [&hellip;]","og_url":"https:\/\/www.planantifraude.com.es\/es\/aviso-legal\/","og_site_name":"Plan Antifraude","article_modified_time":"2022-03-09T10:21:24+00:00","twitter_card":"summary_large_image","twitter_misc":{"Tiempo de lectura":"12 minutos"},"schema":{"@context":"https:\/\/schema.org","@graph":[{"@type":"WebPage","@id":"https:\/\/www.planantifraude.com.es\/es\/aviso-legal\/","url":"https:\/\/www.planantifraude.com.es\/es\/aviso-legal\/","name":"Aviso Legal - Plan Antifraude","isPartOf":{"@id":"https:\/\/www.planantifraude.com.es\/es\/#website"},"datePublished":"2022-02-14T11:21:03+00:00","dateModified":"2022-03-09T10:21:24+00:00","breadcrumb":{"@id":"https:\/\/www.planantifraude.com.es\/es\/aviso-legal\/#breadcrumb"},"inLanguage":"es","potentialAction":[{"@type":"ReadAction","target":["https:\/\/www.planantifraude.com.es\/es\/aviso-legal\/"]}]},{"@type":"BreadcrumbList","@id":"https:\/\/www.planantifraude.com.es\/es\/aviso-legal\/#breadcrumb","itemListElement":[{"@type":"ListItem","position":1,"name":"Portada","item":"https:\/\/www.planantifraude.com.es\/es\/"},{"@type":"ListItem","position":2,"name":"Aviso Legal"}]},{"@type":"WebSite","@id":"https:\/\/www.planantifraude.com.es\/es\/#website","url":"https:\/\/www.planantifraude.com.es\/es\/","name":"Plan Antifraude","description":"Just another WordPress site","publisher":{"@id":"https:\/\/www.planantifraude.com.es\/es\/#organization"},"potentialAction":[{"@type":"SearchAction","target":{"@type":"EntryPoint","urlTemplate":"https:\/\/www.planantifraude.com.es\/es\/?s={search_term_string}"},"query-input":"required name=search_term_string"}],"inLanguage":"es"},{"@type":"Organization","@id":"https:\/\/www.planantifraude.com.es\/es\/#organization","name":"Plan Antifraude Daleph","url":"https:\/\/www.planantifraude.com.es\/es\/","logo":{"@type":"ImageObject","inLanguage":"es","@id":"https:\/\/www.planantifraude.com.es\/es\/#\/schema\/logo\/image\/","url":"https:\/\/www.planantifraude.com.es\/wp-content\/uploads\/2022\/02\/Logo-Daleph-Antifraude-02.svg","contentUrl":"https:\/\/www.planantifraude.com.es\/wp-content\/uploads\/2022\/02\/Logo-Daleph-Antifraude-02.svg","width":"1024","height":"1024","caption":"Plan Antifraude Daleph"},"image":{"@id":"https:\/\/www.planantifraude.com.es\/es\/#\/schema\/logo\/image\/"}}]}},"_links":{"self":[{"href":"https:\/\/www.planantifraude.com.es\/es\/wp-json\/wp\/v2\/pages\/82","targetHints":{"allow":["GET"]}}],"collection":[{"href":"https:\/\/www.planantifraude.com.es\/es\/wp-json\/wp\/v2\/pages"}],"about":[{"href":"https:\/\/www.planantifraude.com.es\/es\/wp-json\/wp\/v2\/types\/page"}],"author":[{"embeddable":true,"href":"https:\/\/www.planantifraude.com.es\/es\/wp-json\/wp\/v2\/users\/1"}],"replies":[{"embeddable":true,"href":"https:\/\/www.planantifraude.com.es\/es\/wp-json\/wp\/v2\/comments?post=82"}],"version-history":[{"count":0,"href":"https:\/\/www.planantifraude.com.es\/es\/wp-json\/wp\/v2\/pages\/82\/revisions"}],"wp:attachment":[{"href":"https:\/\/www.planantifraude.com.es\/es\/wp-json\/wp\/v2\/media?parent=82"}],"curies":[{"name":"wp","href":"https:\/\/api.w.org\/{rel}","templated":true}]}}