{"id":84,"date":"2022-02-14T12:21:21","date_gmt":"2022-02-14T11:21:21","guid":{"rendered":"https:\/\/antifraude.mmkt.dev\/?page_id=84"},"modified":"2022-03-09T11:19:48","modified_gmt":"2022-03-09T10:19:48","slug":"politica-de-cookies","status":"publish","type":"page","link":"https:\/\/www.planantifraude.com.es\/es\/politica-de-cookies\/","title":{"rendered":"Pol\u00edtica de Cookies"},"content":{"rendered":"<p>[vc_row][vc_column]<style>.ld_spacer_69fc857aaedd6{height:100px;}<\/style>\n<div class=\"ld-empty-space ld_spacer_69fc857aaedd6\"><\/div>[\/vc_column][\/vc_row][vc_row][vc_column][vc_column_text]<strong>IMPORTANTE<\/strong>:\u00a0Las cookies no se pueden instalar hasta que el usuario las acepte. Si tiene configuradas cookies que no sean t\u00e9cnicas o necesarias para le funcionamiento b\u00e1sico de la p\u00e1gina web, el usuario debe poder elegir que no se instalen en su sistema.<\/p>\n<h4><strong>INFORMACI\u00d3N DEL USO DE COOKIES<\/strong><\/h4>\n<p>Las cookies son breves informaciones que se env\u00edan y almacenan en el disco duro del ordenador del usuario a trav\u00e9s de su navegador cuando \u00e9ste se conecta a una web. Las cookies se pueden utilizar para recabar y almacenar datos del usuario mientras est\u00e1 conectado para facilitarle los servicios solicitados y que no se suelen conservar (Cookies de sesi\u00f3n), o para conservar los datos del usuario para otro tipo de servicios futuros y que se pueden conservar por tiempo indefinido (Cookies persistentes). Las cookies pueden ser propias o de terceros.<\/p>\n<p>Existen varios tipos de cookies:<\/p>\n<ul>\n<li>Cookies t\u00e9cnicas que facilitan la navegaci\u00f3n del usuario y la utilizaci\u00f3n de las diferentes opciones o servicios que ofrece la web como identificar la sesi\u00f3n, permitir el acceso a determinadas \u00e1reas, facilitar pedidos, compras, cumplimentaci\u00f3n de formularios, inscripciones, seguridad, facilitar funcionalidades (videos, redes sociales\u2026).<\/li>\n<li>Cookies de personalizaci\u00f3n que permiten al usuario acceder a los servicios seg\u00fan sus preferencias (idioma, navegador, configuraci\u00f3n\u2026).<\/li>\n<li>Cookies de an\u00e1lisis que permiten el an\u00e1lisis an\u00f3nimo del comportamiento de los usuarios de la web y que permiten medir la actividad del usuario y elaborar perfiles de navegaci\u00f3n con el fin objetivo de mejorar los sitios web.<\/li>\n<li>Cookies publicitarias que permiten la gesti\u00f3n de los espacios publicitarios de la web.<\/li>\n<li>Cookies de publicidad personalizada que permiten la gesti\u00f3n de los espacios publicitarios de la web en base al comportamiento y h\u00e1bitos de navegaci\u00f3n de usuario, de donde se obtiene su perfil y permiten personalizar la publicidad que se muestra en el navegador del usuario.<\/li>\n<\/ul>\n<p><strong>D\u2019ALEPH utiliza cookies t\u00e9cnicas, de personalizaci\u00f3n y de an\u00e1lisis, propias y de terceros, que en ning\u00fan caso tratan datos de car\u00e1cter personal, pero captan h\u00e1bitos de navegaci\u00f3n para fines estad\u00edsticos.<\/strong><\/p>\n<p>Por ello, al acceder a nuestra web, en cumplimiento del art\u00edculo 22 de la Ley de Servicios de la Sociedad de la Informaci\u00f3n le hemos solicitado su consentimiento para su uso.<\/p>\n<p>De todas formas, le informamos que puede activar o desactivar y estas cookies siguiendo las instrucciones de su navegador de Internet:<\/p>\n<ul>\n<li>Chrome: Configuraci\u00f3n -&gt; Mostrar opciones avanzadas -&gt; Privacidad -&gt; Configuraci\u00f3n de contenido.<\/li>\n<li>Firefox: Herramientas -&gt; Opciones -&gt; Privacidad -&gt; Historial -&gt; Configuraci\u00f3n Personalizada.<\/li>\n<li>Internet Explorer: Herramientas -&gt; Opciones de Internet -&gt; Privacidad -&gt; Configuraci\u00f3n.<\/li>\n<li>Safari: Preferencias -&gt; Seguridad.<\/li>\n<li>Opera: Herramientas -&gt; Preferencias -&gt; Editar preferencias &gt; Cookies<\/li>\n<li>Edge: Configuraci\u00f3n -&gt; Ver configuraci\u00f3n avanzada -&gt; Privacidad y servicios -&gt; Cookies<\/li>\n<\/ul>\n<p>Para m\u00e1s informaci\u00f3n, puede consultar en la Ayuda de su navegador o en las p\u00e1ginas de soporte de los mismos:<\/p>\n<ul>\n<li>Chrome:\u00a0<a href=\"https:\/\/rgpd.lant-abogados.com\/Users\/javierdelamora\/Desktop\/CLUB%20PORSCHE\/support.google.com%E6%A5%BA%E6%B1%AC%E2%B9%A1%E7%89%AFg\">google.com<\/a><\/li>\n<li>FireFox:\u00a0<a href=\"https:\/\/rgpd.lant-abogados.com\/Users\/javierdelamora\/Desktop\/CLUB%20PORSCHE\/support.mozilla.org%E7%89%A3%E7%8D%AF%E6%99%AF%E2%B9%B4%E6%BD%A3m%E9%89%90%E3%A6%A7%01\">mozilla.org<\/a><\/li>\n<li>Internet Explorer:\u00a0<a href=\"https:\/\/rgpd.lant-abogados.com\/Users\/javierdelamora\/Desktop\/CLUB%20PORSCHE\/windows.microsoft.com\">microsoft.com<\/a><\/li>\n<li>Safari:\u00a0<a href=\"http:\/\/www.apple.com\/\">http:\/\/www.apple.com<\/a><\/li>\n<li>Opera:\u00a0<a href=\"http:\/\/www.opera.com\/help\/tutorials\/security\/cookies\/\">http:\/\/www.opera.com\/help\/tutorials\/security\/cookies\/<\/a><\/li>\n<li>Edge:\u00a0<a href=\"https:\/\/privacy.microsoft.com\/es-es\/windows-10-microsoft-edge-and-privacy\">https:\/\/privacy.microsoft.com\/es-es\/windows-10-microsoft-edge-and-privacy<\/a><\/li>\n<\/ul>\n<p>[\/vc_column_text][\/vc_column][\/vc_row][vc_row][vc_column]<style>.ld_spacer_69fc857aaee99{height:100px;}<\/style>\n<div class=\"ld-empty-space ld_spacer_69fc857aaee99\"><\/div>[\/vc_column][\/vc_row]<\/p>\n","protected":false},"excerpt":{"rendered":"<p>[vc_row][vc_column][\/vc_column][\/vc_row][vc_row][vc_column][vc_column_text]IMPORTANTE:\u00a0Las cookies no se pueden instalar hasta que el usuario las acepte. Si tiene configuradas cookies que no sean t\u00e9cnicas o necesarias para le funcionamiento b\u00e1sico de la p\u00e1gina web, el usuario debe poder elegir que no se instalen en su sistema. INFORMACI\u00d3N DEL USO DE COOKIES Las cookies son breves informaciones que se env\u00edan [&hellip;]<\/p>\n","protected":false},"author":1,"featured_media":0,"parent":0,"menu_order":0,"comment_status":"closed","ping_status":"closed","template":"","meta":{"inline_featured_image":false,"footnotes":""},"class_list":["post-84","page","type-page","status-publish","hentry"],"yoast_head":"<!-- This site is optimized with the Yoast SEO plugin v19.9 - https:\/\/yoast.com\/wordpress\/plugins\/seo\/ -->\n<title>Pol\u00edtica de Cookies - Plan Antifraude<\/title>\n<meta name=\"robots\" content=\"noindex, follow\" \/>\n<meta property=\"og:locale\" content=\"es_ES\" \/>\n<meta property=\"og:type\" content=\"article\" \/>\n<meta property=\"og:title\" content=\"Pol\u00edtica de Cookies - Plan Antifraude\" \/>\n<meta property=\"og:description\" content=\"[vc_row][vc_column][\/vc_column][\/vc_row][vc_row][vc_column][vc_column_text]IMPORTANTE:\u00a0Las cookies no se pueden instalar hasta que el usuario las acepte. Si tiene configuradas cookies que no sean t\u00e9cnicas o necesarias para le funcionamiento b\u00e1sico de la p\u00e1gina web, el usuario debe poder elegir que no se instalen en su sistema. INFORMACI\u00d3N DEL USO DE COOKIES Las cookies son breves informaciones que se env\u00edan [&hellip;]\" \/>\n<meta property=\"og:url\" content=\"https:\/\/www.planantifraude.com.es\/es\/politica-de-cookies\/\" \/>\n<meta property=\"og:site_name\" content=\"Plan Antifraude\" \/>\n<meta property=\"article:modified_time\" content=\"2022-03-09T10:19:48+00:00\" \/>\n<meta name=\"twitter:card\" content=\"summary_large_image\" \/>\n<meta name=\"twitter:label1\" content=\"Tiempo de lectura\" \/>\n\t<meta name=\"twitter:data1\" content=\"3 minutos\" \/>\n<script type=\"application\/ld+json\" class=\"yoast-schema-graph\">{\"@context\":\"https:\/\/schema.org\",\"@graph\":[{\"@type\":\"WebPage\",\"@id\":\"https:\/\/www.planantifraude.com.es\/es\/politica-de-cookies\/\",\"url\":\"https:\/\/www.planantifraude.com.es\/es\/politica-de-cookies\/\",\"name\":\"Pol\u00edtica de Cookies - Plan Antifraude\",\"isPartOf\":{\"@id\":\"https:\/\/www.planantifraude.com.es\/es\/#website\"},\"datePublished\":\"2022-02-14T11:21:21+00:00\",\"dateModified\":\"2022-03-09T10:19:48+00:00\",\"breadcrumb\":{\"@id\":\"https:\/\/www.planantifraude.com.es\/es\/politica-de-cookies\/#breadcrumb\"},\"inLanguage\":\"es\",\"potentialAction\":[{\"@type\":\"ReadAction\",\"target\":[\"https:\/\/www.planantifraude.com.es\/es\/politica-de-cookies\/\"]}]},{\"@type\":\"BreadcrumbList\",\"@id\":\"https:\/\/www.planantifraude.com.es\/es\/politica-de-cookies\/#breadcrumb\",\"itemListElement\":[{\"@type\":\"ListItem\",\"position\":1,\"name\":\"Portada\",\"item\":\"https:\/\/www.planantifraude.com.es\/es\/\"},{\"@type\":\"ListItem\",\"position\":2,\"name\":\"Pol\u00edtica de Cookies\"}]},{\"@type\":\"WebSite\",\"@id\":\"https:\/\/www.planantifraude.com.es\/es\/#website\",\"url\":\"https:\/\/www.planantifraude.com.es\/es\/\",\"name\":\"Plan Antifraude\",\"description\":\"Just another WordPress site\",\"publisher\":{\"@id\":\"https:\/\/www.planantifraude.com.es\/es\/#organization\"},\"potentialAction\":[{\"@type\":\"SearchAction\",\"target\":{\"@type\":\"EntryPoint\",\"urlTemplate\":\"https:\/\/www.planantifraude.com.es\/es\/?s={search_term_string}\"},\"query-input\":\"required name=search_term_string\"}],\"inLanguage\":\"es\"},{\"@type\":\"Organization\",\"@id\":\"https:\/\/www.planantifraude.com.es\/es\/#organization\",\"name\":\"Plan Antifraude Daleph\",\"url\":\"https:\/\/www.planantifraude.com.es\/es\/\",\"logo\":{\"@type\":\"ImageObject\",\"inLanguage\":\"es\",\"@id\":\"https:\/\/www.planantifraude.com.es\/es\/#\/schema\/logo\/image\/\",\"url\":\"https:\/\/www.planantifraude.com.es\/wp-content\/uploads\/2022\/02\/Logo-Daleph-Antifraude-02.svg\",\"contentUrl\":\"https:\/\/www.planantifraude.com.es\/wp-content\/uploads\/2022\/02\/Logo-Daleph-Antifraude-02.svg\",\"width\":\"1024\",\"height\":\"1024\",\"caption\":\"Plan Antifraude Daleph\"},\"image\":{\"@id\":\"https:\/\/www.planantifraude.com.es\/es\/#\/schema\/logo\/image\/\"}}]}<\/script>\n<!-- \/ Yoast SEO plugin. -->","yoast_head_json":{"title":"Pol\u00edtica de Cookies - Plan Antifraude","robots":{"index":"noindex","follow":"follow"},"og_locale":"es_ES","og_type":"article","og_title":"Pol\u00edtica de Cookies - Plan Antifraude","og_description":"[vc_row][vc_column][\/vc_column][\/vc_row][vc_row][vc_column][vc_column_text]IMPORTANTE:\u00a0Las cookies no se pueden instalar hasta que el usuario las acepte. Si tiene configuradas cookies que no sean t\u00e9cnicas o necesarias para le funcionamiento b\u00e1sico de la p\u00e1gina web, el usuario debe poder elegir que no se instalen en su sistema. INFORMACI\u00d3N DEL USO DE COOKIES Las cookies son breves informaciones que se env\u00edan [&hellip;]","og_url":"https:\/\/www.planantifraude.com.es\/es\/politica-de-cookies\/","og_site_name":"Plan Antifraude","article_modified_time":"2022-03-09T10:19:48+00:00","twitter_card":"summary_large_image","twitter_misc":{"Tiempo de lectura":"3 minutos"},"schema":{"@context":"https:\/\/schema.org","@graph":[{"@type":"WebPage","@id":"https:\/\/www.planantifraude.com.es\/es\/politica-de-cookies\/","url":"https:\/\/www.planantifraude.com.es\/es\/politica-de-cookies\/","name":"Pol\u00edtica de Cookies - Plan Antifraude","isPartOf":{"@id":"https:\/\/www.planantifraude.com.es\/es\/#website"},"datePublished":"2022-02-14T11:21:21+00:00","dateModified":"2022-03-09T10:19:48+00:00","breadcrumb":{"@id":"https:\/\/www.planantifraude.com.es\/es\/politica-de-cookies\/#breadcrumb"},"inLanguage":"es","potentialAction":[{"@type":"ReadAction","target":["https:\/\/www.planantifraude.com.es\/es\/politica-de-cookies\/"]}]},{"@type":"BreadcrumbList","@id":"https:\/\/www.planantifraude.com.es\/es\/politica-de-cookies\/#breadcrumb","itemListElement":[{"@type":"ListItem","position":1,"name":"Portada","item":"https:\/\/www.planantifraude.com.es\/es\/"},{"@type":"ListItem","position":2,"name":"Pol\u00edtica de Cookies"}]},{"@type":"WebSite","@id":"https:\/\/www.planantifraude.com.es\/es\/#website","url":"https:\/\/www.planantifraude.com.es\/es\/","name":"Plan Antifraude","description":"Just another WordPress site","publisher":{"@id":"https:\/\/www.planantifraude.com.es\/es\/#organization"},"potentialAction":[{"@type":"SearchAction","target":{"@type":"EntryPoint","urlTemplate":"https:\/\/www.planantifraude.com.es\/es\/?s={search_term_string}"},"query-input":"required name=search_term_string"}],"inLanguage":"es"},{"@type":"Organization","@id":"https:\/\/www.planantifraude.com.es\/es\/#organization","name":"Plan Antifraude Daleph","url":"https:\/\/www.planantifraude.com.es\/es\/","logo":{"@type":"ImageObject","inLanguage":"es","@id":"https:\/\/www.planantifraude.com.es\/es\/#\/schema\/logo\/image\/","url":"https:\/\/www.planantifraude.com.es\/wp-content\/uploads\/2022\/02\/Logo-Daleph-Antifraude-02.svg","contentUrl":"https:\/\/www.planantifraude.com.es\/wp-content\/uploads\/2022\/02\/Logo-Daleph-Antifraude-02.svg","width":"1024","height":"1024","caption":"Plan Antifraude Daleph"},"image":{"@id":"https:\/\/www.planantifraude.com.es\/es\/#\/schema\/logo\/image\/"}}]}},"_links":{"self":[{"href":"https:\/\/www.planantifraude.com.es\/es\/wp-json\/wp\/v2\/pages\/84","targetHints":{"allow":["GET"]}}],"collection":[{"href":"https:\/\/www.planantifraude.com.es\/es\/wp-json\/wp\/v2\/pages"}],"about":[{"href":"https:\/\/www.planantifraude.com.es\/es\/wp-json\/wp\/v2\/types\/page"}],"author":[{"embeddable":true,"href":"https:\/\/www.planantifraude.com.es\/es\/wp-json\/wp\/v2\/users\/1"}],"replies":[{"embeddable":true,"href":"https:\/\/www.planantifraude.com.es\/es\/wp-json\/wp\/v2\/comments?post=84"}],"version-history":[{"count":0,"href":"https:\/\/www.planantifraude.com.es\/es\/wp-json\/wp\/v2\/pages\/84\/revisions"}],"wp:attachment":[{"href":"https:\/\/www.planantifraude.com.es\/es\/wp-json\/wp\/v2\/media?parent=84"}],"curies":[{"name":"wp","href":"https:\/\/api.w.org\/{rel}","templated":true}]}}